{"id":3,"date":"2018-12-17T14:28:56","date_gmt":"2018-12-17T13:28:56","guid":{"rendered":"https:\/\/www.feuerwehr-liezen.at\/2018\/?page_id=3"},"modified":"2019-03-18T13:57:09","modified_gmt":"2019-03-18T12:57:09","slug":"datenschutzerklaerung","status":"publish","type":"page","link":"https:\/\/www.feuerwehr-liezen.at\/2018\/datenschutzerklaerung\/","title":{"rendered":"Datenschutzerkl\u00e4rung"},"content":{"rendered":"\t\t<div data-elementor-type=\"wp-post\" data-elementor-id=\"3\" class=\"elementor elementor-3\" data-elementor-settings=\"{&quot;element_pack_global_tooltip_width&quot;:{&quot;unit&quot;:&quot;px&quot;,&quot;size&quot;:&quot;&quot;,&quot;sizes&quot;:[]},&quot;element_pack_global_tooltip_width_tablet&quot;:{&quot;unit&quot;:&quot;px&quot;,&quot;size&quot;:&quot;&quot;,&quot;sizes&quot;:[]},&quot;element_pack_global_tooltip_width_mobile&quot;:{&quot;unit&quot;:&quot;px&quot;,&quot;size&quot;:&quot;&quot;,&quot;sizes&quot;:[]},&quot;element_pack_global_tooltip_padding&quot;:{&quot;unit&quot;:&quot;px&quot;,&quot;top&quot;:&quot;&quot;,&quot;right&quot;:&quot;&quot;,&quot;bottom&quot;:&quot;&quot;,&quot;left&quot;:&quot;&quot;,&quot;isLinked&quot;:true},&quot;element_pack_global_tooltip_padding_tablet&quot;:{&quot;unit&quot;:&quot;px&quot;,&quot;top&quot;:&quot;&quot;,&quot;right&quot;:&quot;&quot;,&quot;bottom&quot;:&quot;&quot;,&quot;left&quot;:&quot;&quot;,&quot;isLinked&quot;:true},&quot;element_pack_global_tooltip_padding_mobile&quot;:{&quot;unit&quot;:&quot;px&quot;,&quot;top&quot;:&quot;&quot;,&quot;right&quot;:&quot;&quot;,&quot;bottom&quot;:&quot;&quot;,&quot;left&quot;:&quot;&quot;,&quot;isLinked&quot;:true},&quot;element_pack_global_tooltip_border_radius&quot;:{&quot;unit&quot;:&quot;px&quot;,&quot;top&quot;:&quot;&quot;,&quot;right&quot;:&quot;&quot;,&quot;bottom&quot;:&quot;&quot;,&quot;left&quot;:&quot;&quot;,&quot;isLinked&quot;:true},&quot;element_pack_global_tooltip_border_radius_tablet&quot;:{&quot;unit&quot;:&quot;px&quot;,&quot;top&quot;:&quot;&quot;,&quot;right&quot;:&quot;&quot;,&quot;bottom&quot;:&quot;&quot;,&quot;left&quot;:&quot;&quot;,&quot;isLinked&quot;:true},&quot;element_pack_global_tooltip_border_radius_mobile&quot;:{&quot;unit&quot;:&quot;px&quot;,&quot;top&quot;:&quot;&quot;,&quot;right&quot;:&quot;&quot;,&quot;bottom&quot;:&quot;&quot;,&quot;left&quot;:&quot;&quot;,&quot;isLinked&quot;:true}}\" data-elementor-post-type=\"page\">\n\t\t\t\t\t\t<section class=\"elementor-section elementor-top-section elementor-element elementor-element-922b247 elementor-section-boxed elementor-section-height-default elementor-section-height-default\" data-id=\"922b247\" data-element_type=\"section\" data-e-type=\"section\">\n\t\t\t\t\t\t<div class=\"elementor-container elementor-column-gap-default\">\n\t\t\t\t\t<div class=\"elementor-column elementor-col-100 elementor-top-column elementor-element elementor-element-6b70cd16\" data-id=\"6b70cd16\" data-element_type=\"column\" data-e-type=\"column\">\n\t\t\t<div class=\"elementor-widget-wrap elementor-element-populated\">\n\t\t\t\t\t\t<div class=\"elementor-element elementor-element-29fe61e6 elementor-widget elementor-widget-text-editor\" data-id=\"29fe61e6\" data-element_type=\"widget\" data-e-type=\"widget\" data-widget_type=\"text-editor.default\">\n\t\t\t\t<div class=\"elementor-widget-container\">\n\t\t\t\t\t\t\t\t\t<p>Medieninhaber:<\/p><p><b>FF Liezen-Stadt<\/b><br \/>K\u00f6rperschaft \u00d6ffentlichen Rechtes<\/p><p>D\u00f6llacher Stra\u00dfe 12<\/p><p>8940 Liezen<\/p><p><strong>\u00a0<\/strong><\/p><p><strong>Zielsetzung<\/strong><\/p><p>Zielsetzung von www.feuerwehr-liezen.at\u00a0ist die Verbesserung des \u00f6ffentlichen Zugangs zu Informationen \u00fcber Aufgabenbereiche, Einsatz- und Sachgebietsberichten sowie Veranstaltungen der Feuerwehr Liezen-Stadt. In ihrer grundlegenden Ausrichtung will die Website die Aufmerksamkeit der \u00d6ffentlichkeit f\u00fcr feuerwehrelevante Themen erh\u00f6hen und dient daher vor allem dem Aspekt der Information und dem Service f\u00fcr die Feuerwehren sowie der interessierten \u00d6ffentlichkeit.<\/p><p>\u00a0<\/p><p><strong>1. Haftungsbeschr\u00e4nkung<\/strong><\/p><p>Die auf den Internetseiten der FF Liezen-Stadt (im Folgenden Betreiber genannt) dargestellten Inhalte dienen, trotz eingehender Recherche und Aufarbeitung, lediglich zur breiten Information. Die Inhalte werden mit gr\u00f6\u00dftm\u00f6glicher Sorgfalt erstellt. Der Betreiber \u00fcbernimmt jedoch keine Gew\u00e4hr bzw. Haftung f\u00fcr die Richtigkeit, Vollst\u00e4ndigkeit und Aktualit\u00e4t der bereitgestellten Inhalte. Soweit Fehler und Irrt\u00fcmer bekannt werden, werden diese so schnell wie m\u00f6glich korrigiert. Die Nutzung der Inhalte der Website erfolgt auf eigene Gefahr des Nutzers. Namentlich gekennzeichnete Beitr\u00e4ge bringen die Meinung des jeweiligen Autors zum Ausdruck und m\u00fcssen daher nicht immer die Meinung des Betreibers zum Ausdruck bringen. Mit der Nutzung der Website des Betreibers kommt keinerlei Vertragsverh\u00e4ltnis zwischen Nutzer und Betreiber zustande.<\/p><p>\u00a0<\/p><p><strong>2. Externe Links<\/strong><\/p><p>Diese Website enth\u00e4lt Verkn\u00fcpfungen zu Websites Dritter (&#8222;externe Links&#8220;). Diese Websites unterliegen der Haftung der jeweiligen Betreiber. Der Anbieter hat bei der erstmaligen Verkn\u00fcpfung der externen Links die fremden Inhalte daraufhin \u00fcberpr\u00fcft, ob etwaige Rechtsverst\u00f6\u00dfe bestehen. Zu dem Zeitpunkt waren keine Rechtsverst\u00f6\u00dfe ersichtlich. Der Anbieter hat keinerlei Einfluss auf die aktuelle und zuk\u00fcnftige Gestaltung und auf die Inhalte der verkn\u00fcpften Seiten. Das Setzen von externen Links bedeutet nicht, dass sich der Anbieter die hinter dem Verweis oder Link liegenden Inhalte zu Eigen macht. Eine st\u00e4ndige Kontrolle der externen Links ist f\u00fcr den Anbieter ohne konkrete Hinweise auf Rechtsverst\u00f6\u00dfe nicht zumutbar. Bei Kenntnis von Rechtsverst\u00f6\u00dfen werden jedoch derartige externe Links unverz\u00fcglich gel\u00f6scht. Weiters erkl\u00e4rt sich der Betreiber als nicht verantwortlich f\u00fcr den externen Inhalt von Internetseiten, auf die in Beitr\u00e4gen mit einem Link verwiesen wird.<\/p><p><strong>\u00a0<\/strong><\/p><p><strong>3. Urheber- und Leistungsschutzrechte<\/strong><\/p><p>Die in diesem Internet-Angebot ver\u00f6ffentlichten Beitr\u00e4ge und Fotos sind urheberrechtlich gesch\u00fctzt. Jede daraus resultierende nicht zugelassene Verwertung bedarf der vorherigen schriftlichen Zustimmung des Betreibers oder des jeweiligen Rechteinhabers. Dies gilt insbesondere f\u00fcr Download, Vervielf\u00e4ltigung, Bearbeitung, \u00dcbersetzung, Einspeicherung, Verarbeitung bzw. Wiedergabe von Inhalten in Datenbanken oder anderen elektronischen Medien und Systemen. Inhalte und Rechte Dritter sind dabei als solche gekennzeichnet. Die unerlaubte Vervielf\u00e4ltigung oder Weitergabe einzelner Inhalte oder kompletter Seiten ist nicht gestattet und strafbar. Lediglich die Herstellung von Kopien und Downloads f\u00fcr den pers\u00f6nlichen, privaten und nicht \u00f6ffentlichen bzw. kommerziellen Gebrauch ist erlaubt. Die Darstellung dieser Website in fremden Frames ist nur mit schriftlicher Erlaubnis zul\u00e4ssig.<\/p><p>\u00a0<\/p><p><strong>4. Datenschutz<\/strong><\/p><p>Durch den Besuch der Website des Betreibers k\u00f6nnen Informationen \u00fcber den Zugriff (Datum, Uhrzeit, betrachtete Seite) gespeichert werden. Diese Daten geh\u00f6ren nicht zu den personenbezogenen Daten, sondern sind anonymisiert. Sie werden ausschlie\u00dflich zu statistischen Zwecken ausgewertet. Eine Weitergabe an Dritte, zu kommerziellen oder nichtkommerziellen Zwecken, findet nicht statt. Der Anbieter weist ausdr\u00fccklich darauf hin, dass die Daten\u00fcbertragung im Internet (z.B. bei der Kommunikation per E-Mail) Sicherheitsl\u00fccken aufweisen und nicht l\u00fcckenlos vor dem Zugriff durch Dritte gesch\u00fctzt werden kann. Die Verwendung der Kontaktdaten des Impressums oder in anderen Seiten angef\u00fchrten Kontaktdaten zur gewerblichen Werbung ist ausdr\u00fccklich nicht erw\u00fcnscht, es sei denn, der Betreiber hatte zuvor seine schriftliche Einwilligung erteilt oder es besteht bereits eine Gesch\u00e4ftsbeziehung. Der Betreiber und alle auf dieser Website genannten Personen widersprechen hiermit jeder kommerziellen Verwendung und Weitergabe ihrer Daten.<\/p><p>\u00a0<\/p><p><strong>Besondere Nutzungsbedingungen<\/strong><\/p><p>Soweit besondere Bedingungen f\u00fcr einzelne Nutzungen dieser Website von den vorgenannten Ausf\u00fchrungen in den Punkten 1-4 abweichen, wird an entsprechender Stelle ausdr\u00fccklich darauf hingewiesen. In diesem Falle gelten im jeweiligen Einzelfall die besonderen Nutzungsbedingungen.<\/p><p>Alle Rechte bleiben dem Betreiber vorbehalten.<\/p><p>\u00a0<\/p><h3 class=\"bodytext\">Impressum f\u00fcr Social Media Kan\u00e4le der FF Liezen-Stadt<\/h3><p>Betreiber der Social Media Kan\u00e4le<br \/>Facebook: facebook.com\/ffliezenstadt<\/p><p>\u00a0<\/p><p><strong>Zielsetzung<\/strong><\/p><p>Zielsetzung der Verwendung von Social Media Kan\u00e4len ist die Verbesserung des \u00f6ffentlichen Zugangs zu Informationen \u00fcber Aufgabenbereiche, Einsatz- und Sachgebietsberichten sowie Veranstaltungen des Landesfeuerwehrverbandes Steiermark. In ihrer grundlegenden Ausrichtung sollen die SoMe-Kan\u00e4le die Aufmerksamkeit der \u00d6ffentlichkeit f\u00fcr feuerwehrelevante Themen erh\u00f6hen und dienen daher vor allem dem Aspekt der Information und dem Service f\u00fcr die Feuerwehren sowie der interessierten \u00d6ffentlichkeit.<\/p><p><strong>1. Haftungsbeschr\u00e4nkungen<\/strong><\/p><p>1.1 Die in den SoMe-Kan\u00e4len der FF Liezen-Stadt (im Folgenden Betreiber genannt) dargestellten Inhalte dienen, trotz eingehender Recherche und Aufarbeitung, lediglich zur breiten Information. Die Inhalte werden mit gr\u00f6\u00dftm\u00f6glicher Sorgfalt erstellt. Der Betreiber \u00fcbernimmt jedoch keine Gew\u00e4hr bzw. Haftung f\u00fcr die Richtigkeit, Vollst\u00e4ndigkeit und Aktualit\u00e4t der bereitgestellten Inhalte. Soweit Fehler und Irrt\u00fcmer bekannt werden, werden diese so schnell wie m\u00f6glich korrigiert.<\/p><p>1.2 SoMe-Kan\u00e4le und Foren basieren auf dem demokratischen Prinzip der freien Meinungs\u00e4u\u00dferung von Usern. Der Betreiber weist jedoch explizit darauf hin, dass jeder User selbst f\u00fcr die von ihm erstellten, ver\u00f6ffentlichten und verbreiteten Inhalte (Texte, Bild, Ton, Videos, Daten, Links etc.) verantwortlich ist. User halten den Betreiber aus seinem Verantwortungsbereich (bei z. B. Ver\u00f6ffentlichung von Content) vollkommen schad- und klaglos; dies umfasst auch jede Form von Anwaltskosten.<\/p><p>1.3 Die Nutzung und Weiterverbreitung von Inhalten des Betreibers erfolgt ausschlie\u00dflich auf eigene Gefahr des Nutzers. Namentlich gekennzeichnete Beitr\u00e4ge bringen die Meinung des jeweiligen Autors zum Ausdruck und m\u00fcssen daher nicht immer die Meinung des Betreibers zum Ausdruck bringen. Mit der Nutzung der SoMe-Kan\u00e4le des Betreibers kommt keinerlei Vertragsverh\u00e4ltnis zwischen Nutzer und Betreiber zustande.<\/p><p>1.4 Der Betreiber der BFV SoMe-Kan\u00e4le verbietet jedwede Art von Beitr\u00e4gen oder Kommentaren, die gegen privat-, straf- oder andere rechtliche Bestimmungen in \u00d6sterreich bzw. gegen die guten Sitten versto\u00dfen. Sofern der Betreiber davon Kenntnis erh\u00e4lt, werden Inhalte dieser Art sofort gel\u00f6scht bzw. zur Anzeige gebracht. Dazu z\u00e4hlen unter anderem, jedoch nicht abschlie\u00dfend genannt, Kommentare bzw. Inhalte mit pornografischem, nationalsozialistischem, rassistischem oder jedwede andere Art von sonstigen diskriminierenden und diskreditierenden Inhalten. Im Speziellen werden pers\u00f6nliche Angriffe und Beleidigungen in Kommentaren bzw. Inhalten, die auf Rasse, Herkunft, Religionszugeh\u00f6rigkeit, Geschlecht, sexuelle Orientierung, eine Behinderung oder sonstigen \u00e4hnlichen Unterschieden abzielen, vom Betreiber nicht geduldet.<\/p><p>1.5 Der Betreiber untersagt ausdr\u00fccklich, \u00fcber seine SoMe-Kan\u00e4le Content zu verbreiten, mit denen zum Hass gegen Teile der Bev\u00f6lkerung aufgerufen wird oder mit denen Propaganda f\u00fcr eine verfassungsfeindliche Organisation betrieben wird.<\/p><p>1.6 User k\u00f6nnen den Betreiber der SoMe-Kan\u00e4le jederzeit \u00fcber jede Form der Verletzung der Nutzungsbedingungen per E-Mail an <span id=\"cloakad31f719f12a2d1dd24c5ed8a2ecf15a\"><a href=\"mailto:kdo037@bfvli.steiermark.at\">kdo037@bfvli.steiermark.at<\/a><\/span>\u00a0informieren.<\/p><p>1.7 Der Betreiber der Fanpage beh\u00e4lt sich ausdr\u00fccklich vor, User zu blockieren und zu melden sowie Beitr\u00e4ge zu l\u00f6schen, deren Content gegen allgemeine Anstandsregeln verst\u00f6\u00dft.<\/p><p>1.8 Der Betreiber der SoMe-Kan\u00e4le ist praktisch nicht in der Lage dazu, jedes Verhalten, jede Kommunikation oder jede andere Form von Content, welche(r) verletzend sein k\u00f6nnen\/sein kann, vor deren Verbreitung in den SoMe-Kan\u00e4len des Betreibers zu beschr\u00e4nken. Auch kann der Betreiber weder die teilweise noch die vollst\u00e4ndige Entfernung von Inhalten, die verletzen oder verletzen k\u00f6nnen, nach der Ver\u00f6ffentlichung in den SoMe-Kan\u00e4len des BFV garantieren. Dementsprechend haftet der Betreiber f\u00fcr irgendeine Handlung oder ein Unterlassen im Hinblick auf Verhalten, Kommunikation oder Content in dessen SoMe-Kan\u00e4len nicht.<\/p><p>\u00a0<\/p><p><strong>2. Externe Links<\/strong><\/p><p>Inhalte der SoMe-Kan\u00e4le des Betreibers k\u00f6nnen Verkn\u00fcpfungen zu Websites, Fanpages Dritter etc. (&#8222;externe Links&#8220;) enthalten. Diese unterliegen der Haftung der jeweiligen Betreiber. Der Anbieter hat bei der erstmaligen Verkn\u00fcpfung der externen Links die fremden Inhalte daraufhin \u00fcberpr\u00fcft, ob etwaige Rechtsverst\u00f6\u00dfe bestehen. Zu dem Zeitpunkt waren keine Rechtsverst\u00f6\u00dfe ersichtlich. Der Anbieter hat keinerlei Einfluss auf die aktuelle und zuk\u00fcnftige Gestaltung und auf die Inhalte der verkn\u00fcpften Seiten. Das Setzen von externen Links bedeutet nicht, dass sich der Anbieter die hinter dem Verweis oder Link liegenden Inhalte zu eigen macht. Eine st\u00e4ndige Kontrolle der externen Links ist f\u00fcr den Anbieter ohne konkrete Hinweise auf Rechtsverst\u00f6\u00dfe nicht zumutbar. Bei Kenntnis von Rechtsverst\u00f6\u00dfen werden jedoch derartige externe Links unverz\u00fcglich gel\u00f6scht. Weiters erkl\u00e4rt sich der Betreiber als nicht verantwortlich f\u00fcr den externen Inhalt von Internetseiten, SoMe-Kan\u00e4len Kan\u00e4len oder Foren, auf die in Beitr\u00e4gen oder Content mit einem Link verwiesen wird.<\/p><p><strong>\u00a0<\/strong><\/p><p><strong>3. Urheber- und Leistungsschutzrechte<\/strong><\/p><p>Die in den SoMe-Kan\u00e4len des Betreibers ver\u00f6ffentlichten Beitr\u00e4ge und Fotos sind urheberrechtlich gesch\u00fctzt. Jede daraus resultierende nicht zugelassene Verwertung bedarf der vorherigen schriftlichen Zustimmung des Betreibers oder des jeweiligen Rechteinhabers. Dies gilt insbesondere f\u00fcr Download, Vervielf\u00e4ltigung, Bearbeitung, \u00dcbersetzung, Einspeicherung, Verarbeitung bzw. Wiedergabe von Inhalten in Datenbanken oder anderen elektronischen Medien und Systemen. Inhalte und Rechte Dritter sind dabei als solche gekennzeichnet. Die unerlaubte Vervielf\u00e4ltigung oder Weitergabe einzelner Inhalte oder kompletter Seiten ist nicht gestattet und strafbar. Lediglich die Herstellung von Kopien und Downloads f\u00fcr den pers\u00f6nlichen, privaten und nicht \u00f6ffentlichen bzw. kommerziellen Gebrauch ist erlaubt. Die Darstellung dieser Website in fremden Frames ist nur mit schriftlicher Erlaubnis zul\u00e4ssig.<\/p><p>\u00a0<\/p><p><strong>4. Datenschutz<\/strong><\/p><p>Durch den Besuch der SoMe-Kan\u00e4le des Betreibers k\u00f6nnen Informationen \u00fcber den Zugriff (Datum, Uhrzeit, betrachtete Seite) gespeichert werden. Diese Daten geh\u00f6ren nicht zu den personenbezogenen Daten, sondern sind anonymisiert. Sie werden ausschlie\u00dflich zu statistischen Zwecken ausgewertet. Eine Weitergabe an Dritte, zu kommerziellen oder nichtkommerziellen Zwecken, findet nicht statt. Der Anbieter weist ausdr\u00fccklich darauf hin, dass die Daten\u00fcbertragung im Internet (z.B. bei der Kommunikation per E-Mail) Sicherheitsl\u00fccken aufweisen und nicht l\u00fcckenlos vor dem Zugriff durch Dritte gesch\u00fctzt werden kann. Die Verwendung der Kontaktdaten des Impressums oder in anderen Seiten angef\u00fchrten Kontaktdaten zur gewerblichen Werbung ist ausdr\u00fccklich nicht erw\u00fcnscht, es sei denn, der Betreiber hatte zuvor seine schriftliche Einwilligung erteilt oder es besteht bereits eine Gesch\u00e4ftsbeziehung. Der Betreiber und alle auf dieser Website bzw. SoMe-Kan\u00e4len genannten Personen widersprechen hiermit jeder kommerziellen Verwendung und Weitergabe ihrer Daten.<\/p><p>\u00a0<\/p><p><strong>Besondere Nutzungsbedingungen<\/strong><\/p><p>Das Impressum kann von Zeit zu Zeit aktualisiert werden, ohne dass jeder einzelne User hier\u00fcber gesondert in Kenntnis gesetzt wird. Soweit besondere Bedingungen f\u00fcr einzelne Nutzungen dieser Fanpage von den vorgenannten Ausf\u00fchrungen in den Punkten 1-4 abweichen, kann auch an anderer Stelle darauf hingewiesen werden. In diesem Falle gelten im jeweiligen Einzelfall die besonderen Nutzungsbedingungen. Alle Rechte bleiben dem Betreiber vorbehalten.<\/p>\t\t\t\t\t\t\t\t<\/div>\n\t\t\t\t<\/div>\n\t\t\t\t\t<\/div>\n\t\t<\/div>\n\t\t\t\t\t<\/div>\n\t\t<\/section>\n\t\t\t\t<\/div>\n\t\t","protected":false},"excerpt":{"rendered":"<p>Medieninhaber: FF Liezen-StadtK\u00f6rperschaft \u00d6ffentlichen Rechtes D\u00f6llacher Stra\u00dfe 12 8940 Liezen \u00a0 Zielsetzung Zielsetzung von www.feuerwehr-liezen.at\u00a0ist die Verbesserung des \u00f6ffentlichen Zugangs zu Informationen \u00fcber Aufgabenbereiche, Einsatz- und Sachgebietsberichten sowie Veranstaltungen der Feuerwehr Liezen-Stadt. In ihrer grundlegenden Ausrichtung will die Website die Aufmerksamkeit der \u00d6ffentlichkeit f\u00fcr feuerwehrelevante Themen erh\u00f6hen und dient daher vor allem dem Aspekt der [&hellip;]<\/p>\n","protected":false},"author":1,"featured_media":0,"parent":0,"menu_order":0,"comment_status":"closed","ping_status":"closed","template":"elementor_header_footer","meta":{"_acf_changed":false,"footnotes":""},"class_list":["post-3","page","type-page","status-publish","hentry"],"acf":[],"_links":{"self":[{"href":"https:\/\/www.feuerwehr-liezen.at\/2018\/wp-json\/wp\/v2\/pages\/3","targetHints":{"allow":["GET"]}}],"collection":[{"href":"https:\/\/www.feuerwehr-liezen.at\/2018\/wp-json\/wp\/v2\/pages"}],"about":[{"href":"https:\/\/www.feuerwehr-liezen.at\/2018\/wp-json\/wp\/v2\/types\/page"}],"author":[{"embeddable":true,"href":"https:\/\/www.feuerwehr-liezen.at\/2018\/wp-json\/wp\/v2\/users\/1"}],"replies":[{"embeddable":true,"href":"https:\/\/www.feuerwehr-liezen.at\/2018\/wp-json\/wp\/v2\/comments?post=3"}],"version-history":[{"count":4,"href":"https:\/\/www.feuerwehr-liezen.at\/2018\/wp-json\/wp\/v2\/pages\/3\/revisions"}],"predecessor-version":[{"id":2848,"href":"https:\/\/www.feuerwehr-liezen.at\/2018\/wp-json\/wp\/v2\/pages\/3\/revisions\/2848"}],"wp:attachment":[{"href":"https:\/\/www.feuerwehr-liezen.at\/2018\/wp-json\/wp\/v2\/media?parent=3"}],"curies":[{"name":"wp","href":"https:\/\/api.w.org\/{rel}","templated":true}]}}