{"id":2912,"date":"2019-03-19T09:13:59","date_gmt":"2019-03-19T08:13:59","guid":{"rendered":"https:\/\/www.feuerwehr-liezen.at\/2018\/?page_id=2912"},"modified":"2019-04-07T22:06:39","modified_gmt":"2019-04-07T20:06:39","slug":"abschnitt-liezen","status":"publish","type":"page","link":"https:\/\/www.feuerwehr-liezen.at\/2018\/abschnitt-liezen\/","title":{"rendered":"Abschnitt Liezen"},"content":{"rendered":"\t\t<div data-elementor-type=\"wp-post\" data-elementor-id=\"2912\" class=\"elementor elementor-2912\" data-elementor-settings=\"{&quot;element_pack_global_tooltip_width&quot;:{&quot;unit&quot;:&quot;px&quot;,&quot;size&quot;:&quot;&quot;,&quot;sizes&quot;:[]},&quot;element_pack_global_tooltip_width_tablet&quot;:{&quot;unit&quot;:&quot;px&quot;,&quot;size&quot;:&quot;&quot;,&quot;sizes&quot;:[]},&quot;element_pack_global_tooltip_width_mobile&quot;:{&quot;unit&quot;:&quot;px&quot;,&quot;size&quot;:&quot;&quot;,&quot;sizes&quot;:[]},&quot;element_pack_global_tooltip_padding&quot;:{&quot;unit&quot;:&quot;px&quot;,&quot;top&quot;:&quot;&quot;,&quot;right&quot;:&quot;&quot;,&quot;bottom&quot;:&quot;&quot;,&quot;left&quot;:&quot;&quot;,&quot;isLinked&quot;:true},&quot;element_pack_global_tooltip_padding_tablet&quot;:{&quot;unit&quot;:&quot;px&quot;,&quot;top&quot;:&quot;&quot;,&quot;right&quot;:&quot;&quot;,&quot;bottom&quot;:&quot;&quot;,&quot;left&quot;:&quot;&quot;,&quot;isLinked&quot;:true},&quot;element_pack_global_tooltip_padding_mobile&quot;:{&quot;unit&quot;:&quot;px&quot;,&quot;top&quot;:&quot;&quot;,&quot;right&quot;:&quot;&quot;,&quot;bottom&quot;:&quot;&quot;,&quot;left&quot;:&quot;&quot;,&quot;isLinked&quot;:true},&quot;element_pack_global_tooltip_border_radius&quot;:{&quot;unit&quot;:&quot;px&quot;,&quot;top&quot;:&quot;&quot;,&quot;right&quot;:&quot;&quot;,&quot;bottom&quot;:&quot;&quot;,&quot;left&quot;:&quot;&quot;,&quot;isLinked&quot;:true},&quot;element_pack_global_tooltip_border_radius_tablet&quot;:{&quot;unit&quot;:&quot;px&quot;,&quot;top&quot;:&quot;&quot;,&quot;right&quot;:&quot;&quot;,&quot;bottom&quot;:&quot;&quot;,&quot;left&quot;:&quot;&quot;,&quot;isLinked&quot;:true},&quot;element_pack_global_tooltip_border_radius_mobile&quot;:{&quot;unit&quot;:&quot;px&quot;,&quot;top&quot;:&quot;&quot;,&quot;right&quot;:&quot;&quot;,&quot;bottom&quot;:&quot;&quot;,&quot;left&quot;:&quot;&quot;,&quot;isLinked&quot;:true}}\" data-elementor-post-type=\"page\">\n\t\t\t\t\t\t<section class=\"elementor-section elementor-top-section elementor-element elementor-element-a7e9322 elementor-section-boxed elementor-section-height-default elementor-section-height-default\" data-id=\"a7e9322\" data-element_type=\"section\" data-e-type=\"section\">\n\t\t\t\t\t\t<div class=\"elementor-container elementor-column-gap-default\">\n\t\t\t\t\t<div class=\"elementor-column elementor-col-100 elementor-top-column elementor-element elementor-element-a7de369\" data-id=\"a7de369\" data-element_type=\"column\" data-e-type=\"column\">\n\t\t\t<div class=\"elementor-widget-wrap\">\n\t\t\t\t\t\t\t<\/div>\n\t\t<\/div>\n\t\t\t\t\t<\/div>\n\t\t<\/section>\n\t\t\t\t<section class=\"elementor-section elementor-top-section elementor-element elementor-element-f8b27e0 elementor-section-boxed elementor-section-height-default elementor-section-height-default\" data-id=\"f8b27e0\" data-element_type=\"section\" data-e-type=\"section\">\n\t\t\t\t\t\t<div class=\"elementor-container elementor-column-gap-default\">\n\t\t\t\t\t<div class=\"elementor-column elementor-col-100 elementor-top-column elementor-element elementor-element-9fb4ea6\" data-id=\"9fb4ea6\" data-element_type=\"column\" data-e-type=\"column\">\n\t\t\t<div class=\"elementor-widget-wrap elementor-element-populated\">\n\t\t\t\t\t\t<div class=\"elementor-element elementor-element-c33fe14 elementor-widget elementor-widget-heading\" data-id=\"c33fe14\" data-element_type=\"widget\" data-e-type=\"widget\" data-widget_type=\"heading.default\">\n\t\t\t\t<div class=\"elementor-widget-container\">\n\t\t\t\t\t<h2 class=\"elementor-heading-title elementor-size-default\">Feuerwehrabschnitt A04 Liezen<\/h2>\t\t\t\t<\/div>\n\t\t\t\t<\/div>\n\t\t\t\t\t<\/div>\n\t\t<\/div>\n\t\t\t\t\t<\/div>\n\t\t<\/section>\n\t\t\t\t<section class=\"elementor-section elementor-top-section elementor-element elementor-element-10ee9dc elementor-section-boxed elementor-section-height-default elementor-section-height-default\" data-id=\"10ee9dc\" data-element_type=\"section\" data-e-type=\"section\">\n\t\t\t\t\t\t<div class=\"elementor-container elementor-column-gap-default\">\n\t\t\t\t\t<div class=\"elementor-column elementor-col-100 elementor-top-column elementor-element elementor-element-c64bd9e\" data-id=\"c64bd9e\" data-element_type=\"column\" data-e-type=\"column\">\n\t\t\t<div class=\"elementor-widget-wrap elementor-element-populated\">\n\t\t\t\t\t\t<div class=\"elementor-element elementor-element-d4c8478 elementor-widget elementor-widget-text-editor\" data-id=\"d4c8478\" data-element_type=\"widget\" data-e-type=\"widget\" data-widget_type=\"text-editor.default\">\n\t\t\t\t<div class=\"elementor-widget-container\">\n\t\t\t\t\t\t\t\t\t<p>Der Einsatzbereich der 6 Feuerwehren des Feuerwehrabschnittes Liezen, die in 3 Gemeinden organisiert sind, ist\u00a0<strong>170,46<\/strong> km\u00b2 gro\u00df. Es wohnen in diesem Gebiet knapp\u00a0<strong>10.000 Menschen<\/strong> in ca.\u00a0<strong>4.050 H\u00e4usern<\/strong> und es gibt mehr als\u00a0<strong>700\u00a0Betriebe<\/strong>.<\/p>\t\t\t\t\t\t\t\t<\/div>\n\t\t\t\t<\/div>\n\t\t\t\t\t<\/div>\n\t\t<\/div>\n\t\t\t\t\t<\/div>\n\t\t<\/section>\n\t\t\t\t<section class=\"elementor-section elementor-top-section elementor-element elementor-element-79893c2 elementor-section-boxed elementor-section-height-default elementor-section-height-default\" data-id=\"79893c2\" data-element_type=\"section\" data-e-type=\"section\">\n\t\t\t\t\t\t<div class=\"elementor-container elementor-column-gap-default\">\n\t\t\t\t\t<div class=\"elementor-column elementor-col-100 elementor-top-column elementor-element elementor-element-1473bd5\" data-id=\"1473bd5\" data-element_type=\"column\" data-e-type=\"column\">\n\t\t\t<div class=\"elementor-widget-wrap elementor-element-populated\">\n\t\t\t\t\t\t<div class=\"elementor-element elementor-element-2d0b23f elementor-widget elementor-widget-bdt-marker\" data-id=\"2d0b23f\" data-element_type=\"widget\" data-e-type=\"widget\" data-widget_type=\"bdt-marker.default\">\n\t\t\t\t<div class=\"elementor-widget-container\">\n\t\t\t\t\t\n\t\t\t<div class=\"bdt-marker-wrapper bdt-inline bdt-dark\" id=\"bdt-marker-2d0b23f\" data-bdt-lightbox=\"toggle: .bdt-marker-lightbox-item; animation: slide;\">\n\n\t\t\t\t<img fetchpriority=\"high\" decoding=\"async\" width=\"1024\" height=\"568\" src=\"https:\/\/www.feuerwehr-liezen.at\/2018\/wp-content\/uploads\/2019\/03\/abschnitt-1024x568.png\" class=\"attachment-large size-large wp-image-2867\" alt=\"\" srcset=\"https:\/\/www.feuerwehr-liezen.at\/2018\/wp-content\/uploads\/2019\/03\/abschnitt-1024x568.png 1024w, https:\/\/www.feuerwehr-liezen.at\/2018\/wp-content\/uploads\/2019\/03\/abschnitt-300x166.png 300w, https:\/\/www.feuerwehr-liezen.at\/2018\/wp-content\/uploads\/2019\/03\/abschnitt-768x426.png 768w, https:\/\/www.feuerwehr-liezen.at\/2018\/wp-content\/uploads\/2019\/03\/abschnitt.png 1530w\" sizes=\"(max-width: 1024px) 100vw, 1024px\" \/>\t\t\t\t\t<a class=\"bdt-marker-item bdt-position-absolute bdt-marker bdt-icon elementor-repeater-item-0fa8d74 bdt-tippy-tooltip\" data-tippy-content=\"BTF Maschinenfabrik Liezen\" target=\"_self\" href=\"javascript:void(0);\" data-tippy=\"\" data-tippy-placement=\"bottom\" data-tippy-animation=\"shift-toward\" data-tippy-arrow=\"true\" data-tippy-trigger=\"mouseenter focus\">\n\n\t\t\t\t\t\t\t\t\t\t\t\t\t\t\t\t\t\t\t\t\t<svg width=\"20\" height=\"20\" viewBox=\"0 0 20 20\" xmlns=\"http:\/\/www.w3.org\/2000\/svg\" data-svg=\"marker\">\n\t\t\t\t\t\t\t\t\t<rect x=\"9\" y=\"4\" width=\"1\" height=\"11\"><\/rect>\n\t\t\t\t\t\t\t\t\t<rect x=\"4\" y=\"9\" width=\"11\" height=\"1\"><\/rect>\n\t\t\t\t\t\t\t\t<\/svg>\n\t\t\t\t\t\t\t\n\t\t\t\t\t<\/a>\n\t\t\t\t\t\t\t\t\t\t<a class=\"bdt-marker-item bdt-position-absolute bdt-marker bdt-icon elementor-repeater-item-f03d4e1 bdt-tippy-tooltip\" data-tippy-content=\"FF W\u00f6rschach\" target=\"_self\" href=\"javascript:void(0);\" data-tippy=\"\" data-tippy-placement=\"top\" data-tippy-animation=\"shift-toward\" data-tippy-arrow=\"true\" data-tippy-trigger=\"mouseenter focus\">\n\n\t\t\t\t\t\t\t\t\t\t\t\t\t\t\t\t\t\t\t\t\t<svg width=\"20\" height=\"20\" viewBox=\"0 0 20 20\" xmlns=\"http:\/\/www.w3.org\/2000\/svg\" data-svg=\"marker\">\n\t\t\t\t\t\t\t\t\t<rect x=\"9\" y=\"4\" width=\"1\" height=\"11\"><\/rect>\n\t\t\t\t\t\t\t\t\t<rect x=\"4\" y=\"9\" width=\"11\" height=\"1\"><\/rect>\n\t\t\t\t\t\t\t\t<\/svg>\n\t\t\t\t\t\t\t\n\t\t\t\t\t<\/a>\n\t\t\t\t\t\t\t\t\t\t<a class=\"bdt-marker-item bdt-position-absolute bdt-marker bdt-icon elementor-repeater-item-4e55c3f bdt-tippy-tooltip\" data-tippy-content=\"FF Liezen-Stadt\" target=\"_self\" href=\"javascript:void(0);\" data-tippy=\"\" data-tippy-placement=\"top\" data-tippy-animation=\"shift-toward\" data-tippy-arrow=\"true\" data-tippy-trigger=\"mouseenter focus\">\n\n\t\t\t\t\t\t\t\t\t\t\t\t\t\t\t\t\t\t\t\t\t<svg width=\"20\" height=\"20\" viewBox=\"0 0 20 20\" xmlns=\"http:\/\/www.w3.org\/2000\/svg\" data-svg=\"marker\">\n\t\t\t\t\t\t\t\t\t<rect x=\"9\" y=\"4\" width=\"1\" height=\"11\"><\/rect>\n\t\t\t\t\t\t\t\t\t<rect x=\"4\" y=\"9\" width=\"11\" height=\"1\"><\/rect>\n\t\t\t\t\t\t\t\t<\/svg>\n\t\t\t\t\t\t\t\n\t\t\t\t\t<\/a>\n\t\t\t\t\t\t\t\t\t\t<a class=\"bdt-marker-item bdt-position-absolute bdt-marker bdt-icon elementor-repeater-item-448c6d4 bdt-tippy-tooltip\" data-tippy-content=\"FF Weissenbach\/Liezen\" target=\"_self\" href=\"javascript:void(0);\" data-tippy=\"\" data-tippy-placement=\"top\" data-tippy-animation=\"shift-toward\" data-tippy-arrow=\"true\" data-tippy-trigger=\"mouseenter focus\">\n\n\t\t\t\t\t\t\t\t\t\t\t\t\t\t\t\t\t\t\t\t\t<svg width=\"20\" height=\"20\" viewBox=\"0 0 20 20\" xmlns=\"http:\/\/www.w3.org\/2000\/svg\" data-svg=\"marker\">\n\t\t\t\t\t\t\t\t\t<rect x=\"9\" y=\"4\" width=\"1\" height=\"11\"><\/rect>\n\t\t\t\t\t\t\t\t\t<rect x=\"4\" y=\"9\" width=\"11\" height=\"1\"><\/rect>\n\t\t\t\t\t\t\t\t<\/svg>\n\t\t\t\t\t\t\t\n\t\t\t\t\t<\/a>\n\t\t\t\t\t\t\t\t\t\t<a class=\"bdt-marker-item bdt-position-absolute bdt-marker bdt-icon elementor-repeater-item-70526d4 bdt-tippy-tooltip\" data-tippy-content=\"FF Pyhrn\" target=\"_self\" href=\"javascript:void(0);\" data-tippy=\"\" data-tippy-placement=\"top\" data-tippy-animation=\"shift-toward\" data-tippy-arrow=\"true\" data-tippy-trigger=\"mouseenter focus\">\n\n\t\t\t\t\t\t\t\t\t\t\t\t\t\t\t\t\t\t\t\t\t<svg width=\"20\" height=\"20\" viewBox=\"0 0 20 20\" xmlns=\"http:\/\/www.w3.org\/2000\/svg\" data-svg=\"marker\">\n\t\t\t\t\t\t\t\t\t<rect x=\"9\" y=\"4\" width=\"1\" height=\"11\"><\/rect>\n\t\t\t\t\t\t\t\t\t<rect x=\"4\" y=\"9\" width=\"11\" height=\"1\"><\/rect>\n\t\t\t\t\t\t\t\t<\/svg>\n\t\t\t\t\t\t\t\n\t\t\t\t\t<\/a>\n\t\t\t\t\t\t\t\t\t\t<a class=\"bdt-marker-item bdt-position-absolute bdt-marker bdt-icon elementor-repeater-item-6436f01 bdt-tippy-tooltip\" data-tippy-content=\"FF D\u00f6llach\" target=\"_self\" href=\"javascript:void(0);\" data-tippy=\"\" data-tippy-placement=\"top\" data-tippy-animation=\"shift-toward\" data-tippy-arrow=\"true\" data-tippy-trigger=\"mouseenter focus\">\n\n\t\t\t\t\t\t\t\t\t\t\t\t\t\t\t\t\t\t\t\t\t<svg width=\"20\" height=\"20\" viewBox=\"0 0 20 20\" xmlns=\"http:\/\/www.w3.org\/2000\/svg\" data-svg=\"marker\">\n\t\t\t\t\t\t\t\t\t<rect x=\"9\" y=\"4\" width=\"1\" height=\"11\"><\/rect>\n\t\t\t\t\t\t\t\t\t<rect x=\"4\" y=\"9\" width=\"11\" height=\"1\"><\/rect>\n\t\t\t\t\t\t\t\t<\/svg>\n\t\t\t\t\t\t\t\n\t\t\t\t\t<\/a>\n\t\t\t\t\t\n\t\t\t<\/div>\n\n\t\t\t\n\t\t\t\n\t\t\t\t\t\t<\/div>\n\t\t\t\t<\/div>\n\t\t\t\t\t<\/div>\n\t\t<\/div>\n\t\t\t\t\t<\/div>\n\t\t<\/section>\n\t\t\t\t<section class=\"elementor-section elementor-top-section elementor-element elementor-element-189bf2f elementor-section-boxed elementor-section-height-default elementor-section-height-default\" data-id=\"189bf2f\" data-element_type=\"section\" data-e-type=\"section\">\n\t\t\t\t\t\t<div class=\"elementor-container elementor-column-gap-default\">\n\t\t\t\t\t<div class=\"elementor-column elementor-col-16 elementor-top-column elementor-element elementor-element-8fb435c\" data-id=\"8fb435c\" data-element_type=\"column\" data-e-type=\"column\">\n\t\t\t<div class=\"elementor-widget-wrap elementor-element-populated\">\n\t\t\t\t\t\t<div class=\"elementor-element elementor-element-d64f1a2 elementor-widget elementor-widget-text-editor\" data-id=\"d64f1a2\" data-element_type=\"widget\" data-e-type=\"widget\" data-widget_type=\"text-editor.default\">\n\t\t\t\t<div class=\"elementor-widget-container\">\n\t\t\t\t\t\t\t\t\t<p><span class=\"bold\">FF D\u00f6llach<\/span> <br \/>Tel.: 03612 \/ 82344<br \/><a href=\"mailto:kdo.013@bfvli.steiermark.at\">E-Mail senden<\/a><\/p>\t\t\t\t\t\t\t\t<\/div>\n\t\t\t\t<\/div>\n\t\t\t\t\t<\/div>\n\t\t<\/div>\n\t\t\t\t<div class=\"elementor-column elementor-col-16 elementor-top-column elementor-element elementor-element-2a0309e\" data-id=\"2a0309e\" data-element_type=\"column\" data-e-type=\"column\">\n\t\t\t<div class=\"elementor-widget-wrap elementor-element-populated\">\n\t\t\t\t\t\t<div class=\"elementor-element elementor-element-2e993c5 elementor-widget elementor-widget-text-editor\" data-id=\"2e993c5\" data-element_type=\"widget\" data-e-type=\"widget\" data-widget_type=\"text-editor.default\">\n\t\t\t\t<div class=\"elementor-widget-container\">\n\t\t\t\t\t\t\t\t\t<p><span class=\"bold\">FF Liezen<\/span> <br \/>Tel.: 03612 \/ 23848<br \/>Fax: 03612 \/ 23848 &#8211; 31<br \/><a href=\"mailto:kdo.037@bfvli.steiermark.at\">E-Mail senden<\/a><\/p>\t\t\t\t\t\t\t\t<\/div>\n\t\t\t\t<\/div>\n\t\t\t\t\t<\/div>\n\t\t<\/div>\n\t\t\t\t<div class=\"elementor-column elementor-col-16 elementor-top-column elementor-element elementor-element-8190498\" data-id=\"8190498\" data-element_type=\"column\" data-e-type=\"column\">\n\t\t\t<div class=\"elementor-widget-wrap elementor-element-populated\">\n\t\t\t\t\t\t<div class=\"elementor-element elementor-element-2430e6b elementor-widget elementor-widget-text-editor\" data-id=\"2430e6b\" data-element_type=\"widget\" data-e-type=\"widget\" data-widget_type=\"text-editor.default\">\n\t\t\t\t<div class=\"elementor-widget-container\">\n\t\t\t\t\t\t\t\t\t<p><span class=\"bold\">FF Pyhrn<\/span> <br \/>Tel.: 03612 \/ 23122<br \/>Fax: 03612 \/ 23122<br \/><a href=\"mailto:kdo.050@bfvli.steiermark.at\">E-Mail senden<\/a><\/p>\t\t\t\t\t\t\t\t<\/div>\n\t\t\t\t<\/div>\n\t\t\t\t\t<\/div>\n\t\t<\/div>\n\t\t\t\t<div class=\"elementor-column elementor-col-16 elementor-top-column elementor-element elementor-element-c6ad610\" data-id=\"c6ad610\" data-element_type=\"column\" data-e-type=\"column\">\n\t\t\t<div class=\"elementor-widget-wrap elementor-element-populated\">\n\t\t\t\t\t\t<div class=\"elementor-element elementor-element-6cd55ec elementor-widget elementor-widget-text-editor\" data-id=\"6cd55ec\" data-element_type=\"widget\" data-e-type=\"widget\" data-widget_type=\"text-editor.default\">\n\t\t\t\t<div class=\"elementor-widget-container\">\n\t\t\t\t\t\t\t\t\t<p><span class=\"bold\">FF Weissenbach bei Liezen<\/span> <br \/>Tel.: 03612 \/ 25422<br \/>Fax: 03612 \/ 25422 &#8211; 14<br \/><a href=\"mailto:kdo.069@bfvli.steiermark.at\">E-Mail senden<\/a><\/p>\t\t\t\t\t\t\t\t<\/div>\n\t\t\t\t<\/div>\n\t\t\t\t\t<\/div>\n\t\t<\/div>\n\t\t\t\t<div class=\"elementor-column elementor-col-16 elementor-top-column elementor-element elementor-element-3ad2504\" data-id=\"3ad2504\" data-element_type=\"column\" data-e-type=\"column\">\n\t\t\t<div class=\"elementor-widget-wrap elementor-element-populated\">\n\t\t\t\t\t\t<div class=\"elementor-element elementor-element-b2b37ca elementor-widget elementor-widget-text-editor\" data-id=\"b2b37ca\" data-element_type=\"widget\" data-e-type=\"widget\" data-widget_type=\"text-editor.default\">\n\t\t\t\t<div class=\"elementor-widget-container\">\n\t\t\t\t\t\t\t\t\t<p><span class=\"bold\">FF W\u00f6rschach<\/span> <br \/>Tel.: 03682 \/ 22822<br \/>Fax: 03682 \/ 22822<br \/><a href=\"mailto:kdo.072@bfvli.steiermark.at\">E-Mail senden<\/a><\/p>\t\t\t\t\t\t\t\t<\/div>\n\t\t\t\t<\/div>\n\t\t\t\t\t<\/div>\n\t\t<\/div>\n\t\t\t\t<div class=\"elementor-column elementor-col-16 elementor-top-column elementor-element elementor-element-8f8fa4e\" data-id=\"8f8fa4e\" data-element_type=\"column\" data-e-type=\"column\">\n\t\t\t<div class=\"elementor-widget-wrap elementor-element-populated\">\n\t\t\t\t\t\t<div class=\"elementor-element elementor-element-0f80ed3 elementor-widget elementor-widget-text-editor\" data-id=\"0f80ed3\" data-element_type=\"widget\" data-e-type=\"widget\" data-widget_type=\"text-editor.default\">\n\t\t\t\t<div class=\"elementor-widget-container\">\n\t\t\t\t\t\t\t\t\t<p><span class=\"bold\">BTF Maschinenfabrik Liezen<\/span> <br \/>Tel.: 03612 \/ 270 &#8211; 1426<br \/>Fax: 03612 \/ 270 &#8211; 1567<br \/><a href=\"mailto:kdo.501@bfvli.steiermark.at\">E-Mail senden<\/a><\/p>\t\t\t\t\t\t\t\t<\/div>\n\t\t\t\t<\/div>\n\t\t\t\t\t<\/div>\n\t\t<\/div>\n\t\t\t\t\t<\/div>\n\t\t<\/section>\n\t\t\t\t<\/div>\n\t\t","protected":false},"excerpt":{"rendered":"<p>Feuerwehrabschnitt A04 Liezen Der Einsatzbereich der 6 Feuerwehren des Feuerwehrabschnittes Liezen, die in 3 Gemeinden organisiert sind, ist&nbsp;170,46 km\u00b2 gro\u00df. Es wohnen in diesem Gebiet knapp&nbsp;10.000 Menschen in ca.&nbsp;4.050 H\u00e4usern und es gibt mehr als&nbsp;700&nbsp;Betriebe. FF D\u00f6llach Tel.: 03612 \/ 82344 E-Mail senden FF Liezen Tel.: 03612 \/ 23848 Fax: 03612 \/ 23848 &#8211; 31 [&hellip;]<\/p>\n","protected":false},"author":1,"featured_media":0,"parent":0,"menu_order":0,"comment_status":"closed","ping_status":"closed","template":"","meta":{"_acf_changed":false,"footnotes":""},"class_list":["post-2912","page","type-page","status-publish","hentry"],"acf":[],"_links":{"self":[{"href":"https:\/\/www.feuerwehr-liezen.at\/2018\/wp-json\/wp\/v2\/pages\/2912","targetHints":{"allow":["GET"]}}],"collection":[{"href":"https:\/\/www.feuerwehr-liezen.at\/2018\/wp-json\/wp\/v2\/pages"}],"about":[{"href":"https:\/\/www.feuerwehr-liezen.at\/2018\/wp-json\/wp\/v2\/types\/page"}],"author":[{"embeddable":true,"href":"https:\/\/www.feuerwehr-liezen.at\/2018\/wp-json\/wp\/v2\/users\/1"}],"replies":[{"embeddable":true,"href":"https:\/\/www.feuerwehr-liezen.at\/2018\/wp-json\/wp\/v2\/comments?post=2912"}],"version-history":[{"count":4,"href":"https:\/\/www.feuerwehr-liezen.at\/2018\/wp-json\/wp\/v2\/pages\/2912\/revisions"}],"predecessor-version":[{"id":3066,"href":"https:\/\/www.feuerwehr-liezen.at\/2018\/wp-json\/wp\/v2\/pages\/2912\/revisions\/3066"}],"wp:attachment":[{"href":"https:\/\/www.feuerwehr-liezen.at\/2018\/wp-json\/wp\/v2\/media?parent=2912"}],"curies":[{"name":"wp","href":"https:\/\/api.w.org\/{rel}","templated":true}]}}