{"id":1373,"date":"2019-01-15T14:47:08","date_gmt":"2019-01-15T13:47:08","guid":{"rendered":"https:\/\/www.feuerwehr-liezen.at\/2018\/?page_id=1373"},"modified":"2019-10-15T21:49:44","modified_gmt":"2019-10-15T19:49:44","slug":"lkw","status":"publish","type":"page","link":"https:\/\/www.feuerwehr-liezen.at\/2018\/lkw\/","title":{"rendered":"LKW-A"},"content":{"rendered":"\t\t<div data-elementor-type=\"wp-post\" data-elementor-id=\"1373\" class=\"elementor elementor-1373\" data-elementor-settings=\"{&quot;element_pack_global_tooltip_width&quot;:{&quot;unit&quot;:&quot;px&quot;,&quot;size&quot;:&quot;&quot;,&quot;sizes&quot;:[]},&quot;element_pack_global_tooltip_width_tablet&quot;:{&quot;unit&quot;:&quot;px&quot;,&quot;size&quot;:&quot;&quot;,&quot;sizes&quot;:[]},&quot;element_pack_global_tooltip_width_mobile&quot;:{&quot;unit&quot;:&quot;px&quot;,&quot;size&quot;:&quot;&quot;,&quot;sizes&quot;:[]},&quot;element_pack_global_tooltip_padding&quot;:{&quot;unit&quot;:&quot;px&quot;,&quot;top&quot;:&quot;&quot;,&quot;right&quot;:&quot;&quot;,&quot;bottom&quot;:&quot;&quot;,&quot;left&quot;:&quot;&quot;,&quot;isLinked&quot;:true},&quot;element_pack_global_tooltip_padding_tablet&quot;:{&quot;unit&quot;:&quot;px&quot;,&quot;top&quot;:&quot;&quot;,&quot;right&quot;:&quot;&quot;,&quot;bottom&quot;:&quot;&quot;,&quot;left&quot;:&quot;&quot;,&quot;isLinked&quot;:true},&quot;element_pack_global_tooltip_padding_mobile&quot;:{&quot;unit&quot;:&quot;px&quot;,&quot;top&quot;:&quot;&quot;,&quot;right&quot;:&quot;&quot;,&quot;bottom&quot;:&quot;&quot;,&quot;left&quot;:&quot;&quot;,&quot;isLinked&quot;:true},&quot;element_pack_global_tooltip_border_radius&quot;:{&quot;unit&quot;:&quot;px&quot;,&quot;top&quot;:&quot;&quot;,&quot;right&quot;:&quot;&quot;,&quot;bottom&quot;:&quot;&quot;,&quot;left&quot;:&quot;&quot;,&quot;isLinked&quot;:true},&quot;element_pack_global_tooltip_border_radius_tablet&quot;:{&quot;unit&quot;:&quot;px&quot;,&quot;top&quot;:&quot;&quot;,&quot;right&quot;:&quot;&quot;,&quot;bottom&quot;:&quot;&quot;,&quot;left&quot;:&quot;&quot;,&quot;isLinked&quot;:true},&quot;element_pack_global_tooltip_border_radius_mobile&quot;:{&quot;unit&quot;:&quot;px&quot;,&quot;top&quot;:&quot;&quot;,&quot;right&quot;:&quot;&quot;,&quot;bottom&quot;:&quot;&quot;,&quot;left&quot;:&quot;&quot;,&quot;isLinked&quot;:true}}\" data-elementor-post-type=\"page\">\n\t\t\t\t\t\t<section class=\"elementor-section elementor-top-section elementor-element elementor-element-121982a6 elementor-section-boxed elementor-section-height-default elementor-section-height-default\" data-id=\"121982a6\" data-element_type=\"section\" data-e-type=\"section\">\n\t\t\t\t\t\t<div class=\"elementor-container elementor-column-gap-default\">\n\t\t\t\t\t<div class=\"elementor-column elementor-col-66 elementor-top-column elementor-element elementor-element-409ab74b\" data-id=\"409ab74b\" data-element_type=\"column\" data-e-type=\"column\">\n\t\t\t<div class=\"elementor-widget-wrap elementor-element-populated\">\n\t\t\t\t\t\t<div class=\"elementor-element elementor-element-1f92cb00 elementor-widget elementor-widget-image\" data-id=\"1f92cb00\" data-element_type=\"widget\" data-e-type=\"widget\" data-widget_type=\"image.default\">\n\t\t\t\t<div class=\"elementor-widget-container\">\n\t\t\t\t\t\t\t\t\t\t\t\t\t\t\t\t<a href=\"https:\/\/www.feuerwehr-liezen.at\/2018\/wp-content\/uploads\/2019\/10\/IMG_0669-2.jpg\" data-elementor-open-lightbox=\"yes\" data-elementor-lightbox-title=\"IMG_0669 2\" data-e-action-hash=\"#elementor-action%3Aaction%3Dlightbox%26settings%3DeyJpZCI6Mzk1NywidXJsIjoiaHR0cHM6XC9cL3d3dy5mZXVlcndlaHItbGllemVuLmF0XC8yMDE4XC93cC1jb250ZW50XC91cGxvYWRzXC8yMDE5XC8xMFwvSU1HXzA2NjktMi5qcGcifQ%3D%3D\">\n\t\t\t\t\t\t\t<img fetchpriority=\"high\" decoding=\"async\" width=\"1024\" height=\"768\" src=\"https:\/\/www.feuerwehr-liezen.at\/2018\/wp-content\/uploads\/2019\/10\/IMG_0669-2-1024x768.jpg\" class=\"attachment-large size-large wp-image-3957\" alt=\"\" srcset=\"https:\/\/www.feuerwehr-liezen.at\/2018\/wp-content\/uploads\/2019\/10\/IMG_0669-2-1024x768.jpg 1024w, https:\/\/www.feuerwehr-liezen.at\/2018\/wp-content\/uploads\/2019\/10\/IMG_0669-2-300x225.jpg 300w, https:\/\/www.feuerwehr-liezen.at\/2018\/wp-content\/uploads\/2019\/10\/IMG_0669-2-768x576.jpg 768w\" sizes=\"(max-width: 1024px) 100vw, 1024px\" \/>\t\t\t\t\t\t\t\t<\/a>\n\t\t\t\t\t\t\t\t\t\t\t\t\t\t\t<\/div>\n\t\t\t\t<\/div>\n\t\t\t\t\t<\/div>\n\t\t<\/div>\n\t\t\t\t<div class=\"elementor-column elementor-col-33 elementor-top-column elementor-element elementor-element-4909ca9a\" data-id=\"4909ca9a\" data-element_type=\"column\" data-e-type=\"column\">\n\t\t\t<div class=\"elementor-widget-wrap elementor-element-populated\">\n\t\t\t\t\t\t<div class=\"elementor-element elementor-element-78117f41 elementor-widget elementor-widget-price-table\" data-id=\"78117f41\" data-element_type=\"widget\" data-e-type=\"widget\" data-widget_type=\"price-table.default\">\n\t\t\t\t<div class=\"elementor-widget-container\">\n\t\t\t\t\t\n\t\t<div class=\"elementor-price-table\">\n\t\t\t\t\t\t\t<div class=\"elementor-price-table__header\">\n\t\t\t\t\t\t\t\t\t\t\t<h3 class=\"elementor-price-table__heading\">\n\t\t\t\t\t\tLKW-A Liezen\t\t\t\t\t\t<\/h3>\n\t\t\t\t\t\n\t\t\t\t\t\t\t\t\t\t\t<span class=\"elementor-price-table__subheading\">\n\t\t\t\t\t\t\tLastkraftwagen mit Allrad\t\t\t\t\t\t<\/span>\n\t\t\t\t\t\t\t\t\t<\/div>\n\t\t\t\n\t\t\t<div class=\"elementor-price-table__price\">\n\t\t\t\t\t\t\t\t\t\t\t\t\n\t\t\t\t\n\t\t\t\t\n\t\t\t\t\t\t\t<\/div>\n\n\t\t\t\t\t\t\t<ul class=\"elementor-price-table__features-list\">\n\t\t\t\t\t\t\t\t\t\t\t<li class=\"elementor-repeater-item-772e4f1\">\n\t\t\t\t\t\t\t<div class=\"elementor-price-table__feature-inner\">\n\t\t\t\t\t\t\t\t\t\t\t\t\t\t\t\t\t\t<i class=\"fa fa-check-circle\" aria-hidden=\"true\"><\/i>\n\t\t\t\t\t\t\t\t\t\t\t\t\t\t\t\t\t\t\t\t\t\t\t\t\t\t\t<span >\n\t\t\t\t\t\t\t\t\t\tBaujahr: 2019\t\t\t\t\t\t\t\t\t<\/span>\n\t\t\t\t\t\t\t\t\t\t\t\t\t\t\t\t<\/div>\n\t\t\t\t\t\t<\/li>\n\t\t\t\t\t\t\t\t\t\t\t<li class=\"elementor-repeater-item-5953fd7\">\n\t\t\t\t\t\t\t<div class=\"elementor-price-table__feature-inner\">\n\t\t\t\t\t\t\t\t\t\t\t\t\t\t\t\t\t\t<i class=\"fa fa-check-circle\" aria-hidden=\"true\"><\/i>\n\t\t\t\t\t\t\t\t\t\t\t\t\t\t\t\t\t\t\t\t\t\t\t\t\t\t\t<span >\n\t\t\t\t\t\t\t\t\t\tFahrgestell: Mercedes Sprinter \t\t\t\t\t\t\t\t\t<\/span>\n\t\t\t\t\t\t\t\t\t\t\t\t\t\t\t\t<\/div>\n\t\t\t\t\t\t<\/li>\n\t\t\t\t\t\t\t\t\t\t\t<li class=\"elementor-repeater-item-611f3dd\">\n\t\t\t\t\t\t\t<div class=\"elementor-price-table__feature-inner\">\n\t\t\t\t\t\t\t\t\t\t\t\t\t\t\t\t\t\t<i class=\"fa fa-check-circle\" aria-hidden=\"true\"><\/i>\n\t\t\t\t\t\t\t\t\t\t\t\t\t\t\t\t\t\t\t\t\t\t\t\t\t\t\t<span >\n\t\t\t\t\t\t\t\t\t\tLeistung: 190 PS\t\t\t\t\t\t\t\t\t<\/span>\n\t\t\t\t\t\t\t\t\t\t\t\t\t\t\t\t<\/div>\n\t\t\t\t\t\t<\/li>\n\t\t\t\t\t\t\t\t\t\t\t<li class=\"elementor-repeater-item-8da847d\">\n\t\t\t\t\t\t\t<div class=\"elementor-price-table__feature-inner\">\n\t\t\t\t\t\t\t\t\t\t\t\t\t\t\t\t\t\t<i class=\"fa fa-check-circle\" aria-hidden=\"true\"><\/i>\n\t\t\t\t\t\t\t\t\t\t\t\t\t\t\t\t\t\t\t\t\t\t\t\t\t\t\t<span >\n\t\t\t\t\t\t\t\t\t\tAufbau: Rosenbauer\t\t\t\t\t\t\t\t\t<\/span>\n\t\t\t\t\t\t\t\t\t\t\t\t\t\t\t\t<\/div>\n\t\t\t\t\t\t<\/li>\n\t\t\t\t\t\t\t\t\t<\/ul>\n\t\t\t\n\t\t\t\t\t<\/div>\n\n\t\t\t\t\t<div class=\"elementor-ribbon\">\n\t\t\t\t<div class=\"elementor-ribbon-inner\">\n\t\t\t\t\tLKW-A\t\t\t\t<\/div>\n\t\t\t<\/div>\n\t\t\t\t\t\t\t<\/div>\n\t\t\t\t<\/div>\n\t\t\t\t\t<\/div>\n\t\t<\/div>\n\t\t\t\t\t<\/div>\n\t\t<\/section>\n\t\t\t\t<section class=\"elementor-section elementor-top-section elementor-element elementor-element-3878f553 elementor-section-boxed elementor-section-height-default elementor-section-height-default\" data-id=\"3878f553\" data-element_type=\"section\" data-e-type=\"section\" data-settings=\"{&quot;background_background&quot;:&quot;classic&quot;}\">\n\t\t\t\t\t\t<div class=\"elementor-container elementor-column-gap-default\">\n\t\t\t\t\t<div class=\"elementor-column elementor-col-100 elementor-top-column elementor-element elementor-element-5645705\" data-id=\"5645705\" data-element_type=\"column\" data-e-type=\"column\">\n\t\t\t<div class=\"elementor-widget-wrap elementor-element-populated\">\n\t\t\t\t\t\t<div class=\"elementor-element elementor-element-3b4f795a gallery-spacing-custom elementor-widget elementor-widget-image-gallery\" data-id=\"3b4f795a\" data-element_type=\"widget\" data-e-type=\"widget\" data-widget_type=\"image-gallery.default\">\n\t\t\t\t<div class=\"elementor-widget-container\">\n\t\t\t\t\t\t\t<div class=\"elementor-image-gallery\">\n\t\t\t<div id='gallery-1' class='gallery galleryid-1373 gallery-columns-3 gallery-size-medium'><figure class='gallery-item'>\n\t\t\t<div class='gallery-icon landscape'>\n\t\t\t\t<a data-elementor-open-lightbox=\"yes\" data-elementor-lightbox-slideshow=\"3b4f795a\" data-elementor-lightbox-title=\"IMG_5053\" data-e-action-hash=\"#elementor-action%3Aaction%3Dlightbox%26settings%3DeyJpZCI6Mzk1MCwidXJsIjoiaHR0cHM6XC9cL3d3dy5mZXVlcndlaHItbGllemVuLmF0XC8yMDE4XC93cC1jb250ZW50XC91cGxvYWRzXC8yMDE5XC8xMFwvSU1HXzUwNTMuanBnIiwic2xpZGVzaG93IjoiM2I0Zjc5NWEifQ%3D%3D\" href='https:\/\/www.feuerwehr-liezen.at\/2018\/wp-content\/uploads\/2019\/10\/IMG_5053.jpg'><img decoding=\"async\" width=\"300\" height=\"225\" src=\"https:\/\/www.feuerwehr-liezen.at\/2018\/wp-content\/uploads\/2019\/10\/IMG_5053-300x225.jpg\" class=\"attachment-medium size-medium\" alt=\"\" srcset=\"https:\/\/www.feuerwehr-liezen.at\/2018\/wp-content\/uploads\/2019\/10\/IMG_5053-300x225.jpg 300w, https:\/\/www.feuerwehr-liezen.at\/2018\/wp-content\/uploads\/2019\/10\/IMG_5053-768x576.jpg 768w, https:\/\/www.feuerwehr-liezen.at\/2018\/wp-content\/uploads\/2019\/10\/IMG_5053-1024x768.jpg 1024w\" sizes=\"(max-width: 300px) 100vw, 300px\" \/><\/a>\n\t\t\t<\/div><\/figure><figure class='gallery-item'>\n\t\t\t<div class='gallery-icon landscape'>\n\t\t\t\t<a data-elementor-open-lightbox=\"yes\" data-elementor-lightbox-slideshow=\"3b4f795a\" data-elementor-lightbox-title=\"IMG_7085\" data-e-action-hash=\"#elementor-action%3Aaction%3Dlightbox%26settings%3DeyJpZCI6Mzk0NSwidXJsIjoiaHR0cHM6XC9cL3d3dy5mZXVlcndlaHItbGllemVuLmF0XC8yMDE4XC93cC1jb250ZW50XC91cGxvYWRzXC8yMDE5XC8xMFwvSU1HXzcwODUuanBnIiwic2xpZGVzaG93IjoiM2I0Zjc5NWEifQ%3D%3D\" href='https:\/\/www.feuerwehr-liezen.at\/2018\/wp-content\/uploads\/2019\/10\/IMG_7085.jpg'><img decoding=\"async\" width=\"300\" height=\"225\" src=\"https:\/\/www.feuerwehr-liezen.at\/2018\/wp-content\/uploads\/2019\/10\/IMG_7085-300x225.jpg\" class=\"attachment-medium size-medium\" alt=\"\" srcset=\"https:\/\/www.feuerwehr-liezen.at\/2018\/wp-content\/uploads\/2019\/10\/IMG_7085-300x225.jpg 300w, https:\/\/www.feuerwehr-liezen.at\/2018\/wp-content\/uploads\/2019\/10\/IMG_7085-768x576.jpg 768w, https:\/\/www.feuerwehr-liezen.at\/2018\/wp-content\/uploads\/2019\/10\/IMG_7085-1024x768.jpg 1024w\" sizes=\"(max-width: 300px) 100vw, 300px\" \/><\/a>\n\t\t\t<\/div><\/figure><figure class='gallery-item'>\n\t\t\t<div class='gallery-icon landscape'>\n\t\t\t\t<a data-elementor-open-lightbox=\"yes\" data-elementor-lightbox-slideshow=\"3b4f795a\" data-elementor-lightbox-title=\"IMG_4808\" data-e-action-hash=\"#elementor-action%3Aaction%3Dlightbox%26settings%3DeyJpZCI6Mzk0NiwidXJsIjoiaHR0cHM6XC9cL3d3dy5mZXVlcndlaHItbGllemVuLmF0XC8yMDE4XC93cC1jb250ZW50XC91cGxvYWRzXC8yMDE5XC8xMFwvSU1HXzQ4MDguanBnIiwic2xpZGVzaG93IjoiM2I0Zjc5NWEifQ%3D%3D\" href='https:\/\/www.feuerwehr-liezen.at\/2018\/wp-content\/uploads\/2019\/10\/IMG_4808.jpg'><img loading=\"lazy\" decoding=\"async\" width=\"300\" height=\"225\" src=\"https:\/\/www.feuerwehr-liezen.at\/2018\/wp-content\/uploads\/2019\/10\/IMG_4808-300x225.jpg\" class=\"attachment-medium size-medium\" alt=\"\" srcset=\"https:\/\/www.feuerwehr-liezen.at\/2018\/wp-content\/uploads\/2019\/10\/IMG_4808-300x225.jpg 300w, https:\/\/www.feuerwehr-liezen.at\/2018\/wp-content\/uploads\/2019\/10\/IMG_4808-768x576.jpg 768w, https:\/\/www.feuerwehr-liezen.at\/2018\/wp-content\/uploads\/2019\/10\/IMG_4808-1024x768.jpg 1024w\" sizes=\"(max-width: 300px) 100vw, 300px\" \/><\/a>\n\t\t\t<\/div><\/figure>\n\t\t<\/div>\n\t\t<\/div>\n\t\t\t\t\t\t<\/div>\n\t\t\t\t<\/div>\n\t\t\t\t\t<\/div>\n\t\t<\/div>\n\t\t\t\t\t<\/div>\n\t\t<\/section>\n\t\t\t\t<\/div>\n\t\t","protected":false},"excerpt":{"rendered":"<p>LKW-A Liezen Lastkraftwagen mit Allrad Baujahr: 2019 Fahrgestell: Mercedes Sprinter Leistung: 190 PS Aufbau: Rosenbauer Dieses Fahrzeug dient in erster Linie zum Transport von Schl\u00e4uchen, F\u00e4ssern und sperriger Ger\u00e4tschaften. Es verf\u00fcgt \u00fcber eine hydraulische Ladebordwand und f\u00fchrt st\u00e4ndig eine gewisse Menge an \u00d6lbindemitteln mit. LKW-A<\/p>\n","protected":false},"author":1,"featured_media":0,"parent":0,"menu_order":0,"comment_status":"closed","ping_status":"closed","template":"","meta":{"_acf_changed":false,"footnotes":""},"class_list":["post-1373","page","type-page","status-publish","hentry"],"acf":[],"_links":{"self":[{"href":"https:\/\/www.feuerwehr-liezen.at\/2018\/wp-json\/wp\/v2\/pages\/1373","targetHints":{"allow":["GET"]}}],"collection":[{"href":"https:\/\/www.feuerwehr-liezen.at\/2018\/wp-json\/wp\/v2\/pages"}],"about":[{"href":"https:\/\/www.feuerwehr-liezen.at\/2018\/wp-json\/wp\/v2\/types\/page"}],"author":[{"embeddable":true,"href":"https:\/\/www.feuerwehr-liezen.at\/2018\/wp-json\/wp\/v2\/users\/1"}],"replies":[{"embeddable":true,"href":"https:\/\/www.feuerwehr-liezen.at\/2018\/wp-json\/wp\/v2\/comments?post=1373"}],"version-history":[{"count":7,"href":"https:\/\/www.feuerwehr-liezen.at\/2018\/wp-json\/wp\/v2\/pages\/1373\/revisions"}],"predecessor-version":[{"id":4544,"href":"https:\/\/www.feuerwehr-liezen.at\/2018\/wp-json\/wp\/v2\/pages\/1373\/revisions\/4544"}],"wp:attachment":[{"href":"https:\/\/www.feuerwehr-liezen.at\/2018\/wp-json\/wp\/v2\/media?parent=1373"}],"curies":[{"name":"wp","href":"https:\/\/api.w.org\/{rel}","templated":true}]}}