{"id":1370,"date":"2019-01-15T14:42:02","date_gmt":"2019-01-15T13:42:02","guid":{"rendered":"https:\/\/www.feuerwehr-liezen.at\/2018\/?page_id=1370"},"modified":"2024-03-14T09:34:32","modified_gmt":"2024-03-14T08:34:32","slug":"blf","status":"publish","type":"page","link":"https:\/\/www.feuerwehr-liezen.at\/2018\/blf\/","title":{"rendered":"BLF"},"content":{"rendered":"\t\t<div data-elementor-type=\"wp-post\" data-elementor-id=\"1370\" class=\"elementor elementor-1370\" data-elementor-settings=\"{&quot;element_pack_global_tooltip_width&quot;:{&quot;unit&quot;:&quot;px&quot;,&quot;size&quot;:&quot;&quot;,&quot;sizes&quot;:[]},&quot;element_pack_global_tooltip_width_tablet&quot;:{&quot;unit&quot;:&quot;px&quot;,&quot;size&quot;:&quot;&quot;,&quot;sizes&quot;:[]},&quot;element_pack_global_tooltip_width_mobile&quot;:{&quot;unit&quot;:&quot;px&quot;,&quot;size&quot;:&quot;&quot;,&quot;sizes&quot;:[]},&quot;element_pack_global_tooltip_padding&quot;:{&quot;unit&quot;:&quot;px&quot;,&quot;top&quot;:&quot;&quot;,&quot;right&quot;:&quot;&quot;,&quot;bottom&quot;:&quot;&quot;,&quot;left&quot;:&quot;&quot;,&quot;isLinked&quot;:true},&quot;element_pack_global_tooltip_padding_tablet&quot;:{&quot;unit&quot;:&quot;px&quot;,&quot;top&quot;:&quot;&quot;,&quot;right&quot;:&quot;&quot;,&quot;bottom&quot;:&quot;&quot;,&quot;left&quot;:&quot;&quot;,&quot;isLinked&quot;:true},&quot;element_pack_global_tooltip_padding_mobile&quot;:{&quot;unit&quot;:&quot;px&quot;,&quot;top&quot;:&quot;&quot;,&quot;right&quot;:&quot;&quot;,&quot;bottom&quot;:&quot;&quot;,&quot;left&quot;:&quot;&quot;,&quot;isLinked&quot;:true},&quot;element_pack_global_tooltip_border_radius&quot;:{&quot;unit&quot;:&quot;px&quot;,&quot;top&quot;:&quot;&quot;,&quot;right&quot;:&quot;&quot;,&quot;bottom&quot;:&quot;&quot;,&quot;left&quot;:&quot;&quot;,&quot;isLinked&quot;:true},&quot;element_pack_global_tooltip_border_radius_tablet&quot;:{&quot;unit&quot;:&quot;px&quot;,&quot;top&quot;:&quot;&quot;,&quot;right&quot;:&quot;&quot;,&quot;bottom&quot;:&quot;&quot;,&quot;left&quot;:&quot;&quot;,&quot;isLinked&quot;:true},&quot;element_pack_global_tooltip_border_radius_mobile&quot;:{&quot;unit&quot;:&quot;px&quot;,&quot;top&quot;:&quot;&quot;,&quot;right&quot;:&quot;&quot;,&quot;bottom&quot;:&quot;&quot;,&quot;left&quot;:&quot;&quot;,&quot;isLinked&quot;:true}}\" data-elementor-post-type=\"page\">\n\t\t\t\t\t\t<section class=\"elementor-section elementor-top-section elementor-element elementor-element-527f0eeb elementor-section-boxed elementor-section-height-default elementor-section-height-default\" data-id=\"527f0eeb\" data-element_type=\"section\" data-e-type=\"section\">\n\t\t\t\t\t\t<div class=\"elementor-container elementor-column-gap-default\">\n\t\t\t\t\t<div class=\"elementor-column elementor-col-66 elementor-top-column elementor-element elementor-element-1981ffa9\" data-id=\"1981ffa9\" data-element_type=\"column\" data-e-type=\"column\">\n\t\t\t<div class=\"elementor-widget-wrap elementor-element-populated\">\n\t\t\t\t\t\t<div class=\"elementor-element elementor-element-391d5178 elementor-widget elementor-widget-image\" data-id=\"391d5178\" data-element_type=\"widget\" data-e-type=\"widget\" data-widget_type=\"image.default\">\n\t\t\t\t<div class=\"elementor-widget-container\">\n\t\t\t\t\t\t\t\t\t\t\t\t\t\t\t\t<a href=\"https:\/\/www.feuerwehr-liezen.at\/2018\/wp-content\/uploads\/2024\/03\/DSC06658.jpg\" data-elementor-open-lightbox=\"yes\" data-elementor-lightbox-title=\"DSC06658\" data-e-action-hash=\"#elementor-action%3Aaction%3Dlightbox%26settings%3DeyJpZCI6MTA1OTAsInVybCI6Imh0dHBzOlwvXC93d3cuZmV1ZXJ3ZWhyLWxpZXplbi5hdFwvMjAxOFwvd3AtY29udGVudFwvdXBsb2Fkc1wvMjAyNFwvMDNcL0RTQzA2NjU4LmpwZyJ9\">\n\t\t\t\t\t\t\t<img fetchpriority=\"high\" decoding=\"async\" width=\"768\" height=\"512\" src=\"https:\/\/www.feuerwehr-liezen.at\/2018\/wp-content\/uploads\/2024\/03\/DSC06658-768x512.jpg\" class=\"attachment-medium_large size-medium_large wp-image-10590\" alt=\"\" srcset=\"https:\/\/www.feuerwehr-liezen.at\/2018\/wp-content\/uploads\/2024\/03\/DSC06658-768x512.jpg 768w, https:\/\/www.feuerwehr-liezen.at\/2018\/wp-content\/uploads\/2024\/03\/DSC06658-300x200.jpg 300w, https:\/\/www.feuerwehr-liezen.at\/2018\/wp-content\/uploads\/2024\/03\/DSC06658-1024x683.jpg 1024w, https:\/\/www.feuerwehr-liezen.at\/2018\/wp-content\/uploads\/2024\/03\/DSC06658.jpg 1200w\" sizes=\"(max-width: 768px) 100vw, 768px\" \/>\t\t\t\t\t\t\t\t<\/a>\n\t\t\t\t\t\t\t\t\t\t\t\t\t\t\t<\/div>\n\t\t\t\t<\/div>\n\t\t\t\t\t<\/div>\n\t\t<\/div>\n\t\t\t\t<div class=\"elementor-column elementor-col-33 elementor-top-column elementor-element elementor-element-321939a9\" data-id=\"321939a9\" data-element_type=\"column\" data-e-type=\"column\">\n\t\t\t<div class=\"elementor-widget-wrap elementor-element-populated\">\n\t\t\t\t\t\t<div class=\"elementor-element elementor-element-5b4aae91 elementor-widget elementor-widget-price-table\" data-id=\"5b4aae91\" data-element_type=\"widget\" data-e-type=\"widget\" data-widget_type=\"price-table.default\">\n\t\t\t\t<div class=\"elementor-widget-container\">\n\t\t\t\t\t\n\t\t<div class=\"elementor-price-table\">\n\t\t\t\t\t\t\t<div class=\"elementor-price-table__header\">\n\t\t\t\t\t\t\t\t\t\t\t<h3 class=\"elementor-price-table__heading\">\n\t\t\t\t\t\tBLF-C Liezen\t\t\t\t\t\t<\/h3>\n\t\t\t\t\t\n\t\t\t\t\t\t\t\t\t\t\t<span class=\"elementor-price-table__subheading\">\n\t\t\t\t\t\t\tBerge-L\u00f6schfahrzeug - Container\t\t\t\t\t\t<\/span>\n\t\t\t\t\t\t\t\t\t<\/div>\n\t\t\t\n\t\t\t<div class=\"elementor-price-table__price\">\n\t\t\t\t\t\t\t\t\t\t\t\t\n\t\t\t\t\n\t\t\t\t\n\t\t\t\t\t\t\t<\/div>\n\n\t\t\t\t\t\t\t<ul class=\"elementor-price-table__features-list\">\n\t\t\t\t\t\t\t\t\t\t\t<li class=\"elementor-repeater-item-772e4f1\">\n\t\t\t\t\t\t\t<div class=\"elementor-price-table__feature-inner\">\n\t\t\t\t\t\t\t\t<i aria-hidden=\"true\" class=\"fas fa-check-circle\"><\/i>\t\t\t\t\t\t\t\t\t\t\t\t\t\t\t\t\t<span >\n\t\t\t\t\t\t\t\t\t\tBaujahr: 2023\t\t\t\t\t\t\t\t\t<\/span>\n\t\t\t\t\t\t\t\t\t\t\t\t\t\t\t\t<\/div>\n\t\t\t\t\t\t<\/li>\n\t\t\t\t\t\t\t\t\t\t\t<li class=\"elementor-repeater-item-5953fd7\">\n\t\t\t\t\t\t\t<div class=\"elementor-price-table__feature-inner\">\n\t\t\t\t\t\t\t\t<i aria-hidden=\"true\" class=\"fas fa-check-circle\"><\/i>\t\t\t\t\t\t\t\t\t\t\t\t\t\t\t\t\t<span >\n\t\t\t\t\t\t\t\t\t\tFahrgestell: Toyota Hilux (Allrad)\t\t\t\t\t\t\t\t\t<\/span>\n\t\t\t\t\t\t\t\t\t\t\t\t\t\t\t\t<\/div>\n\t\t\t\t\t\t<\/li>\n\t\t\t\t\t\t\t\t\t\t\t<li class=\"elementor-repeater-item-8da847d\">\n\t\t\t\t\t\t\t<div class=\"elementor-price-table__feature-inner\">\n\t\t\t\t\t\t\t\t<i aria-hidden=\"true\" class=\"fas fa-check-circle\"><\/i>\t\t\t\t\t\t\t\t\t\t\t\t\t\t\t\t\t<span >\n\t\t\t\t\t\t\t\t\t\tAufbau: Kofler Fahrzeugbau\t\t\t\t\t\t\t\t\t<\/span>\n\t\t\t\t\t\t\t\t\t\t\t\t\t\t\t\t<\/div>\n\t\t\t\t\t\t<\/li>\n\t\t\t\t\t\t\t\t\t\t\t<li class=\"elementor-repeater-item-f8cda61\">\n\t\t\t\t\t\t\t<div class=\"elementor-price-table__feature-inner\">\n\t\t\t\t\t\t\t\t<i aria-hidden=\"true\" class=\"fas fa-check-circle\"><\/i>\t\t\t\t\t\t\t\t\t\t\t\t\t\t\t\t\t<span >\n\t\t\t\t\t\t\t\t\t\tLeistung: 204 PS\t\t\t\t\t\t\t\t\t<\/span>\n\t\t\t\t\t\t\t\t\t\t\t\t\t\t\t\t<\/div>\n\t\t\t\t\t\t<\/li>\n\t\t\t\t\t\t\t\t\t<\/ul>\n\t\t\t\n\t\t\t\t\t<\/div>\n\n\t\t\t\t\t<div class=\"elementor-ribbon\">\n\t\t\t\t<div class=\"elementor-ribbon-inner\">\n\t\t\t\t\tBLF-C Liezen\t\t\t\t<\/div>\n\t\t\t<\/div>\n\t\t\t\t\t\t\t<\/div>\n\t\t\t\t<\/div>\n\t\t\t\t\t<\/div>\n\t\t<\/div>\n\t\t\t\t\t<\/div>\n\t\t<\/section>\n\t\t\t\t<section class=\"elementor-section elementor-top-section elementor-element elementor-element-7b930393 elementor-section-boxed elementor-section-height-default elementor-section-height-default\" data-id=\"7b930393\" data-element_type=\"section\" data-e-type=\"section\" data-settings=\"{&quot;background_background&quot;:&quot;classic&quot;}\">\n\t\t\t\t\t\t<div class=\"elementor-container elementor-column-gap-default\">\n\t\t\t\t\t<div class=\"elementor-column elementor-col-100 elementor-top-column elementor-element elementor-element-668afa5e\" data-id=\"668afa5e\" data-element_type=\"column\" data-e-type=\"column\">\n\t\t\t<div class=\"elementor-widget-wrap elementor-element-populated\">\n\t\t\t\t\t\t<div class=\"elementor-element elementor-element-ebb97b8 gallery-spacing-custom elementor-widget elementor-widget-image-gallery\" data-id=\"ebb97b8\" data-element_type=\"widget\" data-e-type=\"widget\" data-widget_type=\"image-gallery.default\">\n\t\t\t\t<div class=\"elementor-widget-container\">\n\t\t\t\t\t\t\t<div class=\"elementor-image-gallery\">\n\t\t\t<div id='gallery-1' class='gallery galleryid-1370 gallery-columns-3 gallery-size-medium'><figure class='gallery-item'>\n\t\t\t<div class='gallery-icon landscape'>\n\t\t\t\t<a data-elementor-open-lightbox=\"yes\" data-elementor-lightbox-slideshow=\"ebb97b8\" data-elementor-lightbox-title=\"DSC06658\" data-e-action-hash=\"#elementor-action%3Aaction%3Dlightbox%26settings%3DeyJpZCI6MTA1OTQsInVybCI6Imh0dHBzOlwvXC93d3cuZmV1ZXJ3ZWhyLWxpZXplbi5hdFwvMjAxOFwvd3AtY29udGVudFwvdXBsb2Fkc1wvMjAyNFwvMDNcL0RTQzA2NjU4LTEuanBnIiwic2xpZGVzaG93IjoiZWJiOTdiOCJ9\" href='https:\/\/www.feuerwehr-liezen.at\/2018\/wp-content\/uploads\/2024\/03\/DSC06658-1.jpg'><img decoding=\"async\" width=\"300\" height=\"200\" src=\"https:\/\/www.feuerwehr-liezen.at\/2018\/wp-content\/uploads\/2024\/03\/DSC06658-1-300x200.jpg\" class=\"attachment-medium size-medium\" alt=\"\" srcset=\"https:\/\/www.feuerwehr-liezen.at\/2018\/wp-content\/uploads\/2024\/03\/DSC06658-1-300x200.jpg 300w, https:\/\/www.feuerwehr-liezen.at\/2018\/wp-content\/uploads\/2024\/03\/DSC06658-1-1024x683.jpg 1024w, https:\/\/www.feuerwehr-liezen.at\/2018\/wp-content\/uploads\/2024\/03\/DSC06658-1-768x512.jpg 768w, https:\/\/www.feuerwehr-liezen.at\/2018\/wp-content\/uploads\/2024\/03\/DSC06658-1.jpg 1200w\" sizes=\"(max-width: 300px) 100vw, 300px\" \/><\/a>\n\t\t\t<\/div><\/figure><figure class='gallery-item'>\n\t\t\t<div class='gallery-icon landscape'>\n\t\t\t\t<a data-elementor-open-lightbox=\"yes\" data-elementor-lightbox-slideshow=\"ebb97b8\" data-elementor-lightbox-title=\"DSC06687\" data-e-action-hash=\"#elementor-action%3Aaction%3Dlightbox%26settings%3DeyJpZCI6MTA1OTYsInVybCI6Imh0dHBzOlwvXC93d3cuZmV1ZXJ3ZWhyLWxpZXplbi5hdFwvMjAxOFwvd3AtY29udGVudFwvdXBsb2Fkc1wvMjAyNFwvMDNcL0RTQzA2Njg3LmpwZyIsInNsaWRlc2hvdyI6ImViYjk3YjgifQ%3D%3D\" href='https:\/\/www.feuerwehr-liezen.at\/2018\/wp-content\/uploads\/2024\/03\/DSC06687.jpg'><img decoding=\"async\" width=\"300\" height=\"200\" src=\"https:\/\/www.feuerwehr-liezen.at\/2018\/wp-content\/uploads\/2024\/03\/DSC06687-300x200.jpg\" class=\"attachment-medium size-medium\" alt=\"\" srcset=\"https:\/\/www.feuerwehr-liezen.at\/2018\/wp-content\/uploads\/2024\/03\/DSC06687-300x200.jpg 300w, https:\/\/www.feuerwehr-liezen.at\/2018\/wp-content\/uploads\/2024\/03\/DSC06687-1024x683.jpg 1024w, https:\/\/www.feuerwehr-liezen.at\/2018\/wp-content\/uploads\/2024\/03\/DSC06687-768x512.jpg 768w, https:\/\/www.feuerwehr-liezen.at\/2018\/wp-content\/uploads\/2024\/03\/DSC06687.jpg 1200w\" sizes=\"(max-width: 300px) 100vw, 300px\" \/><\/a>\n\t\t\t<\/div><\/figure><figure class='gallery-item'>\n\t\t\t<div class='gallery-icon landscape'>\n\t\t\t\t<a data-elementor-open-lightbox=\"yes\" data-elementor-lightbox-slideshow=\"ebb97b8\" data-elementor-lightbox-title=\"DSC06664\" data-e-action-hash=\"#elementor-action%3Aaction%3Dlightbox%26settings%3DeyJpZCI6MTA1OTcsInVybCI6Imh0dHBzOlwvXC93d3cuZmV1ZXJ3ZWhyLWxpZXplbi5hdFwvMjAxOFwvd3AtY29udGVudFwvdXBsb2Fkc1wvMjAyNFwvMDNcL0RTQzA2NjY0LmpwZyIsInNsaWRlc2hvdyI6ImViYjk3YjgifQ%3D%3D\" href='https:\/\/www.feuerwehr-liezen.at\/2018\/wp-content\/uploads\/2024\/03\/DSC06664.jpg'><img loading=\"lazy\" decoding=\"async\" width=\"300\" height=\"200\" src=\"https:\/\/www.feuerwehr-liezen.at\/2018\/wp-content\/uploads\/2024\/03\/DSC06664-300x200.jpg\" class=\"attachment-medium size-medium\" alt=\"\" srcset=\"https:\/\/www.feuerwehr-liezen.at\/2018\/wp-content\/uploads\/2024\/03\/DSC06664-300x200.jpg 300w, https:\/\/www.feuerwehr-liezen.at\/2018\/wp-content\/uploads\/2024\/03\/DSC06664-1024x683.jpg 1024w, https:\/\/www.feuerwehr-liezen.at\/2018\/wp-content\/uploads\/2024\/03\/DSC06664-768x512.jpg 768w, https:\/\/www.feuerwehr-liezen.at\/2018\/wp-content\/uploads\/2024\/03\/DSC06664.jpg 1200w\" sizes=\"(max-width: 300px) 100vw, 300px\" \/><\/a>\n\t\t\t<\/div><\/figure><figure class='gallery-item'>\n\t\t\t<div class='gallery-icon landscape'>\n\t\t\t\t<a data-elementor-open-lightbox=\"yes\" data-elementor-lightbox-slideshow=\"ebb97b8\" data-elementor-lightbox-title=\"DSC06667-1\" data-e-action-hash=\"#elementor-action%3Aaction%3Dlightbox%26settings%3DeyJpZCI6MTA1OTgsInVybCI6Imh0dHBzOlwvXC93d3cuZmV1ZXJ3ZWhyLWxpZXplbi5hdFwvMjAxOFwvd3AtY29udGVudFwvdXBsb2Fkc1wvMjAyNFwvMDNcL0RTQzA2NjY3LTEuanBnIiwic2xpZGVzaG93IjoiZWJiOTdiOCJ9\" href='https:\/\/www.feuerwehr-liezen.at\/2018\/wp-content\/uploads\/2024\/03\/DSC06667-1.jpg'><img loading=\"lazy\" decoding=\"async\" width=\"300\" height=\"200\" src=\"https:\/\/www.feuerwehr-liezen.at\/2018\/wp-content\/uploads\/2024\/03\/DSC06667-1-300x200.jpg\" class=\"attachment-medium size-medium\" alt=\"\" srcset=\"https:\/\/www.feuerwehr-liezen.at\/2018\/wp-content\/uploads\/2024\/03\/DSC06667-1-300x200.jpg 300w, https:\/\/www.feuerwehr-liezen.at\/2018\/wp-content\/uploads\/2024\/03\/DSC06667-1-1024x683.jpg 1024w, https:\/\/www.feuerwehr-liezen.at\/2018\/wp-content\/uploads\/2024\/03\/DSC06667-1-768x512.jpg 768w, https:\/\/www.feuerwehr-liezen.at\/2018\/wp-content\/uploads\/2024\/03\/DSC06667-1.jpg 1200w\" sizes=\"(max-width: 300px) 100vw, 300px\" \/><\/a>\n\t\t\t<\/div><\/figure><figure class='gallery-item'>\n\t\t\t<div class='gallery-icon landscape'>\n\t\t\t\t<a data-elementor-open-lightbox=\"yes\" data-elementor-lightbox-slideshow=\"ebb97b8\" data-elementor-lightbox-title=\"DSC06684\" data-e-action-hash=\"#elementor-action%3Aaction%3Dlightbox%26settings%3DeyJpZCI6MTA2MDEsInVybCI6Imh0dHBzOlwvXC93d3cuZmV1ZXJ3ZWhyLWxpZXplbi5hdFwvMjAxOFwvd3AtY29udGVudFwvdXBsb2Fkc1wvMjAyNFwvMDNcL0RTQzA2Njg0LmpwZyIsInNsaWRlc2hvdyI6ImViYjk3YjgifQ%3D%3D\" href='https:\/\/www.feuerwehr-liezen.at\/2018\/wp-content\/uploads\/2024\/03\/DSC06684.jpg'><img loading=\"lazy\" decoding=\"async\" width=\"300\" height=\"200\" src=\"https:\/\/www.feuerwehr-liezen.at\/2018\/wp-content\/uploads\/2024\/03\/DSC06684-300x200.jpg\" class=\"attachment-medium size-medium\" alt=\"\" srcset=\"https:\/\/www.feuerwehr-liezen.at\/2018\/wp-content\/uploads\/2024\/03\/DSC06684-300x200.jpg 300w, https:\/\/www.feuerwehr-liezen.at\/2018\/wp-content\/uploads\/2024\/03\/DSC06684-1024x683.jpg 1024w, https:\/\/www.feuerwehr-liezen.at\/2018\/wp-content\/uploads\/2024\/03\/DSC06684-768x512.jpg 768w, https:\/\/www.feuerwehr-liezen.at\/2018\/wp-content\/uploads\/2024\/03\/DSC06684.jpg 1200w\" sizes=\"(max-width: 300px) 100vw, 300px\" \/><\/a>\n\t\t\t<\/div><\/figure><figure class='gallery-item'>\n\t\t\t<div class='gallery-icon landscape'>\n\t\t\t\t<a data-elementor-open-lightbox=\"yes\" data-elementor-lightbox-slideshow=\"ebb97b8\" data-elementor-lightbox-title=\"DSC06674\" data-e-action-hash=\"#elementor-action%3Aaction%3Dlightbox%26settings%3DeyJpZCI6MTA2MDIsInVybCI6Imh0dHBzOlwvXC93d3cuZmV1ZXJ3ZWhyLWxpZXplbi5hdFwvMjAxOFwvd3AtY29udGVudFwvdXBsb2Fkc1wvMjAyNFwvMDNcL0RTQzA2Njc0LmpwZyIsInNsaWRlc2hvdyI6ImViYjk3YjgifQ%3D%3D\" href='https:\/\/www.feuerwehr-liezen.at\/2018\/wp-content\/uploads\/2024\/03\/DSC06674.jpg'><img loading=\"lazy\" decoding=\"async\" width=\"300\" height=\"200\" src=\"https:\/\/www.feuerwehr-liezen.at\/2018\/wp-content\/uploads\/2024\/03\/DSC06674-300x200.jpg\" class=\"attachment-medium size-medium\" alt=\"\" srcset=\"https:\/\/www.feuerwehr-liezen.at\/2018\/wp-content\/uploads\/2024\/03\/DSC06674-300x200.jpg 300w, https:\/\/www.feuerwehr-liezen.at\/2018\/wp-content\/uploads\/2024\/03\/DSC06674-1024x683.jpg 1024w, https:\/\/www.feuerwehr-liezen.at\/2018\/wp-content\/uploads\/2024\/03\/DSC06674-768x512.jpg 768w, https:\/\/www.feuerwehr-liezen.at\/2018\/wp-content\/uploads\/2024\/03\/DSC06674.jpg 1200w\" sizes=\"(max-width: 300px) 100vw, 300px\" \/><\/a>\n\t\t\t<\/div><\/figure><figure class='gallery-item'>\n\t\t\t<div class='gallery-icon landscape'>\n\t\t\t\t<a data-elementor-open-lightbox=\"yes\" data-elementor-lightbox-slideshow=\"ebb97b8\" data-elementor-lightbox-title=\"DSC06673\" data-e-action-hash=\"#elementor-action%3Aaction%3Dlightbox%26settings%3DeyJpZCI6MTA2MDMsInVybCI6Imh0dHBzOlwvXC93d3cuZmV1ZXJ3ZWhyLWxpZXplbi5hdFwvMjAxOFwvd3AtY29udGVudFwvdXBsb2Fkc1wvMjAyNFwvMDNcL0RTQzA2NjczLmpwZyIsInNsaWRlc2hvdyI6ImViYjk3YjgifQ%3D%3D\" href='https:\/\/www.feuerwehr-liezen.at\/2018\/wp-content\/uploads\/2024\/03\/DSC06673.jpg'><img loading=\"lazy\" decoding=\"async\" width=\"300\" height=\"200\" src=\"https:\/\/www.feuerwehr-liezen.at\/2018\/wp-content\/uploads\/2024\/03\/DSC06673-300x200.jpg\" class=\"attachment-medium size-medium\" alt=\"\" srcset=\"https:\/\/www.feuerwehr-liezen.at\/2018\/wp-content\/uploads\/2024\/03\/DSC06673-300x200.jpg 300w, https:\/\/www.feuerwehr-liezen.at\/2018\/wp-content\/uploads\/2024\/03\/DSC06673-1024x683.jpg 1024w, https:\/\/www.feuerwehr-liezen.at\/2018\/wp-content\/uploads\/2024\/03\/DSC06673-768x512.jpg 768w, https:\/\/www.feuerwehr-liezen.at\/2018\/wp-content\/uploads\/2024\/03\/DSC06673.jpg 1200w\" sizes=\"(max-width: 300px) 100vw, 300px\" \/><\/a>\n\t\t\t<\/div><\/figure>\n\t\t<\/div>\n\t\t<\/div>\n\t\t\t\t\t\t<\/div>\n\t\t\t\t<\/div>\n\t\t\t\t\t<\/div>\n\t\t<\/div>\n\t\t\t\t\t<\/div>\n\t\t<\/section>\n\t\t\t\t<\/div>\n\t\t","protected":false},"excerpt":{"rendered":"<p>BLF-C Liezen Berge-L\u00f6schfahrzeug &#8211; Container Baujahr: 2023 Fahrgestell: Toyota Hilux (Allrad) Aufbau: Kofler Fahrzeugbau Leistung: 204 PS Das BLF-C ist ein allradbetriebenes Kleinl\u00f6schfahrzeug, das vor allem in unwegsamen Gel\u00e4nde zum Einsatz kommt. Es ist mit einer Tragkraftspritze ausgestattet um die L\u00f6schwasserversorgung zu gew\u00e4hrleisten. . BLF-C Liezen<\/p>\n","protected":false},"author":1,"featured_media":0,"parent":0,"menu_order":0,"comment_status":"closed","ping_status":"closed","template":"","meta":{"_acf_changed":false,"footnotes":""},"class_list":["post-1370","page","type-page","status-publish","hentry"],"acf":[],"_links":{"self":[{"href":"https:\/\/www.feuerwehr-liezen.at\/2018\/wp-json\/wp\/v2\/pages\/1370","targetHints":{"allow":["GET"]}}],"collection":[{"href":"https:\/\/www.feuerwehr-liezen.at\/2018\/wp-json\/wp\/v2\/pages"}],"about":[{"href":"https:\/\/www.feuerwehr-liezen.at\/2018\/wp-json\/wp\/v2\/types\/page"}],"author":[{"embeddable":true,"href":"https:\/\/www.feuerwehr-liezen.at\/2018\/wp-json\/wp\/v2\/users\/1"}],"replies":[{"embeddable":true,"href":"https:\/\/www.feuerwehr-liezen.at\/2018\/wp-json\/wp\/v2\/comments?post=1370"}],"version-history":[{"count":18,"href":"https:\/\/www.feuerwehr-liezen.at\/2018\/wp-json\/wp\/v2\/pages\/1370\/revisions"}],"predecessor-version":[{"id":10621,"href":"https:\/\/www.feuerwehr-liezen.at\/2018\/wp-json\/wp\/v2\/pages\/1370\/revisions\/10621"}],"wp:attachment":[{"href":"https:\/\/www.feuerwehr-liezen.at\/2018\/wp-json\/wp\/v2\/media?parent=1370"}],"curies":[{"name":"wp","href":"https:\/\/api.w.org\/{rel}","templated":true}]}}