{"id":1364,"date":"2019-01-15T14:28:10","date_gmt":"2019-01-15T13:28:10","guid":{"rendered":"https:\/\/www.feuerwehr-liezen.at\/2018\/?page_id=1364"},"modified":"2019-03-19T15:31:51","modified_gmt":"2019-03-19T14:31:51","slug":"mzfa","status":"publish","type":"page","link":"https:\/\/www.feuerwehr-liezen.at\/2018\/mzfa\/","title":{"rendered":"MZFA"},"content":{"rendered":"\t\t<div data-elementor-type=\"wp-post\" data-elementor-id=\"1364\" class=\"elementor elementor-1364\" data-elementor-settings=\"{&quot;element_pack_global_tooltip_width&quot;:{&quot;unit&quot;:&quot;px&quot;,&quot;size&quot;:&quot;&quot;,&quot;sizes&quot;:[]},&quot;element_pack_global_tooltip_width_tablet&quot;:{&quot;unit&quot;:&quot;px&quot;,&quot;size&quot;:&quot;&quot;,&quot;sizes&quot;:[]},&quot;element_pack_global_tooltip_width_mobile&quot;:{&quot;unit&quot;:&quot;px&quot;,&quot;size&quot;:&quot;&quot;,&quot;sizes&quot;:[]},&quot;element_pack_global_tooltip_padding&quot;:{&quot;unit&quot;:&quot;px&quot;,&quot;top&quot;:&quot;&quot;,&quot;right&quot;:&quot;&quot;,&quot;bottom&quot;:&quot;&quot;,&quot;left&quot;:&quot;&quot;,&quot;isLinked&quot;:true},&quot;element_pack_global_tooltip_padding_tablet&quot;:{&quot;unit&quot;:&quot;px&quot;,&quot;top&quot;:&quot;&quot;,&quot;right&quot;:&quot;&quot;,&quot;bottom&quot;:&quot;&quot;,&quot;left&quot;:&quot;&quot;,&quot;isLinked&quot;:true},&quot;element_pack_global_tooltip_padding_mobile&quot;:{&quot;unit&quot;:&quot;px&quot;,&quot;top&quot;:&quot;&quot;,&quot;right&quot;:&quot;&quot;,&quot;bottom&quot;:&quot;&quot;,&quot;left&quot;:&quot;&quot;,&quot;isLinked&quot;:true},&quot;element_pack_global_tooltip_border_radius&quot;:{&quot;unit&quot;:&quot;px&quot;,&quot;top&quot;:&quot;&quot;,&quot;right&quot;:&quot;&quot;,&quot;bottom&quot;:&quot;&quot;,&quot;left&quot;:&quot;&quot;,&quot;isLinked&quot;:true},&quot;element_pack_global_tooltip_border_radius_tablet&quot;:{&quot;unit&quot;:&quot;px&quot;,&quot;top&quot;:&quot;&quot;,&quot;right&quot;:&quot;&quot;,&quot;bottom&quot;:&quot;&quot;,&quot;left&quot;:&quot;&quot;,&quot;isLinked&quot;:true},&quot;element_pack_global_tooltip_border_radius_mobile&quot;:{&quot;unit&quot;:&quot;px&quot;,&quot;top&quot;:&quot;&quot;,&quot;right&quot;:&quot;&quot;,&quot;bottom&quot;:&quot;&quot;,&quot;left&quot;:&quot;&quot;,&quot;isLinked&quot;:true}}\" data-elementor-post-type=\"page\">\n\t\t\t\t\t\t<section class=\"elementor-section elementor-top-section elementor-element elementor-element-3edd9761 elementor-section-boxed elementor-section-height-default elementor-section-height-default\" data-id=\"3edd9761\" data-element_type=\"section\" data-e-type=\"section\">\n\t\t\t\t\t\t<div class=\"elementor-container elementor-column-gap-default\">\n\t\t\t\t\t<div class=\"elementor-column elementor-col-66 elementor-top-column elementor-element elementor-element-6b62161e\" data-id=\"6b62161e\" data-element_type=\"column\" data-e-type=\"column\">\n\t\t\t<div class=\"elementor-widget-wrap elementor-element-populated\">\n\t\t\t\t\t\t<div class=\"elementor-element elementor-element-53209e60 elementor-widget elementor-widget-image\" data-id=\"53209e60\" data-element_type=\"widget\" data-e-type=\"widget\" data-widget_type=\"image.default\">\n\t\t\t\t<div class=\"elementor-widget-container\">\n\t\t\t\t\t\t\t\t\t\t\t\t\t\t\t\t<a href=\"https:\/\/www.feuerwehr-liezen.at\/2018\/wp-content\/uploads\/2019\/01\/11406458_904823042908885_1549371165321852134_o.jpg\" data-elementor-open-lightbox=\"yes\" data-elementor-lightbox-title=\"11406458_904823042908885_1549371165321852134_o\" data-e-action-hash=\"#elementor-action%3Aaction%3Dlightbox%26settings%3DeyJpZCI6MTMzNywidXJsIjoiaHR0cHM6XC9cL3d3dy5mZXVlcndlaHItbGllemVuLmF0XC8yMDE4XC93cC1jb250ZW50XC91cGxvYWRzXC8yMDE5XC8wMVwvMTE0MDY0NThfOTA0ODIzMDQyOTA4ODg1XzE1NDkzNzExNjUzMjE4NTIxMzRfby5qcGcifQ%3D%3D\">\n\t\t\t\t\t\t\t<img fetchpriority=\"high\" decoding=\"async\" width=\"1024\" height=\"695\" src=\"https:\/\/www.feuerwehr-liezen.at\/2018\/wp-content\/uploads\/2019\/01\/11406458_904823042908885_1549371165321852134_o-1024x695.jpg\" class=\"attachment-large size-large wp-image-1337\" alt=\"\" srcset=\"https:\/\/www.feuerwehr-liezen.at\/2018\/wp-content\/uploads\/2019\/01\/11406458_904823042908885_1549371165321852134_o-1024x695.jpg 1024w, https:\/\/www.feuerwehr-liezen.at\/2018\/wp-content\/uploads\/2019\/01\/11406458_904823042908885_1549371165321852134_o-300x204.jpg 300w, https:\/\/www.feuerwehr-liezen.at\/2018\/wp-content\/uploads\/2019\/01\/11406458_904823042908885_1549371165321852134_o-768x521.jpg 768w, https:\/\/www.feuerwehr-liezen.at\/2018\/wp-content\/uploads\/2019\/01\/11406458_904823042908885_1549371165321852134_o.jpg 1255w\" sizes=\"(max-width: 1024px) 100vw, 1024px\" \/>\t\t\t\t\t\t\t\t<\/a>\n\t\t\t\t\t\t\t\t\t\t\t\t\t\t\t<\/div>\n\t\t\t\t<\/div>\n\t\t\t\t\t<\/div>\n\t\t<\/div>\n\t\t\t\t<div class=\"elementor-column elementor-col-33 elementor-top-column elementor-element elementor-element-22069f68\" data-id=\"22069f68\" data-element_type=\"column\" data-e-type=\"column\">\n\t\t\t<div class=\"elementor-widget-wrap elementor-element-populated\">\n\t\t\t\t\t\t<div class=\"elementor-element elementor-element-723a89eb elementor-widget elementor-widget-price-table\" data-id=\"723a89eb\" data-element_type=\"widget\" data-e-type=\"widget\" data-widget_type=\"price-table.default\">\n\t\t\t\t<div class=\"elementor-widget-container\">\n\t\t\t\t\t\n\t\t<div class=\"elementor-price-table\">\n\t\t\t\t\t\t\t<div class=\"elementor-price-table__header\">\n\t\t\t\t\t\t\t\t\t\t\t<h3 class=\"elementor-price-table__heading\">\n\t\t\t\t\t\tMZFA Liezen\t\t\t\t\t\t<\/h3>\n\t\t\t\t\t\n\t\t\t\t\t\t\t\t\t\t\t<span class=\"elementor-price-table__subheading\">\n\t\t\t\t\t\t\tMehrzweckfahrzeug (Kommandofahrzeug)\t\t\t\t\t\t<\/span>\n\t\t\t\t\t\t\t\t\t<\/div>\n\t\t\t\n\t\t\t<div class=\"elementor-price-table__price\">\n\t\t\t\t\t\t\t\t\t\t\t\t\n\t\t\t\t\n\t\t\t\t\n\t\t\t\t\t\t\t<\/div>\n\n\t\t\t\t\t\t\t<ul class=\"elementor-price-table__features-list\">\n\t\t\t\t\t\t\t\t\t\t\t<li class=\"elementor-repeater-item-772e4f1\">\n\t\t\t\t\t\t\t<div class=\"elementor-price-table__feature-inner\">\n\t\t\t\t\t\t\t\t\t\t\t\t\t\t\t\t\t\t<i class=\"fa fa-check-circle\" aria-hidden=\"true\"><\/i>\n\t\t\t\t\t\t\t\t\t\t\t\t\t\t\t\t\t\t\t\t\t\t\t\t\t\t\t<span >\n\t\t\t\t\t\t\t\t\t\tBaujahr: 2015\t\t\t\t\t\t\t\t\t<\/span>\n\t\t\t\t\t\t\t\t\t\t\t\t\t\t\t\t<\/div>\n\t\t\t\t\t\t<\/li>\n\t\t\t\t\t\t\t\t\t\t\t<li class=\"elementor-repeater-item-5953fd7\">\n\t\t\t\t\t\t\t<div class=\"elementor-price-table__feature-inner\">\n\t\t\t\t\t\t\t\t\t\t\t\t\t\t\t\t\t\t<i class=\"fa fa-check-circle\" aria-hidden=\"true\"><\/i>\n\t\t\t\t\t\t\t\t\t\t\t\t\t\t\t\t\t\t\t\t\t\t\t\t\t\t\t<span >\n\t\t\t\t\t\t\t\t\t\tFahrgestell: VW T5 Transporter MD-Kombi mit 4motion\t\t\t\t\t\t\t\t\t<\/span>\n\t\t\t\t\t\t\t\t\t\t\t\t\t\t\t\t<\/div>\n\t\t\t\t\t\t<\/li>\n\t\t\t\t\t\t\t\t\t\t\t<li class=\"elementor-repeater-item-8da847d\">\n\t\t\t\t\t\t\t<div class=\"elementor-price-table__feature-inner\">\n\t\t\t\t\t\t\t\t\t\t\t\t\t\t\t\t\t\t<i class=\"fa fa-check-circle\" aria-hidden=\"true\"><\/i>\n\t\t\t\t\t\t\t\t\t\t\t\t\t\t\t\t\t\t\t\t\t\t\t\t\t\t\t<span >\n\t\t\t\t\t\t\t\t\t\tAufbau: F.A.S.T Schulz, Lieboch\t\t\t\t\t\t\t\t\t<\/span>\n\t\t\t\t\t\t\t\t\t\t\t\t\t\t\t\t<\/div>\n\t\t\t\t\t\t<\/li>\n\t\t\t\t\t\t\t\t\t\t\t<li class=\"elementor-repeater-item-f8cda61\">\n\t\t\t\t\t\t\t<div class=\"elementor-price-table__feature-inner\">\n\t\t\t\t\t\t\t\t\t\t\t\t\t\t\t\t\t\t<i class=\"fa fa-check-circle\" aria-hidden=\"true\"><\/i>\n\t\t\t\t\t\t\t\t\t\t\t\t\t\t\t\t\t\t\t\t\t\t\t\t\t\t\t<span >\n\t\t\t\t\t\t\t\t\t\tLeistung: 140 PS\t\t\t\t\t\t\t\t\t<\/span>\n\t\t\t\t\t\t\t\t\t\t\t\t\t\t\t\t<\/div>\n\t\t\t\t\t\t<\/li>\n\t\t\t\t\t\t\t\t\t<\/ul>\n\t\t\t\n\t\t\t\t\t<\/div>\n\n\t\t\t\t\t<div class=\"elementor-ribbon\">\n\t\t\t\t<div class=\"elementor-ribbon-inner\">\n\t\t\t\t\tMZFA\t\t\t\t<\/div>\n\t\t\t<\/div>\n\t\t\t\t\t\t\t<\/div>\n\t\t\t\t<\/div>\n\t\t\t\t\t<\/div>\n\t\t<\/div>\n\t\t\t\t\t<\/div>\n\t\t<\/section>\n\t\t\t\t<section class=\"elementor-section elementor-top-section elementor-element elementor-element-ded8250 elementor-section-boxed elementor-section-height-default elementor-section-height-default\" data-id=\"ded8250\" data-element_type=\"section\" data-e-type=\"section\" data-settings=\"{&quot;background_background&quot;:&quot;classic&quot;}\">\n\t\t\t\t\t\t<div class=\"elementor-container elementor-column-gap-default\">\n\t\t\t\t\t<div class=\"elementor-column elementor-col-100 elementor-top-column elementor-element elementor-element-16e20656\" data-id=\"16e20656\" data-element_type=\"column\" data-e-type=\"column\">\n\t\t\t<div class=\"elementor-widget-wrap elementor-element-populated\">\n\t\t\t\t\t\t<div class=\"elementor-element elementor-element-2c1d7685 gallery-spacing-custom elementor-widget elementor-widget-image-gallery\" data-id=\"2c1d7685\" data-element_type=\"widget\" data-e-type=\"widget\" data-widget_type=\"image-gallery.default\">\n\t\t\t\t<div class=\"elementor-widget-container\">\n\t\t\t\t\t\t\t<div class=\"elementor-image-gallery\">\n\t\t\t<div id='gallery-1' class='gallery galleryid-1364 gallery-columns-3 gallery-size-medium'><figure class='gallery-item'>\n\t\t\t<div class='gallery-icon landscape'>\n\t\t\t\t<a data-elementor-open-lightbox=\"yes\" data-elementor-lightbox-slideshow=\"2c1d7685\" data-elementor-lightbox-title=\"11406458_904823042908885_1549371165321852134_o\" data-e-action-hash=\"#elementor-action%3Aaction%3Dlightbox%26settings%3DeyJpZCI6MTMzNywidXJsIjoiaHR0cHM6XC9cL3d3dy5mZXVlcndlaHItbGllemVuLmF0XC8yMDE4XC93cC1jb250ZW50XC91cGxvYWRzXC8yMDE5XC8wMVwvMTE0MDY0NThfOTA0ODIzMDQyOTA4ODg1XzE1NDkzNzExNjUzMjE4NTIxMzRfby5qcGciLCJzbGlkZXNob3ciOiIyYzFkNzY4NSJ9\" href='https:\/\/www.feuerwehr-liezen.at\/2018\/wp-content\/uploads\/2019\/01\/11406458_904823042908885_1549371165321852134_o.jpg'><img decoding=\"async\" width=\"300\" height=\"204\" src=\"https:\/\/www.feuerwehr-liezen.at\/2018\/wp-content\/uploads\/2019\/01\/11406458_904823042908885_1549371165321852134_o-300x204.jpg\" class=\"attachment-medium size-medium\" alt=\"\" srcset=\"https:\/\/www.feuerwehr-liezen.at\/2018\/wp-content\/uploads\/2019\/01\/11406458_904823042908885_1549371165321852134_o-300x204.jpg 300w, https:\/\/www.feuerwehr-liezen.at\/2018\/wp-content\/uploads\/2019\/01\/11406458_904823042908885_1549371165321852134_o-768x521.jpg 768w, https:\/\/www.feuerwehr-liezen.at\/2018\/wp-content\/uploads\/2019\/01\/11406458_904823042908885_1549371165321852134_o-1024x695.jpg 1024w, https:\/\/www.feuerwehr-liezen.at\/2018\/wp-content\/uploads\/2019\/01\/11406458_904823042908885_1549371165321852134_o.jpg 1255w\" sizes=\"(max-width: 300px) 100vw, 300px\" \/><\/a>\n\t\t\t<\/div><\/figure><figure class='gallery-item'>\n\t\t\t<div class='gallery-icon landscape'>\n\t\t\t\t<a data-elementor-open-lightbox=\"yes\" data-elementor-lightbox-slideshow=\"2c1d7685\" data-elementor-lightbox-title=\"11693840_904823199575536_3561987879841112156_n\" data-e-action-hash=\"#elementor-action%3Aaction%3Dlightbox%26settings%3DeyJpZCI6MTMzNiwidXJsIjoiaHR0cHM6XC9cL3d3dy5mZXVlcndlaHItbGllemVuLmF0XC8yMDE4XC93cC1jb250ZW50XC91cGxvYWRzXC8yMDE5XC8wMVwvMTE2OTM4NDBfOTA0ODIzMTk5NTc1NTM2XzM1NjE5ODc4Nzk4NDExMTIxNTZfbi5qcGciLCJzbGlkZXNob3ciOiIyYzFkNzY4NSJ9\" href='https:\/\/www.feuerwehr-liezen.at\/2018\/wp-content\/uploads\/2019\/01\/11693840_904823199575536_3561987879841112156_n.jpg'><img decoding=\"async\" width=\"300\" height=\"275\" src=\"https:\/\/www.feuerwehr-liezen.at\/2018\/wp-content\/uploads\/2019\/01\/11693840_904823199575536_3561987879841112156_n-300x275.jpg\" class=\"attachment-medium size-medium\" alt=\"\" srcset=\"https:\/\/www.feuerwehr-liezen.at\/2018\/wp-content\/uploads\/2019\/01\/11693840_904823199575536_3561987879841112156_n-300x275.jpg 300w, https:\/\/www.feuerwehr-liezen.at\/2018\/wp-content\/uploads\/2019\/01\/11693840_904823199575536_3561987879841112156_n-768x704.jpg 768w, https:\/\/www.feuerwehr-liezen.at\/2018\/wp-content\/uploads\/2019\/01\/11693840_904823199575536_3561987879841112156_n.jpg 955w\" sizes=\"(max-width: 300px) 100vw, 300px\" \/><\/a>\n\t\t\t<\/div><\/figure><figure class='gallery-item'>\n\t\t\t<div class='gallery-icon landscape'>\n\t\t\t\t<a data-elementor-open-lightbox=\"yes\" data-elementor-lightbox-slideshow=\"2c1d7685\" data-elementor-lightbox-title=\"11703453_904822892908900_8828807735549767422_o\" data-e-action-hash=\"#elementor-action%3Aaction%3Dlightbox%26settings%3DeyJpZCI6MTMzNSwidXJsIjoiaHR0cHM6XC9cL3d3dy5mZXVlcndlaHItbGllemVuLmF0XC8yMDE4XC93cC1jb250ZW50XC91cGxvYWRzXC8yMDE5XC8wMVwvMTE3MDM0NTNfOTA0ODIyODkyOTA4OTAwXzg4Mjg4MDc3MzU1NDk3Njc0MjJfby5qcGciLCJzbGlkZXNob3ciOiIyYzFkNzY4NSJ9\" href='https:\/\/www.feuerwehr-liezen.at\/2018\/wp-content\/uploads\/2019\/01\/11703453_904822892908900_8828807735549767422_o.jpg'><img loading=\"lazy\" decoding=\"async\" width=\"300\" height=\"171\" src=\"https:\/\/www.feuerwehr-liezen.at\/2018\/wp-content\/uploads\/2019\/01\/11703453_904822892908900_8828807735549767422_o-300x171.jpg\" class=\"attachment-medium size-medium\" alt=\"\" srcset=\"https:\/\/www.feuerwehr-liezen.at\/2018\/wp-content\/uploads\/2019\/01\/11703453_904822892908900_8828807735549767422_o-300x171.jpg 300w, https:\/\/www.feuerwehr-liezen.at\/2018\/wp-content\/uploads\/2019\/01\/11703453_904822892908900_8828807735549767422_o-768x439.jpg 768w, https:\/\/www.feuerwehr-liezen.at\/2018\/wp-content\/uploads\/2019\/01\/11703453_904822892908900_8828807735549767422_o-1024x585.jpg 1024w, https:\/\/www.feuerwehr-liezen.at\/2018\/wp-content\/uploads\/2019\/01\/11703453_904822892908900_8828807735549767422_o.jpg 1277w\" sizes=\"(max-width: 300px) 100vw, 300px\" \/><\/a>\n\t\t\t<\/div><\/figure><figure class='gallery-item'>\n\t\t\t<div class='gallery-icon landscape'>\n\t\t\t\t<a data-elementor-open-lightbox=\"yes\" data-elementor-lightbox-slideshow=\"2c1d7685\" data-elementor-lightbox-title=\"11713777_904822989575557_7260363403911154085_o\" data-e-action-hash=\"#elementor-action%3Aaction%3Dlightbox%26settings%3DeyJpZCI6MTMzNCwidXJsIjoiaHR0cHM6XC9cL3d3dy5mZXVlcndlaHItbGllemVuLmF0XC8yMDE4XC93cC1jb250ZW50XC91cGxvYWRzXC8yMDE5XC8wMVwvMTE3MTM3NzdfOTA0ODIyOTg5NTc1NTU3XzcyNjAzNjM0MDM5MTExNTQwODVfby5qcGciLCJzbGlkZXNob3ciOiIyYzFkNzY4NSJ9\" href='https:\/\/www.feuerwehr-liezen.at\/2018\/wp-content\/uploads\/2019\/01\/11713777_904822989575557_7260363403911154085_o.jpg'><img loading=\"lazy\" decoding=\"async\" width=\"300\" height=\"256\" src=\"https:\/\/www.feuerwehr-liezen.at\/2018\/wp-content\/uploads\/2019\/01\/11713777_904822989575557_7260363403911154085_o-300x256.jpg\" class=\"attachment-medium size-medium\" alt=\"\" srcset=\"https:\/\/www.feuerwehr-liezen.at\/2018\/wp-content\/uploads\/2019\/01\/11713777_904822989575557_7260363403911154085_o-300x256.jpg 300w, https:\/\/www.feuerwehr-liezen.at\/2018\/wp-content\/uploads\/2019\/01\/11713777_904822989575557_7260363403911154085_o-768x657.jpg 768w, https:\/\/www.feuerwehr-liezen.at\/2018\/wp-content\/uploads\/2019\/01\/11713777_904822989575557_7260363403911154085_o-1024x875.jpg 1024w, https:\/\/www.feuerwehr-liezen.at\/2018\/wp-content\/uploads\/2019\/01\/11713777_904822989575557_7260363403911154085_o.jpg 1075w\" sizes=\"(max-width: 300px) 100vw, 300px\" \/><\/a>\n\t\t\t<\/div><\/figure><figure class='gallery-item'>\n\t\t\t<div class='gallery-icon landscape'>\n\t\t\t\t<a data-elementor-open-lightbox=\"yes\" data-elementor-lightbox-slideshow=\"2c1d7685\" data-elementor-lightbox-title=\"11217946_904823739575482_1968116027268993579_o\" data-e-action-hash=\"#elementor-action%3Aaction%3Dlightbox%26settings%3DeyJpZCI6MTMzOCwidXJsIjoiaHR0cHM6XC9cL3d3dy5mZXVlcndlaHItbGllemVuLmF0XC8yMDE4XC93cC1jb250ZW50XC91cGxvYWRzXC8yMDE5XC8wMVwvMTEyMTc5NDZfOTA0ODIzNzM5NTc1NDgyXzE5NjgxMTYwMjcyNjg5OTM1Nzlfby5qcGciLCJzbGlkZXNob3ciOiIyYzFkNzY4NSJ9\" href='https:\/\/www.feuerwehr-liezen.at\/2018\/wp-content\/uploads\/2019\/01\/11217946_904823739575482_1968116027268993579_o.jpg'><img loading=\"lazy\" decoding=\"async\" width=\"300\" height=\"178\" src=\"https:\/\/www.feuerwehr-liezen.at\/2018\/wp-content\/uploads\/2019\/01\/11217946_904823739575482_1968116027268993579_o-300x178.jpg\" class=\"attachment-medium size-medium\" alt=\"\" srcset=\"https:\/\/www.feuerwehr-liezen.at\/2018\/wp-content\/uploads\/2019\/01\/11217946_904823739575482_1968116027268993579_o-300x178.jpg 300w, https:\/\/www.feuerwehr-liezen.at\/2018\/wp-content\/uploads\/2019\/01\/11217946_904823739575482_1968116027268993579_o-768x457.jpg 768w, https:\/\/www.feuerwehr-liezen.at\/2018\/wp-content\/uploads\/2019\/01\/11217946_904823739575482_1968116027268993579_o-1024x609.jpg 1024w, https:\/\/www.feuerwehr-liezen.at\/2018\/wp-content\/uploads\/2019\/01\/11217946_904823739575482_1968116027268993579_o.jpg 1148w\" sizes=\"(max-width: 300px) 100vw, 300px\" \/><\/a>\n\t\t\t<\/div><\/figure><figure class='gallery-item'>\n\t\t\t<div class='gallery-icon landscape'>\n\t\t\t\t<a data-elementor-open-lightbox=\"yes\" data-elementor-lightbox-slideshow=\"2c1d7685\" data-elementor-lightbox-title=\"11111155_904823786242144_1072503322806225780_o\" data-e-action-hash=\"#elementor-action%3Aaction%3Dlightbox%26settings%3DeyJpZCI6MTMzOSwidXJsIjoiaHR0cHM6XC9cL3d3dy5mZXVlcndlaHItbGllemVuLmF0XC8yMDE4XC93cC1jb250ZW50XC91cGxvYWRzXC8yMDE5XC8wMVwvMTExMTExNTVfOTA0ODIzNzg2MjQyMTQ0XzEwNzI1MDMzMjI4MDYyMjU3ODBfby5qcGciLCJzbGlkZXNob3ciOiIyYzFkNzY4NSJ9\" href='https:\/\/www.feuerwehr-liezen.at\/2018\/wp-content\/uploads\/2019\/01\/11111155_904823786242144_1072503322806225780_o.jpg'><img loading=\"lazy\" decoding=\"async\" width=\"300\" height=\"225\" src=\"https:\/\/www.feuerwehr-liezen.at\/2018\/wp-content\/uploads\/2019\/01\/11111155_904823786242144_1072503322806225780_o-300x225.jpg\" class=\"attachment-medium size-medium\" alt=\"\" srcset=\"https:\/\/www.feuerwehr-liezen.at\/2018\/wp-content\/uploads\/2019\/01\/11111155_904823786242144_1072503322806225780_o-300x225.jpg 300w, https:\/\/www.feuerwehr-liezen.at\/2018\/wp-content\/uploads\/2019\/01\/11111155_904823786242144_1072503322806225780_o-768x576.jpg 768w, https:\/\/www.feuerwehr-liezen.at\/2018\/wp-content\/uploads\/2019\/01\/11111155_904823786242144_1072503322806225780_o-1024x768.jpg 1024w, https:\/\/www.feuerwehr-liezen.at\/2018\/wp-content\/uploads\/2019\/01\/11111155_904823786242144_1072503322806225780_o.jpg 1306w\" sizes=\"(max-width: 300px) 100vw, 300px\" \/><\/a>\n\t\t\t<\/div><\/figure>\n\t\t<\/div>\n\t\t<\/div>\n\t\t\t\t\t\t<\/div>\n\t\t\t\t<\/div>\n\t\t\t\t\t<\/div>\n\t\t<\/div>\n\t\t\t\t\t<\/div>\n\t\t<\/section>\n\t\t\t\t<\/div>\n\t\t","protected":false},"excerpt":{"rendered":"<p>MZFA Liezen Mehrzweckfahrzeug (Kommandofahrzeug) Baujahr: 2015 Fahrgestell: VW T5 Transporter MD-Kombi mit 4motion Aufbau: F.A.S.T Schulz, Lieboch Leistung: 140 PS Das MZFA dient sowohl als mobile Einsatzleitstelle, als auch als Vorausfahrzeug. Es ist mit einer zweiten Batterie sowie einem speziellen Wechselrichter ausger\u00fcstet, um bei l\u00e4ngeren Eins\u00e4tzen die Verwendung von Laptops, Funkger\u00e4ten und dergleichen zu garantieren. [&hellip;]<\/p>\n","protected":false},"author":1,"featured_media":0,"parent":0,"menu_order":0,"comment_status":"closed","ping_status":"closed","template":"","meta":{"_acf_changed":false,"footnotes":""},"class_list":["post-1364","page","type-page","status-publish","hentry"],"acf":[],"_links":{"self":[{"href":"https:\/\/www.feuerwehr-liezen.at\/2018\/wp-json\/wp\/v2\/pages\/1364","targetHints":{"allow":["GET"]}}],"collection":[{"href":"https:\/\/www.feuerwehr-liezen.at\/2018\/wp-json\/wp\/v2\/pages"}],"about":[{"href":"https:\/\/www.feuerwehr-liezen.at\/2018\/wp-json\/wp\/v2\/types\/page"}],"author":[{"embeddable":true,"href":"https:\/\/www.feuerwehr-liezen.at\/2018\/wp-json\/wp\/v2\/users\/1"}],"replies":[{"embeddable":true,"href":"https:\/\/www.feuerwehr-liezen.at\/2018\/wp-json\/wp\/v2\/comments?post=1364"}],"version-history":[{"count":3,"href":"https:\/\/www.feuerwehr-liezen.at\/2018\/wp-json\/wp\/v2\/pages\/1364\/revisions"}],"predecessor-version":[{"id":2982,"href":"https:\/\/www.feuerwehr-liezen.at\/2018\/wp-json\/wp\/v2\/pages\/1364\/revisions\/2982"}],"wp:attachment":[{"href":"https:\/\/www.feuerwehr-liezen.at\/2018\/wp-json\/wp\/v2\/media?parent=1364"}],"curies":[{"name":"wp","href":"https:\/\/api.w.org\/{rel}","templated":true}]}}