{"id":1355,"date":"2019-01-14T15:28:15","date_gmt":"2019-01-14T14:28:15","guid":{"rendered":"https:\/\/www.feuerwehr-liezen.at\/2018\/?page_id=1355"},"modified":"2020-11-09T09:00:23","modified_gmt":"2020-11-09T08:00:23","slug":"dlk-2","status":"publish","type":"page","link":"https:\/\/www.feuerwehr-liezen.at\/2018\/dlk-2\/","title":{"rendered":"DLK"},"content":{"rendered":"\t\t<div data-elementor-type=\"wp-post\" data-elementor-id=\"1355\" class=\"elementor elementor-1355\" data-elementor-settings=\"{&quot;element_pack_global_tooltip_width&quot;:{&quot;unit&quot;:&quot;px&quot;,&quot;size&quot;:&quot;&quot;,&quot;sizes&quot;:[]},&quot;element_pack_global_tooltip_width_tablet&quot;:{&quot;unit&quot;:&quot;px&quot;,&quot;size&quot;:&quot;&quot;,&quot;sizes&quot;:[]},&quot;element_pack_global_tooltip_width_mobile&quot;:{&quot;unit&quot;:&quot;px&quot;,&quot;size&quot;:&quot;&quot;,&quot;sizes&quot;:[]},&quot;element_pack_global_tooltip_padding&quot;:{&quot;unit&quot;:&quot;px&quot;,&quot;top&quot;:&quot;&quot;,&quot;right&quot;:&quot;&quot;,&quot;bottom&quot;:&quot;&quot;,&quot;left&quot;:&quot;&quot;,&quot;isLinked&quot;:true},&quot;element_pack_global_tooltip_padding_tablet&quot;:{&quot;unit&quot;:&quot;px&quot;,&quot;top&quot;:&quot;&quot;,&quot;right&quot;:&quot;&quot;,&quot;bottom&quot;:&quot;&quot;,&quot;left&quot;:&quot;&quot;,&quot;isLinked&quot;:true},&quot;element_pack_global_tooltip_padding_mobile&quot;:{&quot;unit&quot;:&quot;px&quot;,&quot;top&quot;:&quot;&quot;,&quot;right&quot;:&quot;&quot;,&quot;bottom&quot;:&quot;&quot;,&quot;left&quot;:&quot;&quot;,&quot;isLinked&quot;:true},&quot;element_pack_global_tooltip_border_radius&quot;:{&quot;unit&quot;:&quot;px&quot;,&quot;top&quot;:&quot;&quot;,&quot;right&quot;:&quot;&quot;,&quot;bottom&quot;:&quot;&quot;,&quot;left&quot;:&quot;&quot;,&quot;isLinked&quot;:true},&quot;element_pack_global_tooltip_border_radius_tablet&quot;:{&quot;unit&quot;:&quot;px&quot;,&quot;top&quot;:&quot;&quot;,&quot;right&quot;:&quot;&quot;,&quot;bottom&quot;:&quot;&quot;,&quot;left&quot;:&quot;&quot;,&quot;isLinked&quot;:true},&quot;element_pack_global_tooltip_border_radius_mobile&quot;:{&quot;unit&quot;:&quot;px&quot;,&quot;top&quot;:&quot;&quot;,&quot;right&quot;:&quot;&quot;,&quot;bottom&quot;:&quot;&quot;,&quot;left&quot;:&quot;&quot;,&quot;isLinked&quot;:true}}\" data-elementor-post-type=\"page\">\n\t\t\t\t\t\t<section class=\"elementor-section elementor-top-section elementor-element elementor-element-7202e336 elementor-section-boxed elementor-section-height-default elementor-section-height-default\" data-id=\"7202e336\" data-element_type=\"section\" data-e-type=\"section\">\n\t\t\t\t\t\t<div class=\"elementor-container elementor-column-gap-default\">\n\t\t\t\t\t<div class=\"elementor-column elementor-col-66 elementor-top-column elementor-element elementor-element-46a3ffa9\" data-id=\"46a3ffa9\" data-element_type=\"column\" data-e-type=\"column\">\n\t\t\t<div class=\"elementor-widget-wrap elementor-element-populated\">\n\t\t\t\t\t\t<div class=\"elementor-element elementor-element-19302242 elementor-widget elementor-widget-image\" data-id=\"19302242\" data-element_type=\"widget\" data-e-type=\"widget\" data-widget_type=\"image.default\">\n\t\t\t\t<div class=\"elementor-widget-container\">\n\t\t\t\t\t\t\t\t\t\t\t\t\t\t\t\t<a href=\"https:\/\/www.feuerwehr-liezen.at\/2018\/wp-content\/uploads\/2020\/11\/002_dlk2312.png\" data-elementor-open-lightbox=\"yes\" data-elementor-lightbox-title=\"002_dlk2312\" data-e-action-hash=\"#elementor-action%3Aaction%3Dlightbox%26settings%3DeyJpZCI6NjAxMSwidXJsIjoiaHR0cHM6XC9cL3d3dy5mZXVlcndlaHItbGllemVuLmF0XC8yMDE4XC93cC1jb250ZW50XC91cGxvYWRzXC8yMDIwXC8xMVwvMDAyX2RsazIzMTIucG5nIn0%3D\">\n\t\t\t\t\t\t\t<img fetchpriority=\"high\" decoding=\"async\" width=\"1024\" height=\"683\" src=\"https:\/\/www.feuerwehr-liezen.at\/2018\/wp-content\/uploads\/2020\/11\/002_dlk2312-1024x683.png\" class=\"attachment-large size-large wp-image-6011\" alt=\"\" srcset=\"https:\/\/www.feuerwehr-liezen.at\/2018\/wp-content\/uploads\/2020\/11\/002_dlk2312-1024x683.png 1024w, https:\/\/www.feuerwehr-liezen.at\/2018\/wp-content\/uploads\/2020\/11\/002_dlk2312-300x200.png 300w, https:\/\/www.feuerwehr-liezen.at\/2018\/wp-content\/uploads\/2020\/11\/002_dlk2312-768x512.png 768w, https:\/\/www.feuerwehr-liezen.at\/2018\/wp-content\/uploads\/2020\/11\/002_dlk2312.png 1280w\" sizes=\"(max-width: 1024px) 100vw, 1024px\" \/>\t\t\t\t\t\t\t\t<\/a>\n\t\t\t\t\t\t\t\t\t\t\t\t\t\t\t<\/div>\n\t\t\t\t<\/div>\n\t\t\t\t\t<\/div>\n\t\t<\/div>\n\t\t\t\t<div class=\"elementor-column elementor-col-33 elementor-top-column elementor-element elementor-element-20964857\" data-id=\"20964857\" data-element_type=\"column\" data-e-type=\"column\">\n\t\t\t<div class=\"elementor-widget-wrap elementor-element-populated\">\n\t\t\t\t\t\t<div class=\"elementor-element elementor-element-4ae85b16 elementor-widget elementor-widget-price-table\" data-id=\"4ae85b16\" data-element_type=\"widget\" data-e-type=\"widget\" data-widget_type=\"price-table.default\">\n\t\t\t\t<div class=\"elementor-widget-container\">\n\t\t\t\t\t\n\t\t<div class=\"elementor-price-table\">\n\t\t\t\t\t\t\t<div class=\"elementor-price-table__header\">\n\t\t\t\t\t\t\t\t\t\t\t<h3 class=\"elementor-price-table__heading\">\n\t\t\t\t\t\tDLK 23-12\t\t\t\t\t\t<\/h3>\n\t\t\t\t\t\n\t\t\t\t\t\t\t\t\t\t\t<span class=\"elementor-price-table__subheading\">\n\t\t\t\t\t\t\tDrehleiter mit Korb\t\t\t\t\t\t<\/span>\n\t\t\t\t\t\t\t\t\t<\/div>\n\t\t\t\n\t\t\t<div class=\"elementor-price-table__price\">\n\t\t\t\t\t\t\t\t\t\t\t\t\n\t\t\t\t\n\t\t\t\t\n\t\t\t\t\t\t\t<\/div>\n\n\t\t\t\t\t\t\t<ul class=\"elementor-price-table__features-list\">\n\t\t\t\t\t\t\t\t\t\t\t<li class=\"elementor-repeater-item-772e4f1\">\n\t\t\t\t\t\t\t<div class=\"elementor-price-table__feature-inner\">\n\t\t\t\t\t\t\t\t\t\t\t\t\t\t\t\t\t\t<i class=\"fa fa-check-circle\" aria-hidden=\"true\"><\/i>\n\t\t\t\t\t\t\t\t\t\t\t\t\t\t\t\t\t\t\t\t\t\t\t\t\t\t\t<span >\n\t\t\t\t\t\t\t\t\t\tBaujahr: 2020\t\t\t\t\t\t\t\t\t<\/span>\n\t\t\t\t\t\t\t\t\t\t\t\t\t\t\t\t<\/div>\n\t\t\t\t\t\t<\/li>\n\t\t\t\t\t\t\t\t\t\t\t<li class=\"elementor-repeater-item-5953fd7\">\n\t\t\t\t\t\t\t<div class=\"elementor-price-table__feature-inner\">\n\t\t\t\t\t\t\t\t\t\t\t\t\t\t\t\t\t\t<i class=\"fa fa-check-circle\" aria-hidden=\"true\"><\/i>\n\t\t\t\t\t\t\t\t\t\t\t\t\t\t\t\t\t\t\t\t\t\t\t\t\t\t\t<span >\n\t\t\t\t\t\t\t\t\t\tFahrgestell: Mercedes Atego 1530, 4 x 2 \t\t\t\t\t\t\t\t\t<\/span>\n\t\t\t\t\t\t\t\t\t\t\t\t\t\t\t\t<\/div>\n\t\t\t\t\t\t<\/li>\n\t\t\t\t\t\t\t\t\t\t\t<li class=\"elementor-repeater-item-8da847d\">\n\t\t\t\t\t\t\t<div class=\"elementor-price-table__feature-inner\">\n\t\t\t\t\t\t\t\t\t\t\t\t\t\t\t\t\t\t<i class=\"fa fa-check-circle\" aria-hidden=\"true\"><\/i>\n\t\t\t\t\t\t\t\t\t\t\t\t\t\t\t\t\t\t\t\t\t\t\t\t\t\t\t<span >\n\t\t\t\t\t\t\t\t\t\tAufbau: Magirus-Lohr\t\t\t\t\t\t\t\t\t<\/span>\n\t\t\t\t\t\t\t\t\t\t\t\t\t\t\t\t<\/div>\n\t\t\t\t\t\t<\/li>\n\t\t\t\t\t\t\t\t\t\t\t<li class=\"elementor-repeater-item-f8cda61\">\n\t\t\t\t\t\t\t<div class=\"elementor-price-table__feature-inner\">\n\t\t\t\t\t\t\t\t\t\t\t\t\t\t\t\t\t\t<i class=\"fa fa-check-circle\" aria-hidden=\"true\"><\/i>\n\t\t\t\t\t\t\t\t\t\t\t\t\t\t\t\t\t\t\t\t\t\t\t\t\t\t\t<span >\n\t\t\t\t\t\t\t\t\t\tLeistung: 300 PS\t\t\t\t\t\t\t\t\t<\/span>\n\t\t\t\t\t\t\t\t\t\t\t\t\t\t\t\t<\/div>\n\t\t\t\t\t\t<\/li>\n\t\t\t\t\t\t\t\t\t\t\t<li class=\"elementor-repeater-item-b71b38f\">\n\t\t\t\t\t\t\t<div class=\"elementor-price-table__feature-inner\">\n\t\t\t\t\t\t\t\t\t\t\t\t\t\t\t\t\t\t<i class=\"fa fa-check-circle\" aria-hidden=\"true\"><\/i>\n\t\t\t\t\t\t\t\t\t\t\t\t\t\t\t\t\t\t\t\t\t\t\t\t\t\t\t<span >\n\t\t\t\t\t\t\t\t\t\tGelenkleiter mit Single Extension Technologie\t\t\t\t\t\t\t\t\t<\/span>\n\t\t\t\t\t\t\t\t\t\t\t\t\t\t\t\t<\/div>\n\t\t\t\t\t\t<\/li>\n\t\t\t\t\t\t\t\t\t\t\t<li class=\"elementor-repeater-item-b5ba543\">\n\t\t\t\t\t\t\t<div class=\"elementor-price-table__feature-inner\">\n\t\t\t\t\t\t\t\t\t\t\t\t\t\t\t\t\t\t<i class=\"fa fa-check-circle\" aria-hidden=\"true\"><\/i>\n\t\t\t\t\t\t\t\t\t\t\t\t\t\t\t\t\t\t\t\t\t\t\t\t\t\t\t<span >\n\t\t\t\t\t\t\t\t\t\tRettungskorb f\u00fcr 4 Personen \t\t\t\t\t\t\t\t\t<\/span>\n\t\t\t\t\t\t\t\t\t\t\t\t\t\t\t\t<\/div>\n\t\t\t\t\t\t<\/li>\n\t\t\t\t\t\t\t\t\t\t\t<li class=\"elementor-repeater-item-f3715c6\">\n\t\t\t\t\t\t\t<div class=\"elementor-price-table__feature-inner\">\n\t\t\t\t\t\t\t\t\t\t\t\t\t\t\t\t\t\t<i class=\"fa fa-check-circle\" aria-hidden=\"true\"><\/i>\n\t\t\t\t\t\t\t\t\t\t\t\t\t\t\t\t\t\t\t\t\t\t\t\t\t\t\t<span >\n\t\t\t\t\t\t\t\t\t\tKrankentragenlagerung am Rettungskorb f\u00fcr 200 kg\t\t\t\t\t\t\t\t\t<\/span>\n\t\t\t\t\t\t\t\t\t\t\t\t\t\t\t\t<\/div>\n\t\t\t\t\t\t<\/li>\n\t\t\t\t\t\t\t\t\t\t\t<li class=\"elementor-repeater-item-958a54b\">\n\t\t\t\t\t\t\t<div class=\"elementor-price-table__feature-inner\">\n\t\t\t\t\t\t\t\t\t\t\t\t\t\t\t\t\t\t<i class=\"fa fa-check-circle\" aria-hidden=\"true\"><\/i>\n\t\t\t\t\t\t\t\t\t\t\t\t\t\t\t\t\t\t\t\t\t\t\t\t\t\t\t<span >\n\t\t\t\t\t\t\t\t\t\tDruckl\u00fcfter aufsteckbar am Korb\t\t\t\t\t\t\t\t\t<\/span>\n\t\t\t\t\t\t\t\t\t\t\t\t\t\t\t\t<\/div>\n\t\t\t\t\t\t<\/li>\n\t\t\t\t\t\t\t\t\t\t\t<li class=\"elementor-repeater-item-6856151\">\n\t\t\t\t\t\t\t<div class=\"elementor-price-table__feature-inner\">\n\t\t\t\t\t\t\t\t\t\t\t\t\t\t\t\t\t\t<i class=\"fa fa-check-circle\" aria-hidden=\"true\"><\/i>\n\t\t\t\t\t\t\t\t\t\t\t\t\t\t\t\t\t\t\t\t\t\t\t\t\t\t\t<span >\n\t\t\t\t\t\t\t\t\t\tWasser-\/ Schaumwerfer (2.500 l\/min) manuell einsteckbar in Multifunktionss\u00e4ule\t\t\t\t\t\t\t\t\t<\/span>\n\t\t\t\t\t\t\t\t\t\t\t\t\t\t\t\t<\/div>\n\t\t\t\t\t\t<\/li>\n\t\t\t\t\t\t\t\t\t\t\t<li class=\"elementor-repeater-item-f4a5f7d\">\n\t\t\t\t\t\t\t<div class=\"elementor-price-table__feature-inner\">\n\t\t\t\t\t\t\t\t\t\t\t\t\t\t\t\t\t\t<i class=\"fa fa-check-circle\" aria-hidden=\"true\"><\/i>\n\t\t\t\t\t\t\t\t\t\t\t\t\t\t\t\t\t\t\t\t\t\t\t\t\t\t\t<span >\n\t\t\t\t\t\t\t\t\t\tSelbstschutz Spr\u00fchanlage am Rettungskorb\t\t\t\t\t\t\t\t\t<\/span>\n\t\t\t\t\t\t\t\t\t\t\t\t\t\t\t\t<\/div>\n\t\t\t\t\t\t<\/li>\n\t\t\t\t\t\t\t\t\t\t\t<li class=\"elementor-repeater-item-2c0626e\">\n\t\t\t\t\t\t\t<div class=\"elementor-price-table__feature-inner\">\n\t\t\t\t\t\t\t\t\t\t\t\t\t\t\t\t\t\t<i class=\"fa fa-check-circle\" aria-hidden=\"true\"><\/i>\n\t\t\t\t\t\t\t\t\t\t\t\t\t\t\t\t\t\t\t\t\t\t\t\t\t\t\t<span >\n\t\t\t\t\t\t\t\t\t\tR\u00fcckfahrkamera\t\t\t\t\t\t\t\t\t<\/span>\n\t\t\t\t\t\t\t\t\t\t\t\t\t\t\t\t<\/div>\n\t\t\t\t\t\t<\/li>\n\t\t\t\t\t\t\t\t\t\t\t<li class=\"elementor-repeater-item-6f38379\">\n\t\t\t\t\t\t\t<div class=\"elementor-price-table__feature-inner\">\n\t\t\t\t\t\t\t\t\t\t\t\t\t\t\t\t\t\t<i class=\"fa fa-check-circle\" aria-hidden=\"true\"><\/i>\n\t\t\t\t\t\t\t\t\t\t\t\t\t\t\t\t\t\t\t\t\t\t\t\t\t\t\t<span >\n\t\t\t\t\t\t\t\t\t\tZus\u00e4tzliche LED-Scheinwerfer seitlich am Korb\t\t\t\t\t\t\t\t\t<\/span>\n\t\t\t\t\t\t\t\t\t\t\t\t\t\t\t\t<\/div>\n\t\t\t\t\t\t<\/li>\n\t\t\t\t\t\t\t\t\t\t\t<li class=\"elementor-repeater-item-4b8e109\">\n\t\t\t\t\t\t\t<div class=\"elementor-price-table__feature-inner\">\n\t\t\t\t\t\t\t\t\t\t\t\t\t\t\t\t\t\t<i class=\"fa fa-check-circle\" aria-hidden=\"true\"><\/i>\n\t\t\t\t\t\t\t\t\t\t\t\t\t\t\t\t\t\t\t\t\t\t\t\t\t\t\t<span >\n\t\t\t\t\t\t\t\t\t\tAutopilot-Memory-Steuerung\t\t\t\t\t\t\t\t\t<\/span>\n\t\t\t\t\t\t\t\t\t\t\t\t\t\t\t\t<\/div>\n\t\t\t\t\t\t<\/li>\n\t\t\t\t\t\t\t\t\t<\/ul>\n\t\t\t\n\t\t\t\t\t<\/div>\n\n\t\t\t\t\t<div class=\"elementor-ribbon\">\n\t\t\t\t<div class=\"elementor-ribbon-inner\">\n\t\t\t\t\tDLK 23-12\t\t\t\t<\/div>\n\t\t\t<\/div>\n\t\t\t\t\t\t\t<\/div>\n\t\t\t\t<\/div>\n\t\t\t\t\t<\/div>\n\t\t<\/div>\n\t\t\t\t\t<\/div>\n\t\t<\/section>\n\t\t\t\t<section class=\"elementor-section elementor-top-section elementor-element elementor-element-5439b26f elementor-section-boxed elementor-section-height-default elementor-section-height-default\" data-id=\"5439b26f\" data-element_type=\"section\" data-e-type=\"section\" data-settings=\"{&quot;background_background&quot;:&quot;classic&quot;}\">\n\t\t\t\t\t\t<div class=\"elementor-container elementor-column-gap-default\">\n\t\t\t\t\t<div class=\"elementor-column elementor-col-100 elementor-top-column elementor-element elementor-element-48361c84\" data-id=\"48361c84\" data-element_type=\"column\" data-e-type=\"column\">\n\t\t\t<div class=\"elementor-widget-wrap elementor-element-populated\">\n\t\t\t\t\t\t<div class=\"elementor-element elementor-element-1521ea32 gallery-spacing-custom elementor-widget elementor-widget-image-gallery\" data-id=\"1521ea32\" data-element_type=\"widget\" data-e-type=\"widget\" data-widget_type=\"image-gallery.default\">\n\t\t\t\t<div class=\"elementor-widget-container\">\n\t\t\t\t\t\t\t<div class=\"elementor-image-gallery\">\n\t\t\t<div id='gallery-1' class='gallery galleryid-1355 gallery-columns-3 gallery-size-medium'><figure class='gallery-item'>\n\t\t\t<div class='gallery-icon landscape'>\n\t\t\t\t<a data-elementor-open-lightbox=\"yes\" data-elementor-lightbox-slideshow=\"1521ea32\" data-elementor-lightbox-title=\"002_dlk2312\" data-e-action-hash=\"#elementor-action%3Aaction%3Dlightbox%26settings%3DeyJpZCI6NjAxMSwidXJsIjoiaHR0cHM6XC9cL3d3dy5mZXVlcndlaHItbGllemVuLmF0XC8yMDE4XC93cC1jb250ZW50XC91cGxvYWRzXC8yMDIwXC8xMVwvMDAyX2RsazIzMTIucG5nIiwic2xpZGVzaG93IjoiMTUyMWVhMzIifQ%3D%3D\" href='https:\/\/www.feuerwehr-liezen.at\/2018\/wp-content\/uploads\/2020\/11\/002_dlk2312.png'><img decoding=\"async\" width=\"300\" height=\"200\" src=\"https:\/\/www.feuerwehr-liezen.at\/2018\/wp-content\/uploads\/2020\/11\/002_dlk2312-300x200.png\" class=\"attachment-medium size-medium\" alt=\"\" srcset=\"https:\/\/www.feuerwehr-liezen.at\/2018\/wp-content\/uploads\/2020\/11\/002_dlk2312-300x200.png 300w, https:\/\/www.feuerwehr-liezen.at\/2018\/wp-content\/uploads\/2020\/11\/002_dlk2312-1024x683.png 1024w, https:\/\/www.feuerwehr-liezen.at\/2018\/wp-content\/uploads\/2020\/11\/002_dlk2312-768x512.png 768w, https:\/\/www.feuerwehr-liezen.at\/2018\/wp-content\/uploads\/2020\/11\/002_dlk2312.png 1280w\" sizes=\"(max-width: 300px) 100vw, 300px\" \/><\/a>\n\t\t\t<\/div><\/figure><figure class='gallery-item'>\n\t\t\t<div class='gallery-icon landscape'>\n\t\t\t\t<a data-elementor-open-lightbox=\"yes\" data-elementor-lightbox-slideshow=\"1521ea32\" data-elementor-lightbox-title=\"001_dlk2312\" data-e-action-hash=\"#elementor-action%3Aaction%3Dlightbox%26settings%3DeyJpZCI6NjAwMSwidXJsIjoiaHR0cHM6XC9cL3d3dy5mZXVlcndlaHItbGllemVuLmF0XC8yMDE4XC93cC1jb250ZW50XC91cGxvYWRzXC8yMDIwXC8xMVwvMDAxX2RsazIzMTIucG5nIiwic2xpZGVzaG93IjoiMTUyMWVhMzIifQ%3D%3D\" href='https:\/\/www.feuerwehr-liezen.at\/2018\/wp-content\/uploads\/2020\/11\/001_dlk2312.png'><img decoding=\"async\" width=\"300\" height=\"200\" src=\"https:\/\/www.feuerwehr-liezen.at\/2018\/wp-content\/uploads\/2020\/11\/001_dlk2312-300x200.png\" class=\"attachment-medium size-medium\" alt=\"\" srcset=\"https:\/\/www.feuerwehr-liezen.at\/2018\/wp-content\/uploads\/2020\/11\/001_dlk2312-300x200.png 300w, https:\/\/www.feuerwehr-liezen.at\/2018\/wp-content\/uploads\/2020\/11\/001_dlk2312-1024x683.png 1024w, https:\/\/www.feuerwehr-liezen.at\/2018\/wp-content\/uploads\/2020\/11\/001_dlk2312-768x512.png 768w, https:\/\/www.feuerwehr-liezen.at\/2018\/wp-content\/uploads\/2020\/11\/001_dlk2312.png 1280w\" sizes=\"(max-width: 300px) 100vw, 300px\" \/><\/a>\n\t\t\t<\/div><\/figure><figure class='gallery-item'>\n\t\t\t<div class='gallery-icon landscape'>\n\t\t\t\t<a data-elementor-open-lightbox=\"yes\" data-elementor-lightbox-slideshow=\"1521ea32\" data-elementor-lightbox-title=\"003_dlk2312\" data-e-action-hash=\"#elementor-action%3Aaction%3Dlightbox%26settings%3DeyJpZCI6NTk5NywidXJsIjoiaHR0cHM6XC9cL3d3dy5mZXVlcndlaHItbGllemVuLmF0XC8yMDE4XC93cC1jb250ZW50XC91cGxvYWRzXC8yMDIwXC8xMVwvMDAzX2RsazIzMTIucG5nIiwic2xpZGVzaG93IjoiMTUyMWVhMzIifQ%3D%3D\" href='https:\/\/www.feuerwehr-liezen.at\/2018\/wp-content\/uploads\/2020\/11\/003_dlk2312.png'><img loading=\"lazy\" decoding=\"async\" width=\"300\" height=\"200\" src=\"https:\/\/www.feuerwehr-liezen.at\/2018\/wp-content\/uploads\/2020\/11\/003_dlk2312-300x200.png\" class=\"attachment-medium size-medium\" alt=\"\" srcset=\"https:\/\/www.feuerwehr-liezen.at\/2018\/wp-content\/uploads\/2020\/11\/003_dlk2312-300x200.png 300w, https:\/\/www.feuerwehr-liezen.at\/2018\/wp-content\/uploads\/2020\/11\/003_dlk2312-1024x683.png 1024w, https:\/\/www.feuerwehr-liezen.at\/2018\/wp-content\/uploads\/2020\/11\/003_dlk2312-768x512.png 768w, https:\/\/www.feuerwehr-liezen.at\/2018\/wp-content\/uploads\/2020\/11\/003_dlk2312.png 1280w\" sizes=\"(max-width: 300px) 100vw, 300px\" \/><\/a>\n\t\t\t<\/div><\/figure><figure class='gallery-item'>\n\t\t\t<div class='gallery-icon landscape'>\n\t\t\t\t<a data-elementor-open-lightbox=\"yes\" data-elementor-lightbox-slideshow=\"1521ea32\" data-elementor-lightbox-title=\"011_dlk2312\" data-e-action-hash=\"#elementor-action%3Aaction%3Dlightbox%26settings%3DeyJpZCI6NTk5OSwidXJsIjoiaHR0cHM6XC9cL3d3dy5mZXVlcndlaHItbGllemVuLmF0XC8yMDE4XC93cC1jb250ZW50XC91cGxvYWRzXC8yMDIwXC8xMVwvMDExX2RsazIzMTIucG5nIiwic2xpZGVzaG93IjoiMTUyMWVhMzIifQ%3D%3D\" href='https:\/\/www.feuerwehr-liezen.at\/2018\/wp-content\/uploads\/2020\/11\/011_dlk2312.png'><img loading=\"lazy\" decoding=\"async\" width=\"300\" height=\"200\" src=\"https:\/\/www.feuerwehr-liezen.at\/2018\/wp-content\/uploads\/2020\/11\/011_dlk2312-300x200.png\" class=\"attachment-medium size-medium\" alt=\"\" srcset=\"https:\/\/www.feuerwehr-liezen.at\/2018\/wp-content\/uploads\/2020\/11\/011_dlk2312-300x200.png 300w, https:\/\/www.feuerwehr-liezen.at\/2018\/wp-content\/uploads\/2020\/11\/011_dlk2312-1024x683.png 1024w, https:\/\/www.feuerwehr-liezen.at\/2018\/wp-content\/uploads\/2020\/11\/011_dlk2312-768x512.png 768w, https:\/\/www.feuerwehr-liezen.at\/2018\/wp-content\/uploads\/2020\/11\/011_dlk2312.png 1280w\" sizes=\"(max-width: 300px) 100vw, 300px\" \/><\/a>\n\t\t\t<\/div><\/figure><figure class='gallery-item'>\n\t\t\t<div class='gallery-icon landscape'>\n\t\t\t\t<a data-elementor-open-lightbox=\"yes\" data-elementor-lightbox-slideshow=\"1521ea32\" data-elementor-lightbox-title=\"007_dlk2312\" data-e-action-hash=\"#elementor-action%3Aaction%3Dlightbox%26settings%3DeyJpZCI6NjAwNSwidXJsIjoiaHR0cHM6XC9cL3d3dy5mZXVlcndlaHItbGllemVuLmF0XC8yMDE4XC93cC1jb250ZW50XC91cGxvYWRzXC8yMDIwXC8xMVwvMDA3X2RsazIzMTIucG5nIiwic2xpZGVzaG93IjoiMTUyMWVhMzIifQ%3D%3D\" href='https:\/\/www.feuerwehr-liezen.at\/2018\/wp-content\/uploads\/2020\/11\/007_dlk2312.png'><img loading=\"lazy\" decoding=\"async\" width=\"300\" height=\"200\" src=\"https:\/\/www.feuerwehr-liezen.at\/2018\/wp-content\/uploads\/2020\/11\/007_dlk2312-300x200.png\" class=\"attachment-medium size-medium\" alt=\"\" srcset=\"https:\/\/www.feuerwehr-liezen.at\/2018\/wp-content\/uploads\/2020\/11\/007_dlk2312-300x200.png 300w, https:\/\/www.feuerwehr-liezen.at\/2018\/wp-content\/uploads\/2020\/11\/007_dlk2312-1024x683.png 1024w, https:\/\/www.feuerwehr-liezen.at\/2018\/wp-content\/uploads\/2020\/11\/007_dlk2312-768x512.png 768w, https:\/\/www.feuerwehr-liezen.at\/2018\/wp-content\/uploads\/2020\/11\/007_dlk2312.png 1280w\" sizes=\"(max-width: 300px) 100vw, 300px\" \/><\/a>\n\t\t\t<\/div><\/figure><figure class='gallery-item'>\n\t\t\t<div class='gallery-icon landscape'>\n\t\t\t\t<a data-elementor-open-lightbox=\"yes\" data-elementor-lightbox-slideshow=\"1521ea32\" data-elementor-lightbox-title=\"018_dlk2312\" data-e-action-hash=\"#elementor-action%3Aaction%3Dlightbox%26settings%3DeyJpZCI6NjAxNiwidXJsIjoiaHR0cHM6XC9cL3d3dy5mZXVlcndlaHItbGllemVuLmF0XC8yMDE4XC93cC1jb250ZW50XC91cGxvYWRzXC8yMDIwXC8xMVwvMDE4X2RsazIzMTIucG5nIiwic2xpZGVzaG93IjoiMTUyMWVhMzIifQ%3D%3D\" href='https:\/\/www.feuerwehr-liezen.at\/2018\/wp-content\/uploads\/2020\/11\/018_dlk2312.png'><img loading=\"lazy\" decoding=\"async\" width=\"300\" height=\"200\" src=\"https:\/\/www.feuerwehr-liezen.at\/2018\/wp-content\/uploads\/2020\/11\/018_dlk2312-300x200.png\" class=\"attachment-medium size-medium\" alt=\"\" srcset=\"https:\/\/www.feuerwehr-liezen.at\/2018\/wp-content\/uploads\/2020\/11\/018_dlk2312-300x200.png 300w, https:\/\/www.feuerwehr-liezen.at\/2018\/wp-content\/uploads\/2020\/11\/018_dlk2312-1024x683.png 1024w, https:\/\/www.feuerwehr-liezen.at\/2018\/wp-content\/uploads\/2020\/11\/018_dlk2312-768x512.png 768w, https:\/\/www.feuerwehr-liezen.at\/2018\/wp-content\/uploads\/2020\/11\/018_dlk2312.png 1280w\" sizes=\"(max-width: 300px) 100vw, 300px\" \/><\/a>\n\t\t\t<\/div><\/figure><figure class='gallery-item'>\n\t\t\t<div class='gallery-icon portrait'>\n\t\t\t\t<a data-elementor-open-lightbox=\"yes\" data-elementor-lightbox-slideshow=\"1521ea32\" data-elementor-lightbox-title=\"017_dlk2312\" data-e-action-hash=\"#elementor-action%3Aaction%3Dlightbox%26settings%3DeyJpZCI6NjAwOSwidXJsIjoiaHR0cHM6XC9cL3d3dy5mZXVlcndlaHItbGllemVuLmF0XC8yMDE4XC93cC1jb250ZW50XC91cGxvYWRzXC8yMDIwXC8xMVwvMDE3X2RsazIzMTIucG5nIiwic2xpZGVzaG93IjoiMTUyMWVhMzIifQ%3D%3D\" href='https:\/\/www.feuerwehr-liezen.at\/2018\/wp-content\/uploads\/2020\/11\/017_dlk2312.png'><img loading=\"lazy\" decoding=\"async\" width=\"200\" height=\"300\" src=\"https:\/\/www.feuerwehr-liezen.at\/2018\/wp-content\/uploads\/2020\/11\/017_dlk2312-200x300.png\" class=\"attachment-medium size-medium\" alt=\"\" srcset=\"https:\/\/www.feuerwehr-liezen.at\/2018\/wp-content\/uploads\/2020\/11\/017_dlk2312-200x300.png 200w, https:\/\/www.feuerwehr-liezen.at\/2018\/wp-content\/uploads\/2020\/11\/017_dlk2312-683x1024.png 683w, https:\/\/www.feuerwehr-liezen.at\/2018\/wp-content\/uploads\/2020\/11\/017_dlk2312-768x1151.png 768w, https:\/\/www.feuerwehr-liezen.at\/2018\/wp-content\/uploads\/2020\/11\/017_dlk2312.png 854w\" sizes=\"(max-width: 200px) 100vw, 200px\" \/><\/a>\n\t\t\t<\/div><\/figure><figure class='gallery-item'>\n\t\t\t<div class='gallery-icon landscape'>\n\t\t\t\t<a data-elementor-open-lightbox=\"yes\" data-elementor-lightbox-slideshow=\"1521ea32\" data-elementor-lightbox-title=\"016_dlk2312\" data-e-action-hash=\"#elementor-action%3Aaction%3Dlightbox%26settings%3DeyJpZCI6NTk5OCwidXJsIjoiaHR0cHM6XC9cL3d3dy5mZXVlcndlaHItbGllemVuLmF0XC8yMDE4XC93cC1jb250ZW50XC91cGxvYWRzXC8yMDIwXC8xMVwvMDE2X2RsazIzMTIucG5nIiwic2xpZGVzaG93IjoiMTUyMWVhMzIifQ%3D%3D\" href='https:\/\/www.feuerwehr-liezen.at\/2018\/wp-content\/uploads\/2020\/11\/016_dlk2312.png'><img loading=\"lazy\" decoding=\"async\" width=\"300\" height=\"200\" src=\"https:\/\/www.feuerwehr-liezen.at\/2018\/wp-content\/uploads\/2020\/11\/016_dlk2312-300x200.png\" class=\"attachment-medium size-medium\" alt=\"\" srcset=\"https:\/\/www.feuerwehr-liezen.at\/2018\/wp-content\/uploads\/2020\/11\/016_dlk2312-300x200.png 300w, https:\/\/www.feuerwehr-liezen.at\/2018\/wp-content\/uploads\/2020\/11\/016_dlk2312-1024x683.png 1024w, https:\/\/www.feuerwehr-liezen.at\/2018\/wp-content\/uploads\/2020\/11\/016_dlk2312-768x512.png 768w, https:\/\/www.feuerwehr-liezen.at\/2018\/wp-content\/uploads\/2020\/11\/016_dlk2312.png 1280w\" sizes=\"(max-width: 300px) 100vw, 300px\" \/><\/a>\n\t\t\t<\/div><\/figure><figure class='gallery-item'>\n\t\t\t<div class='gallery-icon landscape'>\n\t\t\t\t<a data-elementor-open-lightbox=\"yes\" data-elementor-lightbox-slideshow=\"1521ea32\" data-elementor-lightbox-title=\"019_dlk2312\" data-e-action-hash=\"#elementor-action%3Aaction%3Dlightbox%26settings%3DeyJpZCI6NjAwMiwidXJsIjoiaHR0cHM6XC9cL3d3dy5mZXVlcndlaHItbGllemVuLmF0XC8yMDE4XC93cC1jb250ZW50XC91cGxvYWRzXC8yMDIwXC8xMVwvMDE5X2RsazIzMTIucG5nIiwic2xpZGVzaG93IjoiMTUyMWVhMzIifQ%3D%3D\" href='https:\/\/www.feuerwehr-liezen.at\/2018\/wp-content\/uploads\/2020\/11\/019_dlk2312.png'><img loading=\"lazy\" decoding=\"async\" width=\"300\" height=\"200\" src=\"https:\/\/www.feuerwehr-liezen.at\/2018\/wp-content\/uploads\/2020\/11\/019_dlk2312-300x200.png\" class=\"attachment-medium size-medium\" alt=\"\" srcset=\"https:\/\/www.feuerwehr-liezen.at\/2018\/wp-content\/uploads\/2020\/11\/019_dlk2312-300x200.png 300w, https:\/\/www.feuerwehr-liezen.at\/2018\/wp-content\/uploads\/2020\/11\/019_dlk2312-1024x683.png 1024w, https:\/\/www.feuerwehr-liezen.at\/2018\/wp-content\/uploads\/2020\/11\/019_dlk2312-768x512.png 768w, https:\/\/www.feuerwehr-liezen.at\/2018\/wp-content\/uploads\/2020\/11\/019_dlk2312.png 1280w\" sizes=\"(max-width: 300px) 100vw, 300px\" \/><\/a>\n\t\t\t<\/div><\/figure>\n\t\t<\/div>\n\t\t<\/div>\n\t\t\t\t\t\t<\/div>\n\t\t\t\t<\/div>\n\t\t\t\t\t<\/div>\n\t\t<\/div>\n\t\t\t\t\t<\/div>\n\t\t<\/section>\n\t\t\t\t<\/div>\n\t\t","protected":false},"excerpt":{"rendered":"<p>DLK 23-12 Drehleiter mit Korb Baujahr: 2020 Fahrgestell: Mercedes Atego 1530, 4 x 2 Aufbau: Magirus-Lohr Leistung: 300 PS Gelenkleiter mit Single Extension Technologie Rettungskorb f\u00fcr 4 Personen Krankentragenlagerung am Rettungskorb f\u00fcr 200 kg Druckl\u00fcfter aufsteckbar am Korb Wasser-\/ Schaumwerfer (2.500 l\/min) manuell einsteckbar in Multifunktionss\u00e4ule Selbstschutz Spr\u00fchanlage am Rettungskorb R\u00fcckfahrkamera Zus\u00e4tzliche LED-Scheinwerfer seitlich am [&hellip;]<\/p>\n","protected":false},"author":1,"featured_media":0,"parent":0,"menu_order":0,"comment_status":"closed","ping_status":"closed","template":"","meta":{"_acf_changed":false,"footnotes":""},"class_list":["post-1355","page","type-page","status-publish","hentry"],"acf":[],"_links":{"self":[{"href":"https:\/\/www.feuerwehr-liezen.at\/2018\/wp-json\/wp\/v2\/pages\/1355","targetHints":{"allow":["GET"]}}],"collection":[{"href":"https:\/\/www.feuerwehr-liezen.at\/2018\/wp-json\/wp\/v2\/pages"}],"about":[{"href":"https:\/\/www.feuerwehr-liezen.at\/2018\/wp-json\/wp\/v2\/types\/page"}],"author":[{"embeddable":true,"href":"https:\/\/www.feuerwehr-liezen.at\/2018\/wp-json\/wp\/v2\/users\/1"}],"replies":[{"embeddable":true,"href":"https:\/\/www.feuerwehr-liezen.at\/2018\/wp-json\/wp\/v2\/comments?post=1355"}],"version-history":[{"count":12,"href":"https:\/\/www.feuerwehr-liezen.at\/2018\/wp-json\/wp\/v2\/pages\/1355\/revisions"}],"predecessor-version":[{"id":6030,"href":"https:\/\/www.feuerwehr-liezen.at\/2018\/wp-json\/wp\/v2\/pages\/1355\/revisions\/6030"}],"wp:attachment":[{"href":"https:\/\/www.feuerwehr-liezen.at\/2018\/wp-json\/wp\/v2\/media?parent=1355"}],"curies":[{"name":"wp","href":"https:\/\/api.w.org\/{rel}","templated":true}]}}