{"id":1282,"date":"2019-01-11T10:15:51","date_gmt":"2019-01-11T09:15:51","guid":{"rendered":"https:\/\/www.feuerwehr-liezen.at\/2018\/?page_id=1282"},"modified":"2019-03-19T19:01:42","modified_gmt":"2019-03-19T18:01:42","slug":"dlk","status":"publish","type":"page","link":"https:\/\/www.feuerwehr-liezen.at\/2018\/dlk\/","title":{"rendered":"GSF"},"content":{"rendered":"\t\t<div data-elementor-type=\"wp-post\" data-elementor-id=\"1282\" class=\"elementor elementor-1282\" data-elementor-settings=\"{&quot;element_pack_global_tooltip_width&quot;:{&quot;unit&quot;:&quot;px&quot;,&quot;size&quot;:&quot;&quot;,&quot;sizes&quot;:[]},&quot;element_pack_global_tooltip_width_tablet&quot;:{&quot;unit&quot;:&quot;px&quot;,&quot;size&quot;:&quot;&quot;,&quot;sizes&quot;:[]},&quot;element_pack_global_tooltip_width_mobile&quot;:{&quot;unit&quot;:&quot;px&quot;,&quot;size&quot;:&quot;&quot;,&quot;sizes&quot;:[]},&quot;element_pack_global_tooltip_padding&quot;:{&quot;unit&quot;:&quot;px&quot;,&quot;top&quot;:&quot;&quot;,&quot;right&quot;:&quot;&quot;,&quot;bottom&quot;:&quot;&quot;,&quot;left&quot;:&quot;&quot;,&quot;isLinked&quot;:true},&quot;element_pack_global_tooltip_padding_tablet&quot;:{&quot;unit&quot;:&quot;px&quot;,&quot;top&quot;:&quot;&quot;,&quot;right&quot;:&quot;&quot;,&quot;bottom&quot;:&quot;&quot;,&quot;left&quot;:&quot;&quot;,&quot;isLinked&quot;:true},&quot;element_pack_global_tooltip_padding_mobile&quot;:{&quot;unit&quot;:&quot;px&quot;,&quot;top&quot;:&quot;&quot;,&quot;right&quot;:&quot;&quot;,&quot;bottom&quot;:&quot;&quot;,&quot;left&quot;:&quot;&quot;,&quot;isLinked&quot;:true},&quot;element_pack_global_tooltip_border_radius&quot;:{&quot;unit&quot;:&quot;px&quot;,&quot;top&quot;:&quot;&quot;,&quot;right&quot;:&quot;&quot;,&quot;bottom&quot;:&quot;&quot;,&quot;left&quot;:&quot;&quot;,&quot;isLinked&quot;:true},&quot;element_pack_global_tooltip_border_radius_tablet&quot;:{&quot;unit&quot;:&quot;px&quot;,&quot;top&quot;:&quot;&quot;,&quot;right&quot;:&quot;&quot;,&quot;bottom&quot;:&quot;&quot;,&quot;left&quot;:&quot;&quot;,&quot;isLinked&quot;:true},&quot;element_pack_global_tooltip_border_radius_mobile&quot;:{&quot;unit&quot;:&quot;px&quot;,&quot;top&quot;:&quot;&quot;,&quot;right&quot;:&quot;&quot;,&quot;bottom&quot;:&quot;&quot;,&quot;left&quot;:&quot;&quot;,&quot;isLinked&quot;:true}}\" data-elementor-post-type=\"page\">\n\t\t\t\t\t\t<section class=\"elementor-section elementor-top-section elementor-element elementor-element-8a0da6d elementor-section-boxed elementor-section-height-default elementor-section-height-default\" data-id=\"8a0da6d\" data-element_type=\"section\" data-e-type=\"section\">\n\t\t\t\t\t\t<div class=\"elementor-container elementor-column-gap-default\">\n\t\t\t\t\t<div class=\"elementor-column elementor-col-66 elementor-top-column elementor-element elementor-element-14798f6c\" data-id=\"14798f6c\" data-element_type=\"column\" data-e-type=\"column\">\n\t\t\t<div class=\"elementor-widget-wrap elementor-element-populated\">\n\t\t\t\t\t\t<div class=\"elementor-element elementor-element-3a6be148 elementor-widget elementor-widget-image\" data-id=\"3a6be148\" data-element_type=\"widget\" data-e-type=\"widget\" data-widget_type=\"image.default\">\n\t\t\t\t<div class=\"elementor-widget-container\">\n\t\t\t\t\t\t\t\t\t\t\t\t\t\t\t\t<a href=\"https:\/\/www.feuerwehr-liezen.at\/2018\/wp-content\/uploads\/2019\/01\/IMG_7332.jpg\" data-elementor-open-lightbox=\"yes\" data-elementor-lightbox-title=\"IMG_7332\" data-e-action-hash=\"#elementor-action%3Aaction%3Dlightbox%26settings%3DeyJpZCI6MTM0NCwidXJsIjoiaHR0cHM6XC9cL3d3dy5mZXVlcndlaHItbGllemVuLmF0XC8yMDE4XC93cC1jb250ZW50XC91cGxvYWRzXC8yMDE5XC8wMVwvSU1HXzczMzIuanBnIn0%3D\">\n\t\t\t\t\t\t\t<img fetchpriority=\"high\" decoding=\"async\" width=\"1280\" height=\"960\" src=\"https:\/\/www.feuerwehr-liezen.at\/2018\/wp-content\/uploads\/2019\/01\/IMG_7332.jpg\" class=\"attachment-full size-full wp-image-1344\" alt=\"\" srcset=\"https:\/\/www.feuerwehr-liezen.at\/2018\/wp-content\/uploads\/2019\/01\/IMG_7332.jpg 1280w, https:\/\/www.feuerwehr-liezen.at\/2018\/wp-content\/uploads\/2019\/01\/IMG_7332-300x225.jpg 300w, https:\/\/www.feuerwehr-liezen.at\/2018\/wp-content\/uploads\/2019\/01\/IMG_7332-768x576.jpg 768w, https:\/\/www.feuerwehr-liezen.at\/2018\/wp-content\/uploads\/2019\/01\/IMG_7332-1024x768.jpg 1024w\" sizes=\"(max-width: 1280px) 100vw, 1280px\" \/>\t\t\t\t\t\t\t\t<\/a>\n\t\t\t\t\t\t\t\t\t\t\t\t\t\t\t<\/div>\n\t\t\t\t<\/div>\n\t\t\t\t\t<\/div>\n\t\t<\/div>\n\t\t\t\t<div class=\"elementor-column elementor-col-33 elementor-top-column elementor-element elementor-element-8664e50\" data-id=\"8664e50\" data-element_type=\"column\" data-e-type=\"column\">\n\t\t\t<div class=\"elementor-widget-wrap elementor-element-populated\">\n\t\t\t\t\t\t<div class=\"elementor-element elementor-element-7833dfa5 elementor-widget elementor-widget-price-table\" data-id=\"7833dfa5\" data-element_type=\"widget\" data-e-type=\"widget\" data-widget_type=\"price-table.default\">\n\t\t\t\t<div class=\"elementor-widget-container\">\n\t\t\t\t\t\n\t\t<div class=\"elementor-price-table\">\n\t\t\t\t\t\t\t<div class=\"elementor-price-table__header\">\n\t\t\t\t\t\t\t\t\t\t\t<h3 class=\"elementor-price-table__heading\">\n\t\t\t\t\t\tGSF\t\t\t\t\t\t<\/h3>\n\t\t\t\t\t\n\t\t\t\t\t\t\t\t\t\t\t<span class=\"elementor-price-table__subheading\">\n\t\t\t\t\t\t\tGef\u00e4hrliche Stoffe Fahrzeug\t\t\t\t\t\t<\/span>\n\t\t\t\t\t\t\t\t\t<\/div>\n\t\t\t\n\t\t\t<div class=\"elementor-price-table__price\">\n\t\t\t\t\t\t\t\t\t\t\t\t\n\t\t\t\t\n\t\t\t\t\n\t\t\t\t\t\t\t<\/div>\n\n\t\t\t\t\t\t\t<ul class=\"elementor-price-table__features-list\">\n\t\t\t\t\t\t\t\t\t\t\t<li class=\"elementor-repeater-item-772e4f1\">\n\t\t\t\t\t\t\t<div class=\"elementor-price-table__feature-inner\">\n\t\t\t\t\t\t\t\t\t\t\t\t\t\t\t\t\t\t<i class=\"fa fa-check-circle\" aria-hidden=\"true\"><\/i>\n\t\t\t\t\t\t\t\t\t\t\t\t\t\t\t\t\t\t\t\t\t\t\t\t\t\t\t<span >\n\t\t\t\t\t\t\t\t\t\tBaujahr: 2017\t\t\t\t\t\t\t\t\t<\/span>\n\t\t\t\t\t\t\t\t\t\t\t\t\t\t\t\t<\/div>\n\t\t\t\t\t\t<\/li>\n\t\t\t\t\t\t\t\t\t\t\t<li class=\"elementor-repeater-item-5953fd7\">\n\t\t\t\t\t\t\t<div class=\"elementor-price-table__feature-inner\">\n\t\t\t\t\t\t\t\t\t\t\t\t\t\t\t\t\t\t<i class=\"fa fa-check-circle\" aria-hidden=\"true\"><\/i>\n\t\t\t\t\t\t\t\t\t\t\t\t\t\t\t\t\t\t\t\t\t\t\t\t\t\t\t<span >\n\t\t\t\t\t\t\t\t\t\tFahrgestell: Mercedes Atego 1629\t\t\t\t\t\t\t\t\t<\/span>\n\t\t\t\t\t\t\t\t\t\t\t\t\t\t\t\t<\/div>\n\t\t\t\t\t\t<\/li>\n\t\t\t\t\t\t\t\t\t\t\t<li class=\"elementor-repeater-item-8da847d\">\n\t\t\t\t\t\t\t<div class=\"elementor-price-table__feature-inner\">\n\t\t\t\t\t\t\t\t\t\t\t\t\t\t\t\t\t\t<i class=\"fa fa-check-circle\" aria-hidden=\"true\"><\/i>\n\t\t\t\t\t\t\t\t\t\t\t\t\t\t\t\t\t\t\t\t\t\t\t\t\t\t\t<span >\n\t\t\t\t\t\t\t\t\t\tAufbau: Lohr\t\t\t\t\t\t\t\t\t<\/span>\n\t\t\t\t\t\t\t\t\t\t\t\t\t\t\t\t<\/div>\n\t\t\t\t\t\t<\/li>\n\t\t\t\t\t\t\t\t\t\t\t<li class=\"elementor-repeater-item-f8cda61\">\n\t\t\t\t\t\t\t<div class=\"elementor-price-table__feature-inner\">\n\t\t\t\t\t\t\t\t\t\t\t\t\t\t\t\t\t\t<i class=\"fa fa-check-circle\" aria-hidden=\"true\"><\/i>\n\t\t\t\t\t\t\t\t\t\t\t\t\t\t\t\t\t\t\t\t\t\t\t\t\t\t\t<span >\n\t\t\t\t\t\t\t\t\t\tLeistung: 290 PS\t\t\t\t\t\t\t\t\t<\/span>\n\t\t\t\t\t\t\t\t\t\t\t\t\t\t\t\t<\/div>\n\t\t\t\t\t\t<\/li>\n\t\t\t\t\t\t\t\t\t<\/ul>\n\t\t\t\n\t\t\t\t\t<\/div>\n\n\t\t\t\t\t<div class=\"elementor-ribbon\">\n\t\t\t\t<div class=\"elementor-ribbon-inner\">\n\t\t\t\t\tGSF\t\t\t\t<\/div>\n\t\t\t<\/div>\n\t\t\t\t\t\t\t<\/div>\n\t\t\t\t<\/div>\n\t\t\t\t\t<\/div>\n\t\t<\/div>\n\t\t\t\t\t<\/div>\n\t\t<\/section>\n\t\t\t\t<section class=\"elementor-section elementor-top-section elementor-element elementor-element-5c532ac elementor-section-boxed elementor-section-height-default elementor-section-height-default\" data-id=\"5c532ac\" data-element_type=\"section\" data-e-type=\"section\" data-settings=\"{&quot;background_background&quot;:&quot;classic&quot;}\">\n\t\t\t\t\t\t<div class=\"elementor-container elementor-column-gap-default\">\n\t\t\t\t\t<div class=\"elementor-column elementor-col-100 elementor-top-column elementor-element elementor-element-4e20dacc\" data-id=\"4e20dacc\" data-element_type=\"column\" data-e-type=\"column\">\n\t\t\t<div class=\"elementor-widget-wrap elementor-element-populated\">\n\t\t\t\t\t\t<div class=\"elementor-element elementor-element-644a1082 gallery-spacing-custom elementor-widget elementor-widget-image-gallery\" data-id=\"644a1082\" data-element_type=\"widget\" data-e-type=\"widget\" data-widget_type=\"image-gallery.default\">\n\t\t\t\t<div class=\"elementor-widget-container\">\n\t\t\t\t\t\t\t<div class=\"elementor-image-gallery\">\n\t\t\t<div id='gallery-1' class='gallery galleryid-1282 gallery-columns-3 gallery-size-large'><figure class='gallery-item'>\n\t\t\t<div class='gallery-icon landscape'>\n\t\t\t\t<a data-elementor-open-lightbox=\"yes\" data-elementor-lightbox-slideshow=\"644a1082\" data-elementor-lightbox-title=\"IMG_7332\" data-e-action-hash=\"#elementor-action%3Aaction%3Dlightbox%26settings%3DeyJpZCI6MTM0NCwidXJsIjoiaHR0cHM6XC9cL3d3dy5mZXVlcndlaHItbGllemVuLmF0XC8yMDE4XC93cC1jb250ZW50XC91cGxvYWRzXC8yMDE5XC8wMVwvSU1HXzczMzIuanBnIiwic2xpZGVzaG93IjoiNjQ0YTEwODIifQ%3D%3D\" href='https:\/\/www.feuerwehr-liezen.at\/2018\/wp-content\/uploads\/2019\/01\/IMG_7332.jpg'><img decoding=\"async\" width=\"1024\" height=\"768\" src=\"https:\/\/www.feuerwehr-liezen.at\/2018\/wp-content\/uploads\/2019\/01\/IMG_7332-1024x768.jpg\" class=\"attachment-large size-large\" alt=\"\" srcset=\"https:\/\/www.feuerwehr-liezen.at\/2018\/wp-content\/uploads\/2019\/01\/IMG_7332-1024x768.jpg 1024w, https:\/\/www.feuerwehr-liezen.at\/2018\/wp-content\/uploads\/2019\/01\/IMG_7332-300x225.jpg 300w, https:\/\/www.feuerwehr-liezen.at\/2018\/wp-content\/uploads\/2019\/01\/IMG_7332-768x576.jpg 768w, https:\/\/www.feuerwehr-liezen.at\/2018\/wp-content\/uploads\/2019\/01\/IMG_7332.jpg 1280w\" sizes=\"(max-width: 1024px) 100vw, 1024px\" \/><\/a>\n\t\t\t<\/div><\/figure><figure class='gallery-item'>\n\t\t\t<div class='gallery-icon landscape'>\n\t\t\t\t<a data-elementor-open-lightbox=\"yes\" data-elementor-lightbox-slideshow=\"644a1082\" data-elementor-lightbox-title=\"IMG_7333\" data-e-action-hash=\"#elementor-action%3Aaction%3Dlightbox%26settings%3DeyJpZCI6MTM0MywidXJsIjoiaHR0cHM6XC9cL3d3dy5mZXVlcndlaHItbGllemVuLmF0XC8yMDE4XC93cC1jb250ZW50XC91cGxvYWRzXC8yMDE5XC8wMVwvSU1HXzczMzMuanBnIiwic2xpZGVzaG93IjoiNjQ0YTEwODIifQ%3D%3D\" href='https:\/\/www.feuerwehr-liezen.at\/2018\/wp-content\/uploads\/2019\/01\/IMG_7333.jpg'><img decoding=\"async\" width=\"1024\" height=\"768\" src=\"https:\/\/www.feuerwehr-liezen.at\/2018\/wp-content\/uploads\/2019\/01\/IMG_7333-1024x768.jpg\" class=\"attachment-large size-large\" alt=\"\" srcset=\"https:\/\/www.feuerwehr-liezen.at\/2018\/wp-content\/uploads\/2019\/01\/IMG_7333-1024x768.jpg 1024w, https:\/\/www.feuerwehr-liezen.at\/2018\/wp-content\/uploads\/2019\/01\/IMG_7333-300x225.jpg 300w, https:\/\/www.feuerwehr-liezen.at\/2018\/wp-content\/uploads\/2019\/01\/IMG_7333-768x576.jpg 768w, https:\/\/www.feuerwehr-liezen.at\/2018\/wp-content\/uploads\/2019\/01\/IMG_7333.jpg 1280w\" sizes=\"(max-width: 1024px) 100vw, 1024px\" \/><\/a>\n\t\t\t<\/div><\/figure><figure class='gallery-item'>\n\t\t\t<div class='gallery-icon landscape'>\n\t\t\t\t<a data-elementor-open-lightbox=\"yes\" data-elementor-lightbox-slideshow=\"644a1082\" data-elementor-lightbox-title=\"IMG_7334\" data-e-action-hash=\"#elementor-action%3Aaction%3Dlightbox%26settings%3DeyJpZCI6MTM0MiwidXJsIjoiaHR0cHM6XC9cL3d3dy5mZXVlcndlaHItbGllemVuLmF0XC8yMDE4XC93cC1jb250ZW50XC91cGxvYWRzXC8yMDE5XC8wMVwvSU1HXzczMzQuanBnIiwic2xpZGVzaG93IjoiNjQ0YTEwODIifQ%3D%3D\" href='https:\/\/www.feuerwehr-liezen.at\/2018\/wp-content\/uploads\/2019\/01\/IMG_7334.jpg'><img loading=\"lazy\" decoding=\"async\" width=\"1024\" height=\"768\" src=\"https:\/\/www.feuerwehr-liezen.at\/2018\/wp-content\/uploads\/2019\/01\/IMG_7334-1024x768.jpg\" class=\"attachment-large size-large\" alt=\"\" srcset=\"https:\/\/www.feuerwehr-liezen.at\/2018\/wp-content\/uploads\/2019\/01\/IMG_7334-1024x768.jpg 1024w, https:\/\/www.feuerwehr-liezen.at\/2018\/wp-content\/uploads\/2019\/01\/IMG_7334-300x225.jpg 300w, https:\/\/www.feuerwehr-liezen.at\/2018\/wp-content\/uploads\/2019\/01\/IMG_7334-768x576.jpg 768w, https:\/\/www.feuerwehr-liezen.at\/2018\/wp-content\/uploads\/2019\/01\/IMG_7334.jpg 1280w\" sizes=\"(max-width: 1024px) 100vw, 1024px\" \/><\/a>\n\t\t\t<\/div><\/figure><figure class='gallery-item'>\n\t\t\t<div class='gallery-icon landscape'>\n\t\t\t\t<a data-elementor-open-lightbox=\"yes\" data-elementor-lightbox-slideshow=\"644a1082\" data-elementor-lightbox-title=\"IMG_7335\" data-e-action-hash=\"#elementor-action%3Aaction%3Dlightbox%26settings%3DeyJpZCI6MTM0MSwidXJsIjoiaHR0cHM6XC9cL3d3dy5mZXVlcndlaHItbGllemVuLmF0XC8yMDE4XC93cC1jb250ZW50XC91cGxvYWRzXC8yMDE5XC8wMVwvSU1HXzczMzUuanBnIiwic2xpZGVzaG93IjoiNjQ0YTEwODIifQ%3D%3D\" href='https:\/\/www.feuerwehr-liezen.at\/2018\/wp-content\/uploads\/2019\/01\/IMG_7335.jpg'><img loading=\"lazy\" decoding=\"async\" width=\"1024\" height=\"768\" src=\"https:\/\/www.feuerwehr-liezen.at\/2018\/wp-content\/uploads\/2019\/01\/IMG_7335-1024x768.jpg\" class=\"attachment-large size-large\" alt=\"\" srcset=\"https:\/\/www.feuerwehr-liezen.at\/2018\/wp-content\/uploads\/2019\/01\/IMG_7335-1024x768.jpg 1024w, https:\/\/www.feuerwehr-liezen.at\/2018\/wp-content\/uploads\/2019\/01\/IMG_7335-300x225.jpg 300w, https:\/\/www.feuerwehr-liezen.at\/2018\/wp-content\/uploads\/2019\/01\/IMG_7335-768x576.jpg 768w, https:\/\/www.feuerwehr-liezen.at\/2018\/wp-content\/uploads\/2019\/01\/IMG_7335.jpg 1280w\" sizes=\"(max-width: 1024px) 100vw, 1024px\" \/><\/a>\n\t\t\t<\/div><\/figure><figure class='gallery-item'>\n\t\t\t<div class='gallery-icon landscape'>\n\t\t\t\t<a data-elementor-open-lightbox=\"yes\" data-elementor-lightbox-slideshow=\"644a1082\" data-elementor-lightbox-title=\"IMG_7336\" data-e-action-hash=\"#elementor-action%3Aaction%3Dlightbox%26settings%3DeyJpZCI6MTM0MCwidXJsIjoiaHR0cHM6XC9cL3d3dy5mZXVlcndlaHItbGllemVuLmF0XC8yMDE4XC93cC1jb250ZW50XC91cGxvYWRzXC8yMDE5XC8wMVwvSU1HXzczMzYuanBnIiwic2xpZGVzaG93IjoiNjQ0YTEwODIifQ%3D%3D\" href='https:\/\/www.feuerwehr-liezen.at\/2018\/wp-content\/uploads\/2019\/01\/IMG_7336.jpg'><img loading=\"lazy\" decoding=\"async\" width=\"1024\" height=\"768\" src=\"https:\/\/www.feuerwehr-liezen.at\/2018\/wp-content\/uploads\/2019\/01\/IMG_7336-1024x768.jpg\" class=\"attachment-large size-large\" alt=\"\" srcset=\"https:\/\/www.feuerwehr-liezen.at\/2018\/wp-content\/uploads\/2019\/01\/IMG_7336-1024x768.jpg 1024w, https:\/\/www.feuerwehr-liezen.at\/2018\/wp-content\/uploads\/2019\/01\/IMG_7336-300x225.jpg 300w, https:\/\/www.feuerwehr-liezen.at\/2018\/wp-content\/uploads\/2019\/01\/IMG_7336-768x576.jpg 768w, https:\/\/www.feuerwehr-liezen.at\/2018\/wp-content\/uploads\/2019\/01\/IMG_7336.jpg 1280w\" sizes=\"(max-width: 1024px) 100vw, 1024px\" \/><\/a>\n\t\t\t<\/div><\/figure>\n\t\t<\/div>\n\t\t<\/div>\n\t\t\t\t\t\t<\/div>\n\t\t\t\t<\/div>\n\t\t\t\t\t<\/div>\n\t\t<\/div>\n\t\t\t\t\t<\/div>\n\t\t<\/section>\n\t\t\t\t<\/div>\n\t\t","protected":false},"excerpt":{"rendered":"<p>GSF Gef\u00e4hrliche Stoffe Fahrzeug Baujahr: 2017 Fahrgestell: Mercedes Atego 1629 Aufbau: Lohr Leistung: 290 PS Das GSF ist ein Spezialfahrzeug, welches bei radioaktiven, biologischen und chemischen Ungl\u00fccksf\u00e4llen zum Einsatz kommt. Es ist f\u00fcr den gesamten Bezirk Liezen zust\u00e4ndig. Neben den gasdichten Schutzanz\u00fcgen der Schutzklasse III befinden sich die verschiedensten Abdichtmaterialien, Pumpen, Beh\u00e4lter, etc. in diesem [&hellip;]<\/p>\n","protected":false},"author":1,"featured_media":1344,"parent":0,"menu_order":0,"comment_status":"closed","ping_status":"closed","template":"","meta":{"_acf_changed":false,"footnotes":""},"class_list":["post-1282","page","type-page","status-publish","has-post-thumbnail","hentry"],"acf":[],"_links":{"self":[{"href":"https:\/\/www.feuerwehr-liezen.at\/2018\/wp-json\/wp\/v2\/pages\/1282","targetHints":{"allow":["GET"]}}],"collection":[{"href":"https:\/\/www.feuerwehr-liezen.at\/2018\/wp-json\/wp\/v2\/pages"}],"about":[{"href":"https:\/\/www.feuerwehr-liezen.at\/2018\/wp-json\/wp\/v2\/types\/page"}],"author":[{"embeddable":true,"href":"https:\/\/www.feuerwehr-liezen.at\/2018\/wp-json\/wp\/v2\/users\/1"}],"replies":[{"embeddable":true,"href":"https:\/\/www.feuerwehr-liezen.at\/2018\/wp-json\/wp\/v2\/comments?post=1282"}],"version-history":[{"count":9,"href":"https:\/\/www.feuerwehr-liezen.at\/2018\/wp-json\/wp\/v2\/pages\/1282\/revisions"}],"predecessor-version":[{"id":2986,"href":"https:\/\/www.feuerwehr-liezen.at\/2018\/wp-json\/wp\/v2\/pages\/1282\/revisions\/2986"}],"wp:featuredmedia":[{"embeddable":true,"href":"https:\/\/www.feuerwehr-liezen.at\/2018\/wp-json\/wp\/v2\/media\/1344"}],"wp:attachment":[{"href":"https:\/\/www.feuerwehr-liezen.at\/2018\/wp-json\/wp\/v2\/media?parent=1282"}],"curies":[{"name":"wp","href":"https:\/\/api.w.org\/{rel}","templated":true}]}}