{"id":1274,"date":"2019-01-11T09:29:00","date_gmt":"2019-01-11T08:29:00","guid":{"rendered":"https:\/\/www.feuerwehr-liezen.at\/2018\/?page_id=1274"},"modified":"2019-03-19T15:28:35","modified_gmt":"2019-03-19T14:28:35","slug":"tlfa-4000","status":"publish","type":"page","link":"https:\/\/www.feuerwehr-liezen.at\/2018\/tlfa-4000\/","title":{"rendered":"TLFA 4000"},"content":{"rendered":"\t\t<div data-elementor-type=\"wp-post\" data-elementor-id=\"1274\" class=\"elementor elementor-1274\" data-elementor-settings=\"{&quot;element_pack_global_tooltip_width&quot;:{&quot;unit&quot;:&quot;px&quot;,&quot;size&quot;:&quot;&quot;,&quot;sizes&quot;:[]},&quot;element_pack_global_tooltip_width_tablet&quot;:{&quot;unit&quot;:&quot;px&quot;,&quot;size&quot;:&quot;&quot;,&quot;sizes&quot;:[]},&quot;element_pack_global_tooltip_width_mobile&quot;:{&quot;unit&quot;:&quot;px&quot;,&quot;size&quot;:&quot;&quot;,&quot;sizes&quot;:[]},&quot;element_pack_global_tooltip_padding&quot;:{&quot;unit&quot;:&quot;px&quot;,&quot;top&quot;:&quot;&quot;,&quot;right&quot;:&quot;&quot;,&quot;bottom&quot;:&quot;&quot;,&quot;left&quot;:&quot;&quot;,&quot;isLinked&quot;:true},&quot;element_pack_global_tooltip_padding_tablet&quot;:{&quot;unit&quot;:&quot;px&quot;,&quot;top&quot;:&quot;&quot;,&quot;right&quot;:&quot;&quot;,&quot;bottom&quot;:&quot;&quot;,&quot;left&quot;:&quot;&quot;,&quot;isLinked&quot;:true},&quot;element_pack_global_tooltip_padding_mobile&quot;:{&quot;unit&quot;:&quot;px&quot;,&quot;top&quot;:&quot;&quot;,&quot;right&quot;:&quot;&quot;,&quot;bottom&quot;:&quot;&quot;,&quot;left&quot;:&quot;&quot;,&quot;isLinked&quot;:true},&quot;element_pack_global_tooltip_border_radius&quot;:{&quot;unit&quot;:&quot;px&quot;,&quot;top&quot;:&quot;&quot;,&quot;right&quot;:&quot;&quot;,&quot;bottom&quot;:&quot;&quot;,&quot;left&quot;:&quot;&quot;,&quot;isLinked&quot;:true},&quot;element_pack_global_tooltip_border_radius_tablet&quot;:{&quot;unit&quot;:&quot;px&quot;,&quot;top&quot;:&quot;&quot;,&quot;right&quot;:&quot;&quot;,&quot;bottom&quot;:&quot;&quot;,&quot;left&quot;:&quot;&quot;,&quot;isLinked&quot;:true},&quot;element_pack_global_tooltip_border_radius_mobile&quot;:{&quot;unit&quot;:&quot;px&quot;,&quot;top&quot;:&quot;&quot;,&quot;right&quot;:&quot;&quot;,&quot;bottom&quot;:&quot;&quot;,&quot;left&quot;:&quot;&quot;,&quot;isLinked&quot;:true}}\" data-elementor-post-type=\"page\">\n\t\t\t\t\t\t<section class=\"elementor-section elementor-top-section elementor-element elementor-element-3ee1dd5c elementor-section-boxed elementor-section-height-default elementor-section-height-default\" data-id=\"3ee1dd5c\" data-element_type=\"section\" data-e-type=\"section\">\n\t\t\t\t\t\t<div class=\"elementor-container elementor-column-gap-default\">\n\t\t\t\t\t<div class=\"elementor-column elementor-col-66 elementor-top-column elementor-element elementor-element-7cf4bd2a\" data-id=\"7cf4bd2a\" data-element_type=\"column\" data-e-type=\"column\">\n\t\t\t<div class=\"elementor-widget-wrap elementor-element-populated\">\n\t\t\t\t\t\t<div class=\"elementor-element elementor-element-4ab55680 elementor-widget elementor-widget-image\" data-id=\"4ab55680\" data-element_type=\"widget\" data-e-type=\"widget\" data-widget_type=\"image.default\">\n\t\t\t\t<div class=\"elementor-widget-container\">\n\t\t\t\t\t\t\t\t\t\t\t\t\t\t\t\t<a href=\"https:\/\/www.feuerwehr-liezen.at\/2018\/wp-content\/uploads\/2019\/01\/tlf1-2.jpg\" data-elementor-open-lightbox=\"yes\" data-e-action-hash=\"#elementor-action%3Aaction%3Dlightbox%26settings%3DeyJpZCI6MTA0MSwidXJsIjoiaHR0cHM6XC9cL3d3dy5mZXVlcndlaHItbGllemVuLmF0XC8yMDE4XC93cC1jb250ZW50XC91cGxvYWRzXC8yMDE5XC8wMVwvdGxmMS0yLmpwZyJ9\">\n\t\t\t\t\t\t\t<img fetchpriority=\"high\" decoding=\"async\" width=\"800\" height=\"600\" src=\"https:\/\/www.feuerwehr-liezen.at\/2018\/wp-content\/uploads\/2019\/01\/tlf1-2.jpg\" class=\"attachment-large size-large wp-image-1041\" alt=\"\" srcset=\"https:\/\/www.feuerwehr-liezen.at\/2018\/wp-content\/uploads\/2019\/01\/tlf1-2.jpg 800w, https:\/\/www.feuerwehr-liezen.at\/2018\/wp-content\/uploads\/2019\/01\/tlf1-2-300x225.jpg 300w, https:\/\/www.feuerwehr-liezen.at\/2018\/wp-content\/uploads\/2019\/01\/tlf1-2-768x576.jpg 768w\" sizes=\"(max-width: 800px) 100vw, 800px\" \/>\t\t\t\t\t\t\t\t<\/a>\n\t\t\t\t\t\t\t\t\t\t\t\t\t\t\t<\/div>\n\t\t\t\t<\/div>\n\t\t\t\t\t<\/div>\n\t\t<\/div>\n\t\t\t\t<div class=\"elementor-column elementor-col-33 elementor-top-column elementor-element elementor-element-927965\" data-id=\"927965\" data-element_type=\"column\" data-e-type=\"column\">\n\t\t\t<div class=\"elementor-widget-wrap elementor-element-populated\">\n\t\t\t\t\t\t<div class=\"elementor-element elementor-element-ae40ef elementor-widget elementor-widget-price-table\" data-id=\"ae40ef\" data-element_type=\"widget\" data-e-type=\"widget\" data-widget_type=\"price-table.default\">\n\t\t\t\t<div class=\"elementor-widget-container\">\n\t\t\t\t\t\n\t\t<div class=\"elementor-price-table\">\n\t\t\t\t\t\t\t<div class=\"elementor-price-table__header\">\n\t\t\t\t\t\t\t\t\t\t\t<h3 class=\"elementor-price-table__heading\">\n\t\t\t\t\t\tTLFA 4000 Liezen\t\t\t\t\t\t<\/h3>\n\t\t\t\t\t\n\t\t\t\t\t\t\t\t\t\t\t<span class=\"elementor-price-table__subheading\">\n\t\t\t\t\t\t\tTankl\u00f6schfahrzeug mit 4000 Liter Wasser\t\t\t\t\t\t<\/span>\n\t\t\t\t\t\t\t\t\t<\/div>\n\t\t\t\n\t\t\t<div class=\"elementor-price-table__price\">\n\t\t\t\t\t\t\t\t\t\t\t\t\n\t\t\t\t\n\t\t\t\t\n\t\t\t\t\t\t\t<\/div>\n\n\t\t\t\t\t\t\t<ul class=\"elementor-price-table__features-list\">\n\t\t\t\t\t\t\t\t\t\t\t<li class=\"elementor-repeater-item-772e4f1\">\n\t\t\t\t\t\t\t<div class=\"elementor-price-table__feature-inner\">\n\t\t\t\t\t\t\t\t\t\t\t\t\t\t\t\t\t\t<i class=\"fa fa-check-circle\" aria-hidden=\"true\"><\/i>\n\t\t\t\t\t\t\t\t\t\t\t\t\t\t\t\t\t\t\t\t\t\t\t\t\t\t\t<span >\n\t\t\t\t\t\t\t\t\t\tBaujahr: 2002\t\t\t\t\t\t\t\t\t<\/span>\n\t\t\t\t\t\t\t\t\t\t\t\t\t\t\t\t<\/div>\n\t\t\t\t\t\t<\/li>\n\t\t\t\t\t\t\t\t\t\t\t<li class=\"elementor-repeater-item-5953fd7\">\n\t\t\t\t\t\t\t<div class=\"elementor-price-table__feature-inner\">\n\t\t\t\t\t\t\t\t\t\t\t\t\t\t\t\t\t\t<i class=\"fa fa-check-circle\" aria-hidden=\"true\"><\/i>\n\t\t\t\t\t\t\t\t\t\t\t\t\t\t\t\t\t\t\t\t\t\t\t\t\t\t\t<span >\n\t\t\t\t\t\t\t\t\t\tFahrgestell: Iveco\t\t\t\t\t\t\t\t\t<\/span>\n\t\t\t\t\t\t\t\t\t\t\t\t\t\t\t\t<\/div>\n\t\t\t\t\t\t<\/li>\n\t\t\t\t\t\t\t\t\t\t\t<li class=\"elementor-repeater-item-8da847d\">\n\t\t\t\t\t\t\t<div class=\"elementor-price-table__feature-inner\">\n\t\t\t\t\t\t\t\t\t\t\t\t\t\t\t\t\t\t<i class=\"fa fa-check-circle\" aria-hidden=\"true\"><\/i>\n\t\t\t\t\t\t\t\t\t\t\t\t\t\t\t\t\t\t\t\t\t\t\t\t\t\t\t<span >\n\t\t\t\t\t\t\t\t\t\tAufbau: Lohr-Magirus\t\t\t\t\t\t\t\t\t<\/span>\n\t\t\t\t\t\t\t\t\t\t\t\t\t\t\t\t<\/div>\n\t\t\t\t\t\t<\/li>\n\t\t\t\t\t\t\t\t\t\t\t<li class=\"elementor-repeater-item-f8cda61\">\n\t\t\t\t\t\t\t<div class=\"elementor-price-table__feature-inner\">\n\t\t\t\t\t\t\t\t\t\t\t\t\t\t\t\t\t\t<i class=\"fa fa-check-circle\" aria-hidden=\"true\"><\/i>\n\t\t\t\t\t\t\t\t\t\t\t\t\t\t\t\t\t\t\t\t\t\t\t\t\t\t\t<span >\n\t\t\t\t\t\t\t\t\t\tLeistung: 380 PS\t\t\t\t\t\t\t\t\t<\/span>\n\t\t\t\t\t\t\t\t\t\t\t\t\t\t\t\t<\/div>\n\t\t\t\t\t\t<\/li>\n\t\t\t\t\t\t\t\t\t<\/ul>\n\t\t\t\n\t\t\t\t\t<\/div>\n\n\t\t\t\t\t<div class=\"elementor-ribbon\">\n\t\t\t\t<div class=\"elementor-ribbon-inner\">\n\t\t\t\t\tTLFA 4000\t\t\t\t<\/div>\n\t\t\t<\/div>\n\t\t\t\t\t\t\t<\/div>\n\t\t\t\t<\/div>\n\t\t\t\t\t<\/div>\n\t\t<\/div>\n\t\t\t\t\t<\/div>\n\t\t<\/section>\n\t\t\t\t<section class=\"elementor-section elementor-top-section elementor-element elementor-element-440b216f elementor-section-boxed elementor-section-height-default elementor-section-height-default\" data-id=\"440b216f\" data-element_type=\"section\" data-e-type=\"section\" data-settings=\"{&quot;background_background&quot;:&quot;classic&quot;}\">\n\t\t\t\t\t\t<div class=\"elementor-container elementor-column-gap-default\">\n\t\t\t\t\t<div class=\"elementor-column elementor-col-100 elementor-top-column elementor-element elementor-element-29436c61\" data-id=\"29436c61\" data-element_type=\"column\" data-e-type=\"column\">\n\t\t\t<div class=\"elementor-widget-wrap elementor-element-populated\">\n\t\t\t\t\t\t<div class=\"elementor-element elementor-element-3532407b gallery-spacing-custom elementor-widget elementor-widget-image-gallery\" data-id=\"3532407b\" data-element_type=\"widget\" data-e-type=\"widget\" data-widget_type=\"image-gallery.default\">\n\t\t\t\t<div class=\"elementor-widget-container\">\n\t\t\t\t\t\t\t<div class=\"elementor-image-gallery\">\n\t\t\t<div id='gallery-1' class='gallery galleryid-1274 gallery-columns-3 gallery-size-medium'><figure class='gallery-item'>\n\t\t\t<div class='gallery-icon landscape'>\n\t\t\t\t<a data-elementor-open-lightbox=\"yes\" data-elementor-lightbox-slideshow=\"3532407b\" data-e-action-hash=\"#elementor-action%3Aaction%3Dlightbox%26settings%3DeyJpZCI6MTA0MSwidXJsIjoiaHR0cHM6XC9cL3d3dy5mZXVlcndlaHItbGllemVuLmF0XC8yMDE4XC93cC1jb250ZW50XC91cGxvYWRzXC8yMDE5XC8wMVwvdGxmMS0yLmpwZyIsInNsaWRlc2hvdyI6IjM1MzI0MDdiIn0%3D\" href='https:\/\/www.feuerwehr-liezen.at\/2018\/wp-content\/uploads\/2019\/01\/tlf1-2.jpg'><img decoding=\"async\" width=\"300\" height=\"225\" src=\"https:\/\/www.feuerwehr-liezen.at\/2018\/wp-content\/uploads\/2019\/01\/tlf1-2-300x225.jpg\" class=\"attachment-medium size-medium\" alt=\"\" srcset=\"https:\/\/www.feuerwehr-liezen.at\/2018\/wp-content\/uploads\/2019\/01\/tlf1-2-300x225.jpg 300w, https:\/\/www.feuerwehr-liezen.at\/2018\/wp-content\/uploads\/2019\/01\/tlf1-2-768x576.jpg 768w, https:\/\/www.feuerwehr-liezen.at\/2018\/wp-content\/uploads\/2019\/01\/tlf1-2.jpg 800w\" sizes=\"(max-width: 300px) 100vw, 300px\" \/><\/a>\n\t\t\t<\/div><\/figure><figure class='gallery-item'>\n\t\t\t<div class='gallery-icon landscape'>\n\t\t\t\t<a data-elementor-open-lightbox=\"yes\" data-elementor-lightbox-slideshow=\"3532407b\" data-e-action-hash=\"#elementor-action%3Aaction%3Dlightbox%26settings%3DeyJpZCI6MTA0MCwidXJsIjoiaHR0cHM6XC9cL3d3dy5mZXVlcndlaHItbGllemVuLmF0XC8yMDE4XC93cC1jb250ZW50XC91cGxvYWRzXC8yMDE5XC8wMVwvdGxmMi5qcGciLCJzbGlkZXNob3ciOiIzNTMyNDA3YiJ9\" href='https:\/\/www.feuerwehr-liezen.at\/2018\/wp-content\/uploads\/2019\/01\/tlf2.jpg'><img decoding=\"async\" width=\"300\" height=\"225\" src=\"https:\/\/www.feuerwehr-liezen.at\/2018\/wp-content\/uploads\/2019\/01\/tlf2-300x225.jpg\" class=\"attachment-medium size-medium\" alt=\"\" srcset=\"https:\/\/www.feuerwehr-liezen.at\/2018\/wp-content\/uploads\/2019\/01\/tlf2-300x225.jpg 300w, https:\/\/www.feuerwehr-liezen.at\/2018\/wp-content\/uploads\/2019\/01\/tlf2-768x576.jpg 768w, https:\/\/www.feuerwehr-liezen.at\/2018\/wp-content\/uploads\/2019\/01\/tlf2.jpg 800w\" sizes=\"(max-width: 300px) 100vw, 300px\" \/><\/a>\n\t\t\t<\/div><\/figure><figure class='gallery-item'>\n\t\t\t<div class='gallery-icon landscape'>\n\t\t\t\t<a data-elementor-open-lightbox=\"yes\" data-elementor-lightbox-slideshow=\"3532407b\" data-e-action-hash=\"#elementor-action%3Aaction%3Dlightbox%26settings%3DeyJpZCI6MTAzNywidXJsIjoiaHR0cHM6XC9cL3d3dy5mZXVlcndlaHItbGllemVuLmF0XC8yMDE4XC93cC1jb250ZW50XC91cGxvYWRzXC8yMDE5XC8wMVwvdGxmNS5qcGciLCJzbGlkZXNob3ciOiIzNTMyNDA3YiJ9\" href='https:\/\/www.feuerwehr-liezen.at\/2018\/wp-content\/uploads\/2019\/01\/tlf5.jpg'><img loading=\"lazy\" decoding=\"async\" width=\"300\" height=\"225\" src=\"https:\/\/www.feuerwehr-liezen.at\/2018\/wp-content\/uploads\/2019\/01\/tlf5-300x225.jpg\" class=\"attachment-medium size-medium\" alt=\"\" srcset=\"https:\/\/www.feuerwehr-liezen.at\/2018\/wp-content\/uploads\/2019\/01\/tlf5-300x225.jpg 300w, https:\/\/www.feuerwehr-liezen.at\/2018\/wp-content\/uploads\/2019\/01\/tlf5-768x576.jpg 768w, https:\/\/www.feuerwehr-liezen.at\/2018\/wp-content\/uploads\/2019\/01\/tlf5.jpg 800w\" sizes=\"(max-width: 300px) 100vw, 300px\" \/><\/a>\n\t\t\t<\/div><\/figure><figure class='gallery-item'>\n\t\t\t<div class='gallery-icon landscape'>\n\t\t\t\t<a data-elementor-open-lightbox=\"yes\" data-elementor-lightbox-slideshow=\"3532407b\" data-e-action-hash=\"#elementor-action%3Aaction%3Dlightbox%26settings%3DeyJpZCI6MTAzMywidXJsIjoiaHR0cHM6XC9cL3d3dy5mZXVlcndlaHItbGllemVuLmF0XC8yMDE4XC93cC1jb250ZW50XC91cGxvYWRzXC8yMDE5XC8wMVwvdGxmOC5qcGciLCJzbGlkZXNob3ciOiIzNTMyNDA3YiJ9\" href='https:\/\/www.feuerwehr-liezen.at\/2018\/wp-content\/uploads\/2019\/01\/tlf8.jpg'><img loading=\"lazy\" decoding=\"async\" width=\"300\" height=\"225\" src=\"https:\/\/www.feuerwehr-liezen.at\/2018\/wp-content\/uploads\/2019\/01\/tlf8-300x225.jpg\" class=\"attachment-medium size-medium\" alt=\"\" srcset=\"https:\/\/www.feuerwehr-liezen.at\/2018\/wp-content\/uploads\/2019\/01\/tlf8-300x225.jpg 300w, https:\/\/www.feuerwehr-liezen.at\/2018\/wp-content\/uploads\/2019\/01\/tlf8-768x576.jpg 768w, https:\/\/www.feuerwehr-liezen.at\/2018\/wp-content\/uploads\/2019\/01\/tlf8.jpg 800w\" sizes=\"(max-width: 300px) 100vw, 300px\" \/><\/a>\n\t\t\t<\/div><\/figure><figure class='gallery-item'>\n\t\t\t<div class='gallery-icon landscape'>\n\t\t\t\t<a data-elementor-open-lightbox=\"yes\" data-elementor-lightbox-slideshow=\"3532407b\" data-e-action-hash=\"#elementor-action%3Aaction%3Dlightbox%26settings%3DeyJpZCI6MTAzOSwidXJsIjoiaHR0cHM6XC9cL3d3dy5mZXVlcndlaHItbGllemVuLmF0XC8yMDE4XC93cC1jb250ZW50XC91cGxvYWRzXC8yMDE5XC8wMVwvdGxmMy5qcGciLCJzbGlkZXNob3ciOiIzNTMyNDA3YiJ9\" href='https:\/\/www.feuerwehr-liezen.at\/2018\/wp-content\/uploads\/2019\/01\/tlf3.jpg'><img loading=\"lazy\" decoding=\"async\" width=\"300\" height=\"225\" src=\"https:\/\/www.feuerwehr-liezen.at\/2018\/wp-content\/uploads\/2019\/01\/tlf3-300x225.jpg\" class=\"attachment-medium size-medium\" alt=\"\" srcset=\"https:\/\/www.feuerwehr-liezen.at\/2018\/wp-content\/uploads\/2019\/01\/tlf3-300x225.jpg 300w, https:\/\/www.feuerwehr-liezen.at\/2018\/wp-content\/uploads\/2019\/01\/tlf3-768x576.jpg 768w, https:\/\/www.feuerwehr-liezen.at\/2018\/wp-content\/uploads\/2019\/01\/tlf3.jpg 800w\" sizes=\"(max-width: 300px) 100vw, 300px\" \/><\/a>\n\t\t\t<\/div><\/figure><figure class='gallery-item'>\n\t\t\t<div class='gallery-icon landscape'>\n\t\t\t\t<a data-elementor-open-lightbox=\"yes\" data-elementor-lightbox-slideshow=\"3532407b\" data-e-action-hash=\"#elementor-action%3Aaction%3Dlightbox%26settings%3DeyJpZCI6MTAzOCwidXJsIjoiaHR0cHM6XC9cL3d3dy5mZXVlcndlaHItbGllemVuLmF0XC8yMDE4XC93cC1jb250ZW50XC91cGxvYWRzXC8yMDE5XC8wMVwvdGxmNC5qcGciLCJzbGlkZXNob3ciOiIzNTMyNDA3YiJ9\" href='https:\/\/www.feuerwehr-liezen.at\/2018\/wp-content\/uploads\/2019\/01\/tlf4.jpg'><img loading=\"lazy\" decoding=\"async\" width=\"300\" height=\"225\" src=\"https:\/\/www.feuerwehr-liezen.at\/2018\/wp-content\/uploads\/2019\/01\/tlf4-300x225.jpg\" class=\"attachment-medium size-medium\" alt=\"\" srcset=\"https:\/\/www.feuerwehr-liezen.at\/2018\/wp-content\/uploads\/2019\/01\/tlf4-300x225.jpg 300w, https:\/\/www.feuerwehr-liezen.at\/2018\/wp-content\/uploads\/2019\/01\/tlf4-768x576.jpg 768w, https:\/\/www.feuerwehr-liezen.at\/2018\/wp-content\/uploads\/2019\/01\/tlf4.jpg 800w\" sizes=\"(max-width: 300px) 100vw, 300px\" \/><\/a>\n\t\t\t<\/div><\/figure><figure class='gallery-item'>\n\t\t\t<div class='gallery-icon landscape'>\n\t\t\t\t<a data-elementor-open-lightbox=\"yes\" data-elementor-lightbox-slideshow=\"3532407b\" data-e-action-hash=\"#elementor-action%3Aaction%3Dlightbox%26settings%3DeyJpZCI6MTAzNiwidXJsIjoiaHR0cHM6XC9cL3d3dy5mZXVlcndlaHItbGllemVuLmF0XC8yMDE4XC93cC1jb250ZW50XC91cGxvYWRzXC8yMDE5XC8wMVwvdGxmNi5qcGciLCJzbGlkZXNob3ciOiIzNTMyNDA3YiJ9\" href='https:\/\/www.feuerwehr-liezen.at\/2018\/wp-content\/uploads\/2019\/01\/tlf6.jpg'><img loading=\"lazy\" decoding=\"async\" width=\"300\" height=\"225\" src=\"https:\/\/www.feuerwehr-liezen.at\/2018\/wp-content\/uploads\/2019\/01\/tlf6-300x225.jpg\" class=\"attachment-medium size-medium\" alt=\"\" srcset=\"https:\/\/www.feuerwehr-liezen.at\/2018\/wp-content\/uploads\/2019\/01\/tlf6-300x225.jpg 300w, https:\/\/www.feuerwehr-liezen.at\/2018\/wp-content\/uploads\/2019\/01\/tlf6-768x576.jpg 768w, https:\/\/www.feuerwehr-liezen.at\/2018\/wp-content\/uploads\/2019\/01\/tlf6.jpg 800w\" sizes=\"(max-width: 300px) 100vw, 300px\" \/><\/a>\n\t\t\t<\/div><\/figure><figure class='gallery-item'>\n\t\t\t<div class='gallery-icon landscape'>\n\t\t\t\t<a data-elementor-open-lightbox=\"yes\" data-elementor-lightbox-slideshow=\"3532407b\" data-e-action-hash=\"#elementor-action%3Aaction%3Dlightbox%26settings%3DeyJpZCI6MTAzNCwidXJsIjoiaHR0cHM6XC9cL3d3dy5mZXVlcndlaHItbGllemVuLmF0XC8yMDE4XC93cC1jb250ZW50XC91cGxvYWRzXC8yMDE5XC8wMVwvdGxmNy5qcGciLCJzbGlkZXNob3ciOiIzNTMyNDA3YiJ9\" href='https:\/\/www.feuerwehr-liezen.at\/2018\/wp-content\/uploads\/2019\/01\/tlf7.jpg'><img loading=\"lazy\" decoding=\"async\" width=\"300\" height=\"225\" src=\"https:\/\/www.feuerwehr-liezen.at\/2018\/wp-content\/uploads\/2019\/01\/tlf7-300x225.jpg\" class=\"attachment-medium size-medium\" alt=\"\" srcset=\"https:\/\/www.feuerwehr-liezen.at\/2018\/wp-content\/uploads\/2019\/01\/tlf7-300x225.jpg 300w, https:\/\/www.feuerwehr-liezen.at\/2018\/wp-content\/uploads\/2019\/01\/tlf7-768x576.jpg 768w, https:\/\/www.feuerwehr-liezen.at\/2018\/wp-content\/uploads\/2019\/01\/tlf7.jpg 800w\" sizes=\"(max-width: 300px) 100vw, 300px\" \/><\/a>\n\t\t\t<\/div><\/figure>\n\t\t<\/div>\n\t\t<\/div>\n\t\t\t\t\t\t<\/div>\n\t\t\t\t<\/div>\n\t\t\t\t\t<\/div>\n\t\t<\/div>\n\t\t\t\t\t<\/div>\n\t\t<\/section>\n\t\t\t\t<\/div>\n\t\t","protected":false},"excerpt":{"rendered":"<p>TLFA 4000 Liezen Tankl\u00f6schfahrzeug mit 4000 Liter Wasser Baujahr: 2002 Fahrgestell: Iveco Aufbau: Lohr-Magirus Leistung: 380 PS Das Tankl\u00f6schfahrzeug f\u00fchrt st\u00e4ndig 4000 Liter Wasser mit sich. Es garantiert die sofortige Versorgung der Einsatzstelle mit L\u00f6schwasser. Ausgestattet mit 2 Hochdruckrohren, schwerem Atemschutz und einem Wasserwerfer wird ein sofortiger Schnellangriff im Brandfall erm\u00f6glicht. Weiters befindet sich auch [&hellip;]<\/p>\n","protected":false},"author":1,"featured_media":1250,"parent":0,"menu_order":0,"comment_status":"closed","ping_status":"closed","template":"","meta":{"_acf_changed":false,"footnotes":""},"class_list":["post-1274","page","type-page","status-publish","has-post-thumbnail","hentry"],"acf":[],"_links":{"self":[{"href":"https:\/\/www.feuerwehr-liezen.at\/2018\/wp-json\/wp\/v2\/pages\/1274","targetHints":{"allow":["GET"]}}],"collection":[{"href":"https:\/\/www.feuerwehr-liezen.at\/2018\/wp-json\/wp\/v2\/pages"}],"about":[{"href":"https:\/\/www.feuerwehr-liezen.at\/2018\/wp-json\/wp\/v2\/types\/page"}],"author":[{"embeddable":true,"href":"https:\/\/www.feuerwehr-liezen.at\/2018\/wp-json\/wp\/v2\/users\/1"}],"replies":[{"embeddable":true,"href":"https:\/\/www.feuerwehr-liezen.at\/2018\/wp-json\/wp\/v2\/comments?post=1274"}],"version-history":[{"count":5,"href":"https:\/\/www.feuerwehr-liezen.at\/2018\/wp-json\/wp\/v2\/pages\/1274\/revisions"}],"predecessor-version":[{"id":2978,"href":"https:\/\/www.feuerwehr-liezen.at\/2018\/wp-json\/wp\/v2\/pages\/1274\/revisions\/2978"}],"wp:featuredmedia":[{"embeddable":true,"href":"https:\/\/www.feuerwehr-liezen.at\/2018\/wp-json\/wp\/v2\/media\/1250"}],"wp:attachment":[{"href":"https:\/\/www.feuerwehr-liezen.at\/2018\/wp-json\/wp\/v2\/media?parent=1274"}],"curies":[{"name":"wp","href":"https:\/\/api.w.org\/{rel}","templated":true}]}}